{"id":9266,"date":"2021-09-30T14:28:50","date_gmt":"2021-09-30T10:28:50","guid":{"rendered":"http:\/\/worldbaggagenetwork.com\/politica-sulla-privacy\/"},"modified":"2021-09-30T14:40:07","modified_gmt":"2021-09-30T10:40:07","slug":"politica-sulla-privacy","status":"publish","type":"page","link":"https:\/\/worldbaggagenetwork.com\/it\/politica-sulla-privacy\/","title":{"rendered":"Politica sulla privacy"},"content":{"rendered":"\n<h2 class=\"wp-block-heading\">Chi siamo<\/h2>\n\n<p>La seguente politica sulla privacy si applica ai servizi del sito web forniti da World Baggage Network International Ltd (World Baggage Network o WBN) a www.worldbaggagenetwork.com<\/p>\n\n<h2 class=\"wp-block-heading\">Quali dati personali raccogliamo e perch\u00e9 li raccogliamo<\/h2>\n\n<h3 class=\"wp-block-heading\">Commenti<\/h3>\n\n<p>Quando i visitatori lasciano commenti sul sito, raccogliamo i dati mostrati nel modulo dei commenti, e anche l&#8217;indirizzo IP del visitatore e la stringa dell&#8217;agente utente del browser per aiutare il rilevamento dello spam.<\/p>\n\n<p>Una stringa anonimizzata creata dal tuo indirizzo email (chiamata anche hash) pu\u00f2 essere fornita al servizio Gravatar per vedere se lo stai usando. L&#8217;informativa sulla privacy del servizio Gravatar \u00e8 disponibile qui: https:\/\/automattic.com\/privacy\/. Dopo l&#8217;approvazione del tuo commento, la tua immagine del profilo \u00e8 visibile al pubblico nel contesto del tuo commento.<\/p>\n\n<h3 class=\"wp-block-heading\">Media<\/h3>\n\n<p>Se carichi immagini sul sito web, dovresti evitare di caricare immagini con dati di posizione incorporati (EXIF GPS) inclusi. I visitatori del sito web possono scaricare ed estrarre qualsiasi dato di localizzazione dalle immagini sul sito web.<\/p>\n\n<h3 class=\"wp-block-heading\">Moduli di contatto \/ moduli di preventivo<\/h3>\n\n<p>Quando usi il nostro servizio, potremmo chiederti di fornirci alcune informazioni di identificazione personale che possono essere utilizzate per contattarti o identificarti. Le informazioni di identificazione personale possono includere, ma non sono limitate a:<\/p>\n\n<ul class=\"wp-block-list\"><li>Indirizzo e-mail<\/li><li>Nome e cognome<\/li><li>Numero di telefono<\/li><li>Indirizzo<\/li><\/ul>\n\n<h3 class=\"wp-block-heading\" id=\"cookies\">Cookie<\/h3>\n\n<p>I cookie sono file contenenti piccoli dati che possono includere un identificatore unico anonimo. I cookie sono inviati al suo browser da un sito web e memorizzati sul suo dispositivo. Le tecnologie di tracciamento utilizzate sono anche beacon, tag e script per raccogliere e tenere traccia delle informazioni e per migliorare e analizzare il nostro servizio.<\/p>\n\n<h4 class=\"wp-block-heading\">Si usano i cookie sul sito?<\/h4>\n\n<p>Utilizziamo i cookie e tecnologie di tracciamento simili per tracciare l&#8217;attivit\u00e0 del nostro servizio e per conservare alcune informazioni.<\/p>\n\n<p>Pu\u00f2 chiedere al suo browser di rifiutare tutti i cookie o di indicare quando un cookie viene inviato. Tuttavia, se non accetta i cookie, potrebbe non essere in grado di utilizzare alcune parti del nostro servizio.<\/p>\n\n<p>Se pubblicate un commento sul nostro sito, vi sar\u00e0 proposto di salvare il vostro nome, indirizzo e-mail e sito web nei cookie. \u00c8 solo per tua comodit\u00e0, in modo che tu non debba inserire queste informazioni se pubblichi un altro commento pi\u00f9 tardi. Questi cookie scadono dopo un anno.<\/p>\n\n<p>Se visitate la nostra pagina di accesso, imposteremo un cookie temporaneo per determinare se il vostro browser accetta i cookie. Questo cookie non contiene dati personali e viene eliminato quando si chiude il browser.<\/p>\n\n<p>Quando accedi, impostiamo anche diversi cookie per salvare le tue informazioni di accesso e le tue scelte di visualizzazione dello schermo. I cookie di accesso durano due giorni, e i cookie delle opzioni dello schermo durano un anno. Se selezioni &#8220;Ricordami&#8221;, il tuo login persister\u00e0 per due settimane. Se ti disconnetti dal tuo account, i cookie di accesso saranno rimossi.<\/p>\n\n<p>Se modifichi o pubblichi un articolo, un ulteriore cookie sar\u00e0 salvato nel tuo browser. Questo cookie non include dati personali e indica semplicemente l&#8217;ID del post dell&#8217;articolo che hai appena modificato. Scade dopo 1 giorno.<\/p>\n\n<h4 class=\"wp-block-heading\">Contenuto incorporato da altri siti web<\/h4>\n\n<p>Gli articoli su questo sito possono includere contenuti incorporati (ad esempio video, immagini, articoli, ecc.). Il contenuto incorporato da altri siti web si comporta esattamente come se il visitatore avesse visitato l&#8217;altro sito.<\/p>\n\n<p>Questi siti web possono raccogliere dati sull&#8217;utente, utilizzare cookie, incorporare ulteriori tracciamenti di terze parti e monitorare l&#8217;interazione dell&#8217;utente con il contenuto incorporato, compresa la tracciabilit\u00e0 dell&#8217;interazione con il contenuto incorporato se l&#8217;utente ha un account e ha effettuato l&#8217;accesso a quel sito web.<\/p>\n\n<h4 class=\"wp-block-heading\">Statistiche e misurazione del pubblico<\/h4>\n\n<p>Le statistiche e le metriche del pubblico sono raccolte da Google Analytics.<\/p>\n\n<h2 class=\"wp-block-heading\">Con chi condividiamo i suoi dati<\/h2>\n\n<p>Quando utilizza i nostri servizi o invia un modulo, condivideremo i suoi dati con il nostro partner registrato situato nel paese interessato dalla sua richiesta. Questi dati saranno utilizzati solo per fornire il servizio richiesto.<\/p>\n\n<h2 class=\"wp-block-heading\">Per quanto tempo conserviamo i suoi dati<\/h2>\n\n<p>Se lasci un commento, il commento e i suoi metadati sono conservati a tempo indeterminato. Questo \u00e8 cos\u00ec che possiamo riconoscere e approvare qualsiasi commento successivo automaticamente invece di tenerli in una coda di moderazione.<\/p>\n\n<p>Per gli utenti che si registrano sul nostro sito web (se presenti), memorizziamo anche le informazioni personali che forniscono nel loro profilo utente. Tutti gli utenti possono vedere, modificare o cancellare le loro informazioni personali in qualsiasi momento (tranne che non possono cambiare il loro nome utente). Anche gli amministratori del sito possono vedere e modificare queste informazioni.<\/p>\n\n<h2 class=\"wp-block-heading\">Quali diritti ha sui suoi dati<\/h2>\n\n<p>Se hai un account o se hai lasciato commenti sul sito, puoi richiedere di ricevere un file contenente tutti i dati personali che abbiamo su di te, compresi quelli che ci hai fornito. Potete anche richiedere la cancellazione dei dati personali che vi riguardano. Questo non tiene conto dei dati immagazzinati per ragioni amministrative, legali o di sicurezza.<\/p>\n\n<p>Questi sono i diritti riassunti che lei ha secondo la legge sulla protezione dei dati<\/p>\n\n<ul class=\"wp-block-list\"><li>Il diritto di accesso<\/li><li>Il diritto alla rettifica<\/li><li>Il diritto alla cancellazione<\/li><li>Il diritto di limitare il trattamento<\/li><li>Il diritto di opporsi al trattamento<\/li><li>Il diritto alla portabilit\u00e0 dei dati<\/li><li>Il diritto di presentare un reclamo a un&#8217;autorit\u00e0 di vigilanza<\/li><li>Il diritto di ritirare il consenso<\/li><\/ul>\n\n<h2 class=\"wp-block-heading\">Dove inviamo i suoi dati<\/h2>\n\n<p>I commenti dei visitatori possono essere controllati attraverso un servizio automatico di rilevamento dello spam.<\/p>\n\n<h2 class=\"wp-block-heading\">Le sue informazioni di contatto<\/h2>\n\n<p>I visitatori e i clienti autorizzati possono contattarci per aggiornare le informazioni di identificazione personale che li riguardano o per correggere eventuali inesattezze inviandoci un&#8217;e-mail a admin@worldbagnet.com<\/p>\n","protected":false},"excerpt":{"rendered":"<p>Chi siamo La seguente politica sulla privacy si applica ai servizi del sito web forniti da World Baggage Network International Ltd (World Baggage Network o WBN) a www.worldbaggagenetwork.com Quali dati personali raccogliamo e perch\u00e9 li raccogliamo Commenti Quando i visitatori lasciano commenti sul sito, raccogliamo i dati mostrati nel modulo dei commenti, e anche l&#8217;indirizzo [&hellip;]<\/p>\n","protected":false},"author":1,"featured_media":0,"parent":0,"menu_order":0,"comment_status":"closed","ping_status":"open","template":"","meta":{"footnotes":""},"class_list":["post-9266","page","type-page","status-publish","hentry"],"yoast_head":"<!-- This site is optimized with the Yoast SEO plugin v27.5 - https:\/\/yoast.com\/product\/yoast-seo-wordpress\/ -->\n<title>Politica sulla privacy - World Baggage Network<\/title>\n<meta name=\"robots\" content=\"index, follow, max-snippet:-1, max-image-preview:large, max-video-preview:-1\" \/>\n<link rel=\"canonical\" href=\"https:\/\/worldbaggagenetwork.com\/it\/politica-sulla-privacy\/\" \/>\n<meta property=\"og:locale\" content=\"it_IT\" \/>\n<meta property=\"og:type\" content=\"article\" \/>\n<meta property=\"og:title\" content=\"Politica sulla privacy - World Baggage Network\" \/>\n<meta property=\"og:description\" content=\"Chi siamo La seguente politica sulla privacy si applica ai servizi del sito web forniti da World Baggage Network International Ltd (World Baggage Network o WBN) a www.worldbaggagenetwork.com Quali dati personali raccogliamo e perch\u00e9 li raccogliamo Commenti Quando i visitatori lasciano commenti sul sito, raccogliamo i dati mostrati nel modulo dei commenti, e anche l&#8217;indirizzo [&hellip;]\" \/>\n<meta property=\"og:url\" content=\"https:\/\/worldbaggagenetwork.com\/it\/politica-sulla-privacy\/\" \/>\n<meta property=\"og:site_name\" content=\"World Baggage Network\" \/>\n<meta property=\"article:publisher\" content=\"https:\/\/www.facebook.com\/WorldBaggageNetwork\/\" \/>\n<meta property=\"article:modified_time\" content=\"2021-09-30T10:40:07+00:00\" \/>\n<meta name=\"twitter:card\" content=\"summary_large_image\" \/>\n<meta name=\"twitter:site\" content=\"@worldbagnet\" \/>\n<meta name=\"twitter:label1\" content=\"Tempo di lettura stimato\" \/>\n\t<meta name=\"twitter:data1\" content=\"5 minuti\" \/>\n<script type=\"application\/ld+json\" class=\"yoast-schema-graph\">{\"@context\":\"https:\\\/\\\/schema.org\",\"@graph\":[{\"@type\":\"WebPage\",\"@id\":\"https:\\\/\\\/worldbaggagenetwork.com\\\/it\\\/politica-sulla-privacy\\\/\",\"url\":\"https:\\\/\\\/worldbaggagenetwork.com\\\/it\\\/politica-sulla-privacy\\\/\",\"name\":\"Politica sulla privacy - World Baggage Network\",\"isPartOf\":{\"@id\":\"https:\\\/\\\/worldbaggagenetwork.com\\\/it\\\/#website\"},\"datePublished\":\"2021-09-30T10:28:50+00:00\",\"dateModified\":\"2021-09-30T10:40:07+00:00\",\"breadcrumb\":{\"@id\":\"https:\\\/\\\/worldbaggagenetwork.com\\\/it\\\/politica-sulla-privacy\\\/#breadcrumb\"},\"inLanguage\":\"it-IT\",\"potentialAction\":[{\"@type\":\"ReadAction\",\"target\":[\"https:\\\/\\\/worldbaggagenetwork.com\\\/it\\\/politica-sulla-privacy\\\/\"]}]},{\"@type\":\"BreadcrumbList\",\"@id\":\"https:\\\/\\\/worldbaggagenetwork.com\\\/it\\\/politica-sulla-privacy\\\/#breadcrumb\",\"itemListElement\":[{\"@type\":\"ListItem\",\"position\":1,\"name\":\"Home\",\"item\":\"https:\\\/\\\/worldbaggagenetwork.com\\\/it\\\/benvenuto\\\/\"},{\"@type\":\"ListItem\",\"position\":2,\"name\":\"Politica sulla privacy\"}]},{\"@type\":\"WebSite\",\"@id\":\"https:\\\/\\\/worldbaggagenetwork.com\\\/it\\\/#website\",\"url\":\"https:\\\/\\\/worldbaggagenetwork.com\\\/it\\\/\",\"name\":\"World Baggage Network\",\"description\":\"Excess Luggage \\\/ Personal Effects Shipping\",\"publisher\":{\"@id\":\"https:\\\/\\\/worldbaggagenetwork.com\\\/it\\\/#organization\"},\"potentialAction\":[{\"@type\":\"SearchAction\",\"target\":{\"@type\":\"EntryPoint\",\"urlTemplate\":\"https:\\\/\\\/worldbaggagenetwork.com\\\/it\\\/?s={search_term_string}\"},\"query-input\":{\"@type\":\"PropertyValueSpecification\",\"valueRequired\":true,\"valueName\":\"search_term_string\"}}],\"inLanguage\":\"it-IT\"},{\"@type\":\"Organization\",\"@id\":\"https:\\\/\\\/worldbaggagenetwork.com\\\/it\\\/#organization\",\"name\":\"World Baggage Network\",\"url\":\"https:\\\/\\\/worldbaggagenetwork.com\\\/it\\\/\",\"logo\":{\"@type\":\"ImageObject\",\"inLanguage\":\"it-IT\",\"@id\":\"https:\\\/\\\/worldbaggagenetwork.com\\\/it\\\/#\\\/schema\\\/logo\\\/image\\\/\",\"url\":\"http:\\\/\\\/worldbaggagenetwork.com\\\/wp-content\\\/uploads\\\/2021\\\/01\\\/WBN_Logo.png\",\"contentUrl\":\"http:\\\/\\\/worldbaggagenetwork.com\\\/wp-content\\\/uploads\\\/2021\\\/01\\\/WBN_Logo.png\",\"width\":170,\"height\":80,\"caption\":\"World Baggage Network\"},\"image\":{\"@id\":\"https:\\\/\\\/worldbaggagenetwork.com\\\/it\\\/#\\\/schema\\\/logo\\\/image\\\/\"},\"sameAs\":[\"https:\\\/\\\/www.facebook.com\\\/WorldBaggageNetwork\\\/\",\"https:\\\/\\\/x.com\\\/worldbagnet\",\"https:\\\/\\\/www.instagram.com\\\/worldbaggagenetwork\\\/\",\"https:\\\/\\\/www.linkedin.com\\\/company\\\/world-baggage-network-international\\\/\"]}]}<\/script>\n<!-- \/ Yoast SEO plugin. -->","yoast_head_json":{"title":"Politica sulla privacy - World Baggage Network","robots":{"index":"index","follow":"follow","max-snippet":"max-snippet:-1","max-image-preview":"max-image-preview:large","max-video-preview":"max-video-preview:-1"},"canonical":"https:\/\/worldbaggagenetwork.com\/it\/politica-sulla-privacy\/","og_locale":"it_IT","og_type":"article","og_title":"Politica sulla privacy - World Baggage Network","og_description":"Chi siamo La seguente politica sulla privacy si applica ai servizi del sito web forniti da World Baggage Network International Ltd (World Baggage Network o WBN) a www.worldbaggagenetwork.com Quali dati personali raccogliamo e perch\u00e9 li raccogliamo Commenti Quando i visitatori lasciano commenti sul sito, raccogliamo i dati mostrati nel modulo dei commenti, e anche l&#8217;indirizzo [&hellip;]","og_url":"https:\/\/worldbaggagenetwork.com\/it\/politica-sulla-privacy\/","og_site_name":"World Baggage Network","article_publisher":"https:\/\/www.facebook.com\/WorldBaggageNetwork\/","article_modified_time":"2021-09-30T10:40:07+00:00","twitter_card":"summary_large_image","twitter_site":"@worldbagnet","twitter_misc":{"Tempo di lettura stimato":"5 minuti"},"schema":{"@context":"https:\/\/schema.org","@graph":[{"@type":"WebPage","@id":"https:\/\/worldbaggagenetwork.com\/it\/politica-sulla-privacy\/","url":"https:\/\/worldbaggagenetwork.com\/it\/politica-sulla-privacy\/","name":"Politica sulla privacy - World Baggage Network","isPartOf":{"@id":"https:\/\/worldbaggagenetwork.com\/it\/#website"},"datePublished":"2021-09-30T10:28:50+00:00","dateModified":"2021-09-30T10:40:07+00:00","breadcrumb":{"@id":"https:\/\/worldbaggagenetwork.com\/it\/politica-sulla-privacy\/#breadcrumb"},"inLanguage":"it-IT","potentialAction":[{"@type":"ReadAction","target":["https:\/\/worldbaggagenetwork.com\/it\/politica-sulla-privacy\/"]}]},{"@type":"BreadcrumbList","@id":"https:\/\/worldbaggagenetwork.com\/it\/politica-sulla-privacy\/#breadcrumb","itemListElement":[{"@type":"ListItem","position":1,"name":"Home","item":"https:\/\/worldbaggagenetwork.com\/it\/benvenuto\/"},{"@type":"ListItem","position":2,"name":"Politica sulla privacy"}]},{"@type":"WebSite","@id":"https:\/\/worldbaggagenetwork.com\/it\/#website","url":"https:\/\/worldbaggagenetwork.com\/it\/","name":"World Baggage Network","description":"Excess Luggage \/ Personal Effects Shipping","publisher":{"@id":"https:\/\/worldbaggagenetwork.com\/it\/#organization"},"potentialAction":[{"@type":"SearchAction","target":{"@type":"EntryPoint","urlTemplate":"https:\/\/worldbaggagenetwork.com\/it\/?s={search_term_string}"},"query-input":{"@type":"PropertyValueSpecification","valueRequired":true,"valueName":"search_term_string"}}],"inLanguage":"it-IT"},{"@type":"Organization","@id":"https:\/\/worldbaggagenetwork.com\/it\/#organization","name":"World Baggage Network","url":"https:\/\/worldbaggagenetwork.com\/it\/","logo":{"@type":"ImageObject","inLanguage":"it-IT","@id":"https:\/\/worldbaggagenetwork.com\/it\/#\/schema\/logo\/image\/","url":"http:\/\/worldbaggagenetwork.com\/wp-content\/uploads\/2021\/01\/WBN_Logo.png","contentUrl":"http:\/\/worldbaggagenetwork.com\/wp-content\/uploads\/2021\/01\/WBN_Logo.png","width":170,"height":80,"caption":"World Baggage Network"},"image":{"@id":"https:\/\/worldbaggagenetwork.com\/it\/#\/schema\/logo\/image\/"},"sameAs":["https:\/\/www.facebook.com\/WorldBaggageNetwork\/","https:\/\/x.com\/worldbagnet","https:\/\/www.instagram.com\/worldbaggagenetwork\/","https:\/\/www.linkedin.com\/company\/world-baggage-network-international\/"]}]}},"_links":{"self":[{"href":"https:\/\/worldbaggagenetwork.com\/it\/wp-json\/wp\/v2\/pages\/9266","targetHints":{"allow":["GET"]}}],"collection":[{"href":"https:\/\/worldbaggagenetwork.com\/it\/wp-json\/wp\/v2\/pages"}],"about":[{"href":"https:\/\/worldbaggagenetwork.com\/it\/wp-json\/wp\/v2\/types\/page"}],"author":[{"embeddable":true,"href":"https:\/\/worldbaggagenetwork.com\/it\/wp-json\/wp\/v2\/users\/1"}],"replies":[{"embeddable":true,"href":"https:\/\/worldbaggagenetwork.com\/it\/wp-json\/wp\/v2\/comments?post=9266"}],"version-history":[{"count":3,"href":"https:\/\/worldbaggagenetwork.com\/it\/wp-json\/wp\/v2\/pages\/9266\/revisions"}],"predecessor-version":[{"id":9518,"href":"https:\/\/worldbaggagenetwork.com\/it\/wp-json\/wp\/v2\/pages\/9266\/revisions\/9518"}],"wp:attachment":[{"href":"https:\/\/worldbaggagenetwork.com\/it\/wp-json\/wp\/v2\/media?parent=9266"}],"curies":[{"name":"wp","href":"https:\/\/api.w.org\/{rel}","templated":true}]}}