{"id":5217,"date":"2020-01-29T19:35:23","date_gmt":"2020-01-29T15:35:23","guid":{"rendered":"http:\/\/worldbaggagenetwork.com\/demandez-a-devenir-membre-du-world-baggage-network\/"},"modified":"2025-08-25T10:53:37","modified_gmt":"2025-08-25T06:53:37","slug":"devenir-membre","status":"publish","type":"page","link":"https:\/\/worldbaggagenetwork.com\/fr\/devenir-membre\/","title":{"rendered":"Demandez \u00e0 devenir membre du World Baggage Network"},"content":{"rendered":"\n<style type=\"text\/css\" data-created_by=\"avia_inline_auto\" id=\"style-css-av-kkdvfy6m-c6d8d99cb540bae13619b40171d16a72\">\n.avia-section.av-kkdvfy6m-c6d8d99cb540bae13619b40171d16a72{\nbackground-color:#e42e2d;\nbackground:linear-gradient( to right, #e42e2d, #2f3777 );\n}\n<\/style>\n<div id='av_section_1'  class='avia-section av-kkdvfy6m-c6d8d99cb540bae13619b40171d16a72 alternate_color avia-section-large avia-no-border-styling  avia-builder-el-0  el_before_av_section  avia-builder-el-first  avia-bg-style-scroll container_wrap sidebar_right'  ><div class='container av-section-cont-open' ><main  role=\"main\" itemprop=\"mainContentOfPage\"  class='template-page content  av-content-small alpha units'><div class='post-entry post-entry-type-page post-entry-5217'><div class='entry-content-wrapper clearfix'>\n\n<style type=\"text\/css\" data-created_by=\"avia_inline_auto\" id=\"style-css-av-km08x7xg-f1f4e093efbe3a64f48f0d0cebb83d82\">\n#top .av-special-heading.av-km08x7xg-f1f4e093efbe3a64f48f0d0cebb83d82{\npadding-bottom:30px;\ncolor:#ffffff;\n}\nbody .av-special-heading.av-km08x7xg-f1f4e093efbe3a64f48f0d0cebb83d82 .av-special-heading-tag .heading-char{\nfont-size:25px;\n}\n.av-special-heading.av-km08x7xg-f1f4e093efbe3a64f48f0d0cebb83d82 .special-heading-inner-border{\nborder-color:#ffffff;\n}\n.av-special-heading.av-km08x7xg-f1f4e093efbe3a64f48f0d0cebb83d82 .av-subheading{\nfont-size:18px;\n}\n<\/style>\n<div  class='av-special-heading av-km08x7xg-f1f4e093efbe3a64f48f0d0cebb83d82 av-special-heading-h1 custom-color-heading blockquote modern-quote modern-centered  avia-builder-el-1  avia-builder-el-no-sibling '><h1 class='av-special-heading-tag '  itemprop=\"headline\"  >Devenez membre du r\u00e9seau World Baggage Network<\/h1><div class='av_custom_color av-subheading av-subheading_below'><p>Si votre entreprise est une soci\u00e9t\u00e9 de manutention et d&rsquo;exp\u00e9dition de bagages qui a besoin de partenaires professionnels dans un environnement exigeant, pourquoi ne pas envisager de rejoindre le World Baggage Network ?<\/p>\n<\/div><div class=\"special-heading-border\"><div class=\"special-heading-inner-border\"><\/div><\/div><\/div>\n\n<\/div><\/div><\/main><!-- close content main element --><\/div><\/div><div id='av_section_2'  class='avia-section av-b46g2-e36b7b02d4d021137b939961ff1b5f86 main_color avia-section-default avia-no-border-styling  avia-builder-el-2  el_after_av_section  avia-builder-el-last  avia-bg-style-scroll container_wrap sidebar_right'  ><div class='container av-section-cont-open' ><div class='template-page content  av-content-small alpha units'><div class='post-entry post-entry-type-page post-entry-5217'><div class='entry-content-wrapper clearfix'>\n\n<style type=\"text\/css\" data-created_by=\"avia_inline_auto\" id=\"style-css-av-klugp0ig-0e098ebee5f2e96ab840b2a7356dd8ef\">\n#top .av-special-heading.av-klugp0ig-0e098ebee5f2e96ab840b2a7356dd8ef{\npadding-bottom:10px;\n}\nbody .av-special-heading.av-klugp0ig-0e098ebee5f2e96ab840b2a7356dd8ef .av-special-heading-tag .heading-char{\nfont-size:25px;\n}\n.av-special-heading.av-klugp0ig-0e098ebee5f2e96ab840b2a7356dd8ef .av-subheading{\nfont-size:15px;\n}\n<\/style>\n<div  class='av-special-heading av-klugp0ig-0e098ebee5f2e96ab840b2a7356dd8ef av-special-heading-h2 blockquote modern-quote modern-centered  avia-builder-el-3  el_before_av_hr  avia-builder-el-first '><h2 class='av-special-heading-tag '  itemprop=\"headline\"  >Remplissez le formulaire ci-dessous pour postuler :<\/h2><div class=\"special-heading-border\"><div class=\"special-heading-inner-border\"><\/div><\/div><\/div>\n\n<style type=\"text\/css\" data-created_by=\"avia_inline_auto\" id=\"style-css-av-8m0ay-f5df4cfaa7b526a4c825ec8e4dabf320\">\n#top .hr.hr-invisible.av-8m0ay-f5df4cfaa7b526a4c825ec8e4dabf320{\nheight:30px;\n}\n<\/style>\n<div  class='hr av-8m0ay-f5df4cfaa7b526a4c825ec8e4dabf320 hr-invisible  avia-builder-el-4  el_after_av_heading  el_before_av_codeblock '><span class='hr-inner '><span class=\"hr-inner-style\"><\/span><\/span><\/div>\n\n<\/div><\/div><\/div><!-- close content main div --><\/div><\/div><div id='after_section_2'  class='main_color av_default_container_wrap container_wrap sidebar_right'  ><div class='container av-section-cont-open' ><div class='template-page content  av-content-small alpha units'><div class='post-entry post-entry-type-page post-entry-5217'><div class='entry-content-wrapper clearfix'>\n","protected":false},"excerpt":{"rendered":"","protected":false},"author":2,"featured_media":0,"parent":0,"menu_order":0,"comment_status":"closed","ping_status":"closed","template":"","meta":{"footnotes":""},"class_list":["post-5217","page","type-page","status-publish","hentry"],"yoast_head":"<!-- This site is optimized with the Yoast SEO plugin v27.4 - https:\/\/yoast.com\/product\/yoast-seo-wordpress\/ -->\n<title>Demandez \u00e0 devenir membre du World Baggage Network<\/title>\n<meta name=\"description\" content=\"Si votre entreprise est une soci\u00e9t\u00e9 de manutention et d&#039;exp\u00e9dition de bagages qui a besoin de partenaires professionnels, rejoignez le World Baggage Network.\" \/>\n<meta name=\"robots\" content=\"index, follow, max-snippet:-1, max-image-preview:large, max-video-preview:-1\" \/>\n<link rel=\"canonical\" href=\"https:\/\/worldbaggagenetwork.com\/fr\/devenir-membre\/\" \/>\n<meta property=\"og:locale\" content=\"fr_FR\" \/>\n<meta property=\"og:type\" content=\"article\" \/>\n<meta property=\"og:title\" content=\"Demandez \u00e0 devenir membre du World Baggage Network\" \/>\n<meta property=\"og:description\" content=\"Si votre entreprise est une soci\u00e9t\u00e9 de manutention et d&#039;exp\u00e9dition de bagages qui a besoin de partenaires professionnels, rejoignez le World Baggage Network.\" \/>\n<meta property=\"og:url\" content=\"https:\/\/worldbaggagenetwork.com\/fr\/devenir-membre\/\" \/>\n<meta property=\"og:site_name\" content=\"World Baggage Network\" \/>\n<meta property=\"article:publisher\" content=\"https:\/\/www.facebook.com\/WorldBaggageNetwork\/\" \/>\n<meta property=\"article:modified_time\" content=\"2025-08-25T06:53:37+00:00\" \/>\n<meta name=\"twitter:card\" content=\"summary_large_image\" \/>\n<meta name=\"twitter:site\" content=\"@worldbagnet\" \/>\n<meta name=\"twitter:label1\" content=\"Dur\u00e9e de lecture estim\u00e9e\" \/>\n\t<meta name=\"twitter:data1\" content=\"1 minute\" \/>\n<script type=\"application\/ld+json\" class=\"yoast-schema-graph\">{\"@context\":\"https:\\\/\\\/schema.org\",\"@graph\":[{\"@type\":\"WebPage\",\"@id\":\"https:\\\/\\\/worldbaggagenetwork.com\\\/fr\\\/devenir-membre\\\/\",\"url\":\"https:\\\/\\\/worldbaggagenetwork.com\\\/fr\\\/devenir-membre\\\/\",\"name\":\"Demandez \u00e0 devenir membre du World Baggage Network\",\"isPartOf\":{\"@id\":\"https:\\\/\\\/worldbaggagenetwork.com\\\/fr\\\/#website\"},\"datePublished\":\"2020-01-29T15:35:23+00:00\",\"dateModified\":\"2025-08-25T06:53:37+00:00\",\"description\":\"Si votre entreprise est une soci\u00e9t\u00e9 de manutention et d'exp\u00e9dition de bagages qui a besoin de partenaires professionnels, rejoignez le World Baggage Network.\",\"breadcrumb\":{\"@id\":\"https:\\\/\\\/worldbaggagenetwork.com\\\/fr\\\/devenir-membre\\\/#breadcrumb\"},\"inLanguage\":\"fr-FR\",\"potentialAction\":[{\"@type\":\"ReadAction\",\"target\":[\"https:\\\/\\\/worldbaggagenetwork.com\\\/fr\\\/devenir-membre\\\/\"]}]},{\"@type\":\"BreadcrumbList\",\"@id\":\"https:\\\/\\\/worldbaggagenetwork.com\\\/fr\\\/devenir-membre\\\/#breadcrumb\",\"itemListElement\":[{\"@type\":\"ListItem\",\"position\":1,\"name\":\"Home\",\"item\":\"https:\\\/\\\/worldbaggagenetwork.com\\\/fr\\\/bienvenue\\\/\"},{\"@type\":\"ListItem\",\"position\":2,\"name\":\"Demandez \u00e0 devenir membre du World Baggage Network\"}]},{\"@type\":\"WebSite\",\"@id\":\"https:\\\/\\\/worldbaggagenetwork.com\\\/fr\\\/#website\",\"url\":\"https:\\\/\\\/worldbaggagenetwork.com\\\/fr\\\/\",\"name\":\"World Baggage Network\",\"description\":\"Excess Luggage \\\/ Personal Effects Shipping\",\"publisher\":{\"@id\":\"https:\\\/\\\/worldbaggagenetwork.com\\\/fr\\\/#organization\"},\"potentialAction\":[{\"@type\":\"SearchAction\",\"target\":{\"@type\":\"EntryPoint\",\"urlTemplate\":\"https:\\\/\\\/worldbaggagenetwork.com\\\/fr\\\/?s={search_term_string}\"},\"query-input\":{\"@type\":\"PropertyValueSpecification\",\"valueRequired\":true,\"valueName\":\"search_term_string\"}}],\"inLanguage\":\"fr-FR\"},{\"@type\":\"Organization\",\"@id\":\"https:\\\/\\\/worldbaggagenetwork.com\\\/fr\\\/#organization\",\"name\":\"World Baggage Network\",\"url\":\"https:\\\/\\\/worldbaggagenetwork.com\\\/fr\\\/\",\"logo\":{\"@type\":\"ImageObject\",\"inLanguage\":\"fr-FR\",\"@id\":\"https:\\\/\\\/worldbaggagenetwork.com\\\/fr\\\/#\\\/schema\\\/logo\\\/image\\\/\",\"url\":\"http:\\\/\\\/worldbaggagenetwork.com\\\/wp-content\\\/uploads\\\/2021\\\/01\\\/WBN_Logo.png\",\"contentUrl\":\"http:\\\/\\\/worldbaggagenetwork.com\\\/wp-content\\\/uploads\\\/2021\\\/01\\\/WBN_Logo.png\",\"width\":170,\"height\":80,\"caption\":\"World Baggage Network\"},\"image\":{\"@id\":\"https:\\\/\\\/worldbaggagenetwork.com\\\/fr\\\/#\\\/schema\\\/logo\\\/image\\\/\"},\"sameAs\":[\"https:\\\/\\\/www.facebook.com\\\/WorldBaggageNetwork\\\/\",\"https:\\\/\\\/x.com\\\/worldbagnet\",\"https:\\\/\\\/www.instagram.com\\\/worldbaggagenetwork\\\/\",\"https:\\\/\\\/www.linkedin.com\\\/company\\\/world-baggage-network-international\\\/\"]}]}<\/script>\n<!-- \/ Yoast SEO plugin. -->","yoast_head_json":{"title":"Demandez \u00e0 devenir membre du World Baggage Network","description":"Si votre entreprise est une soci\u00e9t\u00e9 de manutention et d'exp\u00e9dition de bagages qui a besoin de partenaires professionnels, rejoignez le World Baggage Network.","robots":{"index":"index","follow":"follow","max-snippet":"max-snippet:-1","max-image-preview":"max-image-preview:large","max-video-preview":"max-video-preview:-1"},"canonical":"https:\/\/worldbaggagenetwork.com\/fr\/devenir-membre\/","og_locale":"fr_FR","og_type":"article","og_title":"Demandez \u00e0 devenir membre du World Baggage Network","og_description":"Si votre entreprise est une soci\u00e9t\u00e9 de manutention et d'exp\u00e9dition de bagages qui a besoin de partenaires professionnels, rejoignez le World Baggage Network.","og_url":"https:\/\/worldbaggagenetwork.com\/fr\/devenir-membre\/","og_site_name":"World Baggage Network","article_publisher":"https:\/\/www.facebook.com\/WorldBaggageNetwork\/","article_modified_time":"2025-08-25T06:53:37+00:00","twitter_card":"summary_large_image","twitter_site":"@worldbagnet","twitter_misc":{"Dur\u00e9e de lecture estim\u00e9e":"1 minute"},"schema":{"@context":"https:\/\/schema.org","@graph":[{"@type":"WebPage","@id":"https:\/\/worldbaggagenetwork.com\/fr\/devenir-membre\/","url":"https:\/\/worldbaggagenetwork.com\/fr\/devenir-membre\/","name":"Demandez \u00e0 devenir membre du World Baggage Network","isPartOf":{"@id":"https:\/\/worldbaggagenetwork.com\/fr\/#website"},"datePublished":"2020-01-29T15:35:23+00:00","dateModified":"2025-08-25T06:53:37+00:00","description":"Si votre entreprise est une soci\u00e9t\u00e9 de manutention et d'exp\u00e9dition de bagages qui a besoin de partenaires professionnels, rejoignez le World Baggage Network.","breadcrumb":{"@id":"https:\/\/worldbaggagenetwork.com\/fr\/devenir-membre\/#breadcrumb"},"inLanguage":"fr-FR","potentialAction":[{"@type":"ReadAction","target":["https:\/\/worldbaggagenetwork.com\/fr\/devenir-membre\/"]}]},{"@type":"BreadcrumbList","@id":"https:\/\/worldbaggagenetwork.com\/fr\/devenir-membre\/#breadcrumb","itemListElement":[{"@type":"ListItem","position":1,"name":"Home","item":"https:\/\/worldbaggagenetwork.com\/fr\/bienvenue\/"},{"@type":"ListItem","position":2,"name":"Demandez \u00e0 devenir membre du World Baggage Network"}]},{"@type":"WebSite","@id":"https:\/\/worldbaggagenetwork.com\/fr\/#website","url":"https:\/\/worldbaggagenetwork.com\/fr\/","name":"World Baggage Network","description":"Excess Luggage \/ Personal Effects Shipping","publisher":{"@id":"https:\/\/worldbaggagenetwork.com\/fr\/#organization"},"potentialAction":[{"@type":"SearchAction","target":{"@type":"EntryPoint","urlTemplate":"https:\/\/worldbaggagenetwork.com\/fr\/?s={search_term_string}"},"query-input":{"@type":"PropertyValueSpecification","valueRequired":true,"valueName":"search_term_string"}}],"inLanguage":"fr-FR"},{"@type":"Organization","@id":"https:\/\/worldbaggagenetwork.com\/fr\/#organization","name":"World Baggage Network","url":"https:\/\/worldbaggagenetwork.com\/fr\/","logo":{"@type":"ImageObject","inLanguage":"fr-FR","@id":"https:\/\/worldbaggagenetwork.com\/fr\/#\/schema\/logo\/image\/","url":"http:\/\/worldbaggagenetwork.com\/wp-content\/uploads\/2021\/01\/WBN_Logo.png","contentUrl":"http:\/\/worldbaggagenetwork.com\/wp-content\/uploads\/2021\/01\/WBN_Logo.png","width":170,"height":80,"caption":"World Baggage Network"},"image":{"@id":"https:\/\/worldbaggagenetwork.com\/fr\/#\/schema\/logo\/image\/"},"sameAs":["https:\/\/www.facebook.com\/WorldBaggageNetwork\/","https:\/\/x.com\/worldbagnet","https:\/\/www.instagram.com\/worldbaggagenetwork\/","https:\/\/www.linkedin.com\/company\/world-baggage-network-international\/"]}]}},"_links":{"self":[{"href":"https:\/\/worldbaggagenetwork.com\/fr\/wp-json\/wp\/v2\/pages\/5217","targetHints":{"allow":["GET"]}}],"collection":[{"href":"https:\/\/worldbaggagenetwork.com\/fr\/wp-json\/wp\/v2\/pages"}],"about":[{"href":"https:\/\/worldbaggagenetwork.com\/fr\/wp-json\/wp\/v2\/types\/page"}],"author":[{"embeddable":true,"href":"https:\/\/worldbaggagenetwork.com\/fr\/wp-json\/wp\/v2\/users\/2"}],"replies":[{"embeddable":true,"href":"https:\/\/worldbaggagenetwork.com\/fr\/wp-json\/wp\/v2\/comments?post=5217"}],"version-history":[{"count":14,"href":"https:\/\/worldbaggagenetwork.com\/fr\/wp-json\/wp\/v2\/pages\/5217\/revisions"}],"predecessor-version":[{"id":21074,"href":"https:\/\/worldbaggagenetwork.com\/fr\/wp-json\/wp\/v2\/pages\/5217\/revisions\/21074"}],"wp:attachment":[{"href":"https:\/\/worldbaggagenetwork.com\/fr\/wp-json\/wp\/v2\/media?parent=5217"}],"curies":[{"name":"wp","href":"https:\/\/api.w.org\/{rel}","templated":true}]}}