{"id":5215,"date":"2020-01-30T00:29:26","date_gmt":"2020-01-29T20:29:26","guid":{"rendered":"http:\/\/worldbaggagenetwork.com\/demander-un-devis-gratuit\/"},"modified":"2025-08-25T12:01:46","modified_gmt":"2025-08-25T08:01:46","slug":"demande-devis","status":"publish","type":"page","link":"https:\/\/worldbaggagenetwork.com\/fr\/demande-devis\/","title":{"rendered":"Demander un devis gratuit"},"content":{"rendered":"<div id='quoterequest'  class='avia-section av-6dl1x6-0a588eb127a1195b713409c48f65cf14 header_color avia-section-default avia-no-border-styling  avia-builder-el-0  avia-builder-el-no-sibling  avia-bg-style-scroll container_wrap sidebar_right'  ><div class='container av-section-cont-open' ><main  role=\"main\" itemprop=\"mainContentOfPage\"  class='template-page content  av-content-small alpha units'><div class='post-entry post-entry-type-page post-entry-5215'><div class='entry-content-wrapper clearfix'>\n<div class='flex_column_table av-62l75e-caab0fa0f5bdbc8b717ca21429ce899c sc-av_two_fifth av-break-at-tablet-flextable av-equal-height-column-flextable'>\n<style type=\"text\/css\" data-created_by=\"avia_inline_auto\" id=\"style-css-av-62l75e-caab0fa0f5bdbc8b717ca21429ce899c\">\n.flex_column.av-62l75e-caab0fa0f5bdbc8b717ca21429ce899c{\nborder-radius:0px 0px 0px 0px;\npadding:0px 0px 0px 0px;\n}\n\n@media only screen and (min-width: 990px){ \n.flex_column.av-62l75e-caab0fa0f5bdbc8b717ca21429ce899c{\nposition:relative;\nleft:300px;\n}\n}\n<\/style>\n<div  class='flex_column av-62l75e-caab0fa0f5bdbc8b717ca21429ce899c av_two_fifth  avia-builder-el-1  el_before_av_one_full  avia-builder-el-first  first av-break-at-tablet flex_column_table_cell av-equal-height-column av-align-middle av-custom-positioned av-zero-column-padding  '     ><style type=\"text\/css\" data-created_by=\"avia_inline_auto\" id=\"style-css-av-3unvo9-73cf0e84381239135817c81049becc4e\">\n#top .av-special-heading.av-3unvo9-73cf0e84381239135817c81049becc4e{\npadding-bottom:20px;\nfont-size:50px;\n}\nbody .av-special-heading.av-3unvo9-73cf0e84381239135817c81049becc4e .av-special-heading-tag .heading-char{\nfont-size:25px;\n}\n#top #wrap_all .av-special-heading.av-3unvo9-73cf0e84381239135817c81049becc4e .av-special-heading-tag{\nfont-size:50px;\n}\n.av-special-heading.av-3unvo9-73cf0e84381239135817c81049becc4e .av-subheading{\nfont-size:18px;\n}\n\n@media only screen and (min-width: 480px) and (max-width: 767px){ \n#top #wrap_all .av-special-heading.av-3unvo9-73cf0e84381239135817c81049becc4e .av-special-heading-tag{\nfont-size:0.8em;\n}\n}\n\n@media only screen and (max-width: 479px){ \n#top #wrap_all .av-special-heading.av-3unvo9-73cf0e84381239135817c81049becc4e .av-special-heading-tag{\nfont-size:0.8em;\n}\n}\n<\/style>\n<div  class='av-special-heading av-3unvo9-73cf0e84381239135817c81049becc4e av-special-heading-h2 blockquote modern-quote  avia-builder-el-2  avia-builder-el-no-sibling  title50 av-inherit-size'><h2 class='av-special-heading-tag '  itemprop=\"headline\"  >Demander un devis<\/h2><div class='av-subheading av-subheading_below'><p>Nos clients sont notre priorit\u00e9 absolue. Nous r\u00e9pondrons dans un d\u00e9lai rapide.<\/p>\n<\/div><div class=\"special-heading-border\"><div class=\"special-heading-inner-border\"><\/div><\/div><\/div><\/div><\/div><!--close column table wrapper. Autoclose: 1 -->\n<style type=\"text\/css\" data-created_by=\"avia_inline_auto\" id=\"style-css-av-23jxjt-c1d12e7950e4a964933c42e27f23b42f\">\n.flex_column.av-23jxjt-c1d12e7950e4a964933c42e27f23b42f{\nborder-radius:0px 0px 0px 0px;\npadding:0px 0px 0px 0px;\n}\n<\/style>\n<div  class='flex_column av-23jxjt-c1d12e7950e4a964933c42e27f23b42f av_one_full  avia-builder-el-3  el_after_av_two_fifth  avia-builder-el-last  first flex_column_div av-zero-column-padding  '     ><\/div><\/div><\/div><\/main><!-- close content main element --><\/div><\/div><div id='after_section_1'  class='main_color av_default_container_wrap container_wrap sidebar_right'  ><div class='container av-section-cont-open' ><div class='template-page content  av-content-small alpha units'><div class='post-entry post-entry-type-page post-entry-5215'><div class='entry-content-wrapper clearfix'>\n","protected":false},"excerpt":{"rendered":"","protected":false},"author":2,"featured_media":0,"parent":0,"menu_order":0,"comment_status":"closed","ping_status":"closed","template":"","meta":{"footnotes":""},"class_list":["post-5215","page","type-page","status-publish","hentry"],"yoast_head":"<!-- This site is optimized with the Yoast SEO plugin v27.3 - https:\/\/yoast.com\/product\/yoast-seo-wordpress\/ -->\n<title>Demander un devis gratuit - World Baggage Network<\/title>\n<meta name=\"robots\" content=\"index, follow, max-snippet:-1, max-image-preview:large, max-video-preview:-1\" \/>\n<link rel=\"canonical\" href=\"https:\/\/worldbaggagenetwork.com\/fr\/demande-devis\/\" \/>\n<meta property=\"og:locale\" content=\"fr_FR\" \/>\n<meta property=\"og:type\" content=\"article\" \/>\n<meta property=\"og:title\" content=\"Demander un devis gratuit - World Baggage Network\" \/>\n<meta property=\"og:url\" content=\"https:\/\/worldbaggagenetwork.com\/fr\/demande-devis\/\" \/>\n<meta property=\"og:site_name\" content=\"World Baggage Network\" \/>\n<meta property=\"article:publisher\" content=\"https:\/\/www.facebook.com\/WorldBaggageNetwork\/\" \/>\n<meta property=\"article:modified_time\" content=\"2025-08-25T08:01:46+00:00\" \/>\n<meta name=\"twitter:card\" content=\"summary_large_image\" \/>\n<meta name=\"twitter:site\" content=\"@worldbagnet\" \/>\n<meta name=\"twitter:label1\" content=\"Dur\u00e9e de lecture estim\u00e9e\" \/>\n\t<meta name=\"twitter:data1\" content=\"1 minute\" \/>\n<script type=\"application\/ld+json\" class=\"yoast-schema-graph\">{\"@context\":\"https:\\\/\\\/schema.org\",\"@graph\":[{\"@type\":\"WebPage\",\"@id\":\"https:\\\/\\\/worldbaggagenetwork.com\\\/fr\\\/demande-devis\\\/\",\"url\":\"https:\\\/\\\/worldbaggagenetwork.com\\\/fr\\\/demande-devis\\\/\",\"name\":\"Demander un devis gratuit - World Baggage Network\",\"isPartOf\":{\"@id\":\"https:\\\/\\\/worldbaggagenetwork.com\\\/fr\\\/#website\"},\"datePublished\":\"2020-01-29T20:29:26+00:00\",\"dateModified\":\"2025-08-25T08:01:46+00:00\",\"breadcrumb\":{\"@id\":\"https:\\\/\\\/worldbaggagenetwork.com\\\/fr\\\/demande-devis\\\/#breadcrumb\"},\"inLanguage\":\"fr-FR\",\"potentialAction\":[{\"@type\":\"ReadAction\",\"target\":[\"https:\\\/\\\/worldbaggagenetwork.com\\\/fr\\\/demande-devis\\\/\"]}]},{\"@type\":\"BreadcrumbList\",\"@id\":\"https:\\\/\\\/worldbaggagenetwork.com\\\/fr\\\/demande-devis\\\/#breadcrumb\",\"itemListElement\":[{\"@type\":\"ListItem\",\"position\":1,\"name\":\"Home\",\"item\":\"https:\\\/\\\/worldbaggagenetwork.com\\\/fr\\\/bienvenue\\\/\"},{\"@type\":\"ListItem\",\"position\":2,\"name\":\"Demander un devis gratuit\"}]},{\"@type\":\"WebSite\",\"@id\":\"https:\\\/\\\/worldbaggagenetwork.com\\\/fr\\\/#website\",\"url\":\"https:\\\/\\\/worldbaggagenetwork.com\\\/fr\\\/\",\"name\":\"World Baggage Network\",\"description\":\"Excess Luggage \\\/ Personal Effects Shipping\",\"publisher\":{\"@id\":\"https:\\\/\\\/worldbaggagenetwork.com\\\/fr\\\/#organization\"},\"potentialAction\":[{\"@type\":\"SearchAction\",\"target\":{\"@type\":\"EntryPoint\",\"urlTemplate\":\"https:\\\/\\\/worldbaggagenetwork.com\\\/fr\\\/?s={search_term_string}\"},\"query-input\":{\"@type\":\"PropertyValueSpecification\",\"valueRequired\":true,\"valueName\":\"search_term_string\"}}],\"inLanguage\":\"fr-FR\"},{\"@type\":\"Organization\",\"@id\":\"https:\\\/\\\/worldbaggagenetwork.com\\\/fr\\\/#organization\",\"name\":\"World Baggage Network\",\"url\":\"https:\\\/\\\/worldbaggagenetwork.com\\\/fr\\\/\",\"logo\":{\"@type\":\"ImageObject\",\"inLanguage\":\"fr-FR\",\"@id\":\"https:\\\/\\\/worldbaggagenetwork.com\\\/fr\\\/#\\\/schema\\\/logo\\\/image\\\/\",\"url\":\"http:\\\/\\\/worldbaggagenetwork.com\\\/wp-content\\\/uploads\\\/2021\\\/01\\\/WBN_Logo.png\",\"contentUrl\":\"http:\\\/\\\/worldbaggagenetwork.com\\\/wp-content\\\/uploads\\\/2021\\\/01\\\/WBN_Logo.png\",\"width\":170,\"height\":80,\"caption\":\"World Baggage Network\"},\"image\":{\"@id\":\"https:\\\/\\\/worldbaggagenetwork.com\\\/fr\\\/#\\\/schema\\\/logo\\\/image\\\/\"},\"sameAs\":[\"https:\\\/\\\/www.facebook.com\\\/WorldBaggageNetwork\\\/\",\"https:\\\/\\\/x.com\\\/worldbagnet\",\"https:\\\/\\\/www.instagram.com\\\/worldbaggagenetwork\\\/\",\"https:\\\/\\\/www.linkedin.com\\\/company\\\/world-baggage-network-international\\\/\"]}]}<\/script>\n<!-- \/ Yoast SEO plugin. -->","yoast_head_json":{"title":"Demander un devis gratuit - World Baggage Network","robots":{"index":"index","follow":"follow","max-snippet":"max-snippet:-1","max-image-preview":"max-image-preview:large","max-video-preview":"max-video-preview:-1"},"canonical":"https:\/\/worldbaggagenetwork.com\/fr\/demande-devis\/","og_locale":"fr_FR","og_type":"article","og_title":"Demander un devis gratuit - World Baggage Network","og_url":"https:\/\/worldbaggagenetwork.com\/fr\/demande-devis\/","og_site_name":"World Baggage Network","article_publisher":"https:\/\/www.facebook.com\/WorldBaggageNetwork\/","article_modified_time":"2025-08-25T08:01:46+00:00","twitter_card":"summary_large_image","twitter_site":"@worldbagnet","twitter_misc":{"Dur\u00e9e de lecture estim\u00e9e":"1 minute"},"schema":{"@context":"https:\/\/schema.org","@graph":[{"@type":"WebPage","@id":"https:\/\/worldbaggagenetwork.com\/fr\/demande-devis\/","url":"https:\/\/worldbaggagenetwork.com\/fr\/demande-devis\/","name":"Demander un devis gratuit - World Baggage Network","isPartOf":{"@id":"https:\/\/worldbaggagenetwork.com\/fr\/#website"},"datePublished":"2020-01-29T20:29:26+00:00","dateModified":"2025-08-25T08:01:46+00:00","breadcrumb":{"@id":"https:\/\/worldbaggagenetwork.com\/fr\/demande-devis\/#breadcrumb"},"inLanguage":"fr-FR","potentialAction":[{"@type":"ReadAction","target":["https:\/\/worldbaggagenetwork.com\/fr\/demande-devis\/"]}]},{"@type":"BreadcrumbList","@id":"https:\/\/worldbaggagenetwork.com\/fr\/demande-devis\/#breadcrumb","itemListElement":[{"@type":"ListItem","position":1,"name":"Home","item":"https:\/\/worldbaggagenetwork.com\/fr\/bienvenue\/"},{"@type":"ListItem","position":2,"name":"Demander un devis gratuit"}]},{"@type":"WebSite","@id":"https:\/\/worldbaggagenetwork.com\/fr\/#website","url":"https:\/\/worldbaggagenetwork.com\/fr\/","name":"World Baggage Network","description":"Excess Luggage \/ Personal Effects Shipping","publisher":{"@id":"https:\/\/worldbaggagenetwork.com\/fr\/#organization"},"potentialAction":[{"@type":"SearchAction","target":{"@type":"EntryPoint","urlTemplate":"https:\/\/worldbaggagenetwork.com\/fr\/?s={search_term_string}"},"query-input":{"@type":"PropertyValueSpecification","valueRequired":true,"valueName":"search_term_string"}}],"inLanguage":"fr-FR"},{"@type":"Organization","@id":"https:\/\/worldbaggagenetwork.com\/fr\/#organization","name":"World Baggage Network","url":"https:\/\/worldbaggagenetwork.com\/fr\/","logo":{"@type":"ImageObject","inLanguage":"fr-FR","@id":"https:\/\/worldbaggagenetwork.com\/fr\/#\/schema\/logo\/image\/","url":"http:\/\/worldbaggagenetwork.com\/wp-content\/uploads\/2021\/01\/WBN_Logo.png","contentUrl":"http:\/\/worldbaggagenetwork.com\/wp-content\/uploads\/2021\/01\/WBN_Logo.png","width":170,"height":80,"caption":"World Baggage Network"},"image":{"@id":"https:\/\/worldbaggagenetwork.com\/fr\/#\/schema\/logo\/image\/"},"sameAs":["https:\/\/www.facebook.com\/WorldBaggageNetwork\/","https:\/\/x.com\/worldbagnet","https:\/\/www.instagram.com\/worldbaggagenetwork\/","https:\/\/www.linkedin.com\/company\/world-baggage-network-international\/"]}]}},"_links":{"self":[{"href":"https:\/\/worldbaggagenetwork.com\/fr\/wp-json\/wp\/v2\/pages\/5215","targetHints":{"allow":["GET"]}}],"collection":[{"href":"https:\/\/worldbaggagenetwork.com\/fr\/wp-json\/wp\/v2\/pages"}],"about":[{"href":"https:\/\/worldbaggagenetwork.com\/fr\/wp-json\/wp\/v2\/types\/page"}],"author":[{"embeddable":true,"href":"https:\/\/worldbaggagenetwork.com\/fr\/wp-json\/wp\/v2\/users\/2"}],"replies":[{"embeddable":true,"href":"https:\/\/worldbaggagenetwork.com\/fr\/wp-json\/wp\/v2\/comments?post=5215"}],"version-history":[{"count":18,"href":"https:\/\/worldbaggagenetwork.com\/fr\/wp-json\/wp\/v2\/pages\/5215\/revisions"}],"predecessor-version":[{"id":21097,"href":"https:\/\/worldbaggagenetwork.com\/fr\/wp-json\/wp\/v2\/pages\/5215\/revisions\/21097"}],"wp:attachment":[{"href":"https:\/\/worldbaggagenetwork.com\/fr\/wp-json\/wp\/v2\/media?parent=5215"}],"curies":[{"name":"wp","href":"https:\/\/api.w.org\/{rel}","templated":true}]}}