{"id":5156,"date":"2021-05-25T11:13:12","date_gmt":"2021-05-25T07:13:12","guid":{"rendered":"http:\/\/worldbaggagenetwork.com\/politique-de-confidentialite\/"},"modified":"2021-07-05T21:34:43","modified_gmt":"2021-07-05T17:34:43","slug":"politique-confidentialite","status":"publish","type":"page","link":"https:\/\/worldbaggagenetwork.com\/fr\/politique-confidentialite\/","title":{"rendered":"Politique de confidentialit\u00e9"},"content":{"rendered":"\n<h2 class=\"wp-block-heading\">Qui sommes-nous ?<\/h2>\n\n<p>La politique de confidentialit\u00e9 suivante s&rsquo;applique aux services du site web fournis par World Baggage Network International Ltd (World Baggage Network ou WBN) \u00e0 l&rsquo;adresse www.worldbaggagenetwork.com.<\/p>\n\n<h2 class=\"wp-block-heading\">Quelles sont les donn\u00e9es personnelles que nous collectons et pourquoi nous les collectons ?<\/h2>\n\n<h3 class=\"wp-block-heading\">Commentaires<\/h3>\n\n<p>Lorsque les visiteurs laissent des commentaires sur le site, nous recueillons les donn\u00e9es indiqu\u00e9es dans le formulaire de commentaires, ainsi que l&rsquo;adresse IP du visiteur et la cha\u00eene d&rsquo;agent utilisateur du navigateur pour faciliter la d\u00e9tection des spams.<\/p>\n\n<p>Une cha\u00eene anonymis\u00e9e cr\u00e9\u00e9e \u00e0 partir de votre adresse \u00e9lectronique (\u00e9galement appel\u00e9e hachage) peut \u00eatre fournie au service Gravatar pour savoir si vous l&rsquo;utilisez. La politique de confidentialit\u00e9 du service Gravatar est disponible ici : https:\/\/automattic.com\/privacy\/. Apr\u00e8s approbation de votre commentaire, votre photo de profil est visible par le public dans le contexte de votre commentaire.<\/p>\n\n<h3 class=\"wp-block-heading\">M\u00e9dias<\/h3>\n\n<p>Si vous t\u00e9l\u00e9chargez des images sur le site web, vous devez \u00e9viter de le faire avec des donn\u00e9es de localisation int\u00e9gr\u00e9es (GPS EXIF). Les visiteurs du site web peuvent t\u00e9l\u00e9charger et extraire n&rsquo;importe quelle donn\u00e9e de localisation \u00e0 partir des images pr\u00e9sentes sur le site.<\/p>\n\n<h3 class=\"wp-block-heading\">Formulaires de contact \/ formulaires de devis<\/h3>\n\n<p>Lorsque vous utilisez notre service, nous pouvons vous demander de nous fournir certaines informations personnellement identifiables qui peuvent \u00eatre utilis\u00e9es pour vous contacter ou vous identifier. Les informations personnellement identifiables peuvent inclure, mais ne sont pas limit\u00e9es \u00e0 :<\/p>\n\n<ul class=\"wp-block-list\"><li>Adresse \u00e9lectronique<\/li><li>Nom et pr\u00e9nom<\/li><li>Num\u00e9ro de t\u00e9l\u00e9phone<\/li><li>Adresse<\/li><\/ul>\n\n<h3 class=\"wp-block-heading\" id=\"cookies\">Cookies<\/h3>\n\n<p>Les cookies sont des fichiers contenant de petites donn\u00e9es qui peuvent inclure un identifiant unique anonyme. Les cookies sont envoy\u00e9s \u00e0 votre navigateur depuis un site web et stock\u00e9s sur votre appareil. Les technologies de suivi \u00e9galement utilis\u00e9es sont les balises, les marqueurs et les scripts pour collecter et suivre les informations et pour am\u00e9liorer et analyser notre service.<\/p>\n\n<h4 class=\"wp-block-heading\">Les cookies sont-ils utilis\u00e9s sur le site ?<\/h4>\n\n<p>Nous utilisons des cookies et des technologies de suivi similaires pour suivre l&rsquo;activit\u00e9 de notre service et pour conserver certaines informations.<\/p>\n\n<p>Vous pouvez demander \u00e0 votre navigateur de refuser tous les cookies ou d&rsquo;indiquer quand un cookie est envoy\u00e9. Toutefois, si vous n&rsquo;acceptez pas les cookies, il se peut que vous ne puissiez pas utiliser certaines parties de notre service.<\/p>\n\n<p>Si vous publiez un commentaire sur notre site, il vous sera propos\u00e9 d&rsquo;enregistrer votre nom, votre adresse \u00e9lectronique et votre site web dans des cookies. C&rsquo;est uniquement pour votre commodit\u00e9, afin que vous n&rsquo;ayez pas \u00e0 saisir ces informations si vous postez un autre commentaire ult\u00e9rieurement. Ces cookies expirent apr\u00e8s un an.<\/p>\n\n<p>Si vous visitez notre page de connexion, nous installerons un cookie temporaire pour d\u00e9terminer si votre navigateur accepte les cookies. Ce cookie ne contient aucune donn\u00e9e personnelle et est supprim\u00e9 lorsque vous fermez votre navigateur.<\/p>\n\n<p>Lorsque vous vous connectez, nous configurons \u00e9galement plusieurs cookies pour enregistrer vos informations de connexion et vos choix d&rsquo;affichage d&rsquo;\u00e9cran. Les cookies de connexion durent deux jours, et les cookies d&rsquo;options d&rsquo;\u00e9cran durent un an. Si vous s\u00e9lectionnez \u00ab\u00a0Se souvenir de moi\u00a0\u00bb, votre connexion sera maintenue pendant deux semaines. Si vous vous d\u00e9connectez de votre compte, les cookies de connexion seront supprim\u00e9s.<\/p>\n\n<p>Si vous modifiez ou publiez un article, un cookie suppl\u00e9mentaire sera enregistr\u00e9 dans votre navigateur. Ce cookie ne comprend aucune donn\u00e9e personnelle et indique simplement l&rsquo;identifiant de l&rsquo;article que vous venez de modifier. Il expire apr\u00e8s 1 jour.<\/p>\n\n<h4 class=\"wp-block-heading\">Contenu int\u00e9gr\u00e9 d&rsquo;autres sites web<\/h4>\n\n<p>Les articles de ce site peuvent inclure du contenu int\u00e9gr\u00e9 (par exemple des vid\u00e9os, des images, des articles, etc.). Le contenu int\u00e9gr\u00e9 provenant d&rsquo;autres sites web se comporte exactement de la m\u00eame mani\u00e8re que si le visiteur avait visit\u00e9 l&rsquo;autre site web.<\/p>\n\n<p>Ces sites web peuvent recueillir des donn\u00e9es vous concernant, utiliser des cookies, int\u00e9grer un suivi suppl\u00e9mentaire par des tiers et surveiller votre interaction avec ce contenu int\u00e9gr\u00e9, y compris le suivi de votre interaction avec le contenu int\u00e9gr\u00e9 si vous avez un compte et \u00eates connect\u00e9 \u00e0 ce site web.<\/p>\n\n<h4 class=\"wp-block-heading\">Statistiques et mesure d&rsquo;audience<\/h4>\n\n<p>Les statistiques et les mesures d&rsquo;audience sont collect\u00e9es par Google Analytics.<\/p>\n\n<h2 class=\"wp-block-heading\">Avec qui nous partageons vos donn\u00e9es<\/h2>\n\n<p>Lorsque vous utilisez nos services ou soumettez un formulaire, nous partageons ses donn\u00e9es avec notre partenaire enregistr\u00e9 situ\u00e9 dans le pays concern\u00e9 par votre demande. Ces donn\u00e9es ne seront utilis\u00e9es que pour fournir le service demand\u00e9.<\/p>\n\n<h2 class=\"wp-block-heading\">Combien de temps nous conservons vos donn\u00e9es<\/h2>\n\n<p>Si vous laissez un commentaire, celui-ci et ses m\u00e9tadonn\u00e9es sont conserv\u00e9s ind\u00e9finiment. Cela nous permet de reconna\u00eetre et d&rsquo;approuver automatiquement les commentaires de suivi au lieu de les garder dans une file d&rsquo;attente de mod\u00e9ration.<\/p>\n\n<p>Pour les utilisateurs qui s&rsquo;inscrivent sur notre site web (le cas \u00e9ch\u00e9ant), nous stockons \u00e9galement les informations personnelles qu&rsquo;ils fournissent dans leur profil d&rsquo;utilisateur. Tous les utilisateurs peuvent voir, modifier ou supprimer leurs informations personnelles \u00e0 tout moment (sauf qu&rsquo;ils ne peuvent pas changer leur nom d&rsquo;utilisateur). Les administrateurs du site web peuvent \u00e9galement voir et modifier ces informations.<\/p>\n\n<h2 class=\"wp-block-heading\">Les droits dont vous disposez sur vos donn\u00e9es<\/h2>\n\n<p>Si vous avez un compte ou si vous avez laiss\u00e9 des commentaires sur le site, vous pouvez demander \u00e0 recevoir un fichier contenant toutes les donn\u00e9es personnelles que nous poss\u00e9dons \u00e0 votre sujet, y compris celles que vous nous avez fournies. Vous pouvez \u00e9galement demander la suppression des donn\u00e9es personnelles vous concernant. Cela ne tient pas compte des donn\u00e9es stock\u00e9es pour des raisons administratives, juridiques ou de s\u00e9curit\u00e9.<\/p>\n\n<p>Il s&rsquo;agit de droits r\u00e9sum\u00e9s que vous avez en vertu de la loi sur la protection des donn\u00e9es.<\/p>\n\n<ul class=\"wp-block-list\"><li>Le droit d&rsquo;acc\u00e8s<\/li><li>Le droit de rectification<\/li><li>Le droit \u00e0 l&rsquo;effacement<\/li><li>Le droit de restreindre le traitement<\/li><li>Le droit de s&rsquo;opposer au traitement<\/li><li>Le droit \u00e0 la portabilit\u00e9 des donn\u00e9es<\/li><li>Le droit de porter plainte aupr\u00e8s d&rsquo;une autorit\u00e9 de surveillance<\/li><li>Le droit de retirer le consentement<\/li><\/ul>\n\n<h2 class=\"wp-block-heading\">O\u00f9 nous envoyons vos donn\u00e9es<\/h2>\n\n<p>Les commentaires des visiteurs peuvent \u00eatre v\u00e9rifi\u00e9s par un service automatis\u00e9 de d\u00e9tection des spams.<\/p>\n\n<h2 class=\"wp-block-heading\">Vos coordonn\u00e9es<\/h2>\n\n<p>Les visiteurs et les clients autoris\u00e9s peuvent nous contacter pour mettre \u00e0 jour les informations personnellement identifiables les concernant ou pour corriger toute inexactitude en nous envoyant un courriel \u00e0 admin@worldbagnet.com.<\/p>\n","protected":false},"excerpt":{"rendered":"<p>Qui sommes-nous ? La politique de confidentialit\u00e9 suivante s&rsquo;applique aux services du site web fournis par World Baggage Network International Ltd (World Baggage Network ou WBN) \u00e0 l&rsquo;adresse www.worldbaggagenetwork.com. Quelles sont les donn\u00e9es personnelles que nous collectons et pourquoi nous les collectons ? Commentaires Lorsque les visiteurs laissent des commentaires sur le site, nous recueillons [&hellip;]<\/p>\n","protected":false},"author":1,"featured_media":0,"parent":0,"menu_order":0,"comment_status":"closed","ping_status":"open","template":"","meta":{"footnotes":""},"class_list":["post-5156","page","type-page","status-publish","hentry"],"yoast_head":"<!-- This site is optimized with the Yoast SEO plugin v27.5 - https:\/\/yoast.com\/product\/yoast-seo-wordpress\/ -->\n<title>Politique de confidentialit\u00e9 - World Baggage Network<\/title>\n<meta name=\"robots\" content=\"index, follow, max-snippet:-1, max-image-preview:large, max-video-preview:-1\" \/>\n<link rel=\"canonical\" href=\"https:\/\/worldbaggagenetwork.com\/fr\/politique-confidentialite\/\" \/>\n<meta property=\"og:locale\" content=\"fr_FR\" \/>\n<meta property=\"og:type\" content=\"article\" \/>\n<meta property=\"og:title\" content=\"Politique de confidentialit\u00e9 - World Baggage Network\" \/>\n<meta property=\"og:description\" content=\"Qui sommes-nous ? La politique de confidentialit\u00e9 suivante s&rsquo;applique aux services du site web fournis par World Baggage Network International Ltd (World Baggage Network ou WBN) \u00e0 l&rsquo;adresse www.worldbaggagenetwork.com. Quelles sont les donn\u00e9es personnelles que nous collectons et pourquoi nous les collectons ? Commentaires Lorsque les visiteurs laissent des commentaires sur le site, nous recueillons [&hellip;]\" \/>\n<meta property=\"og:url\" content=\"https:\/\/worldbaggagenetwork.com\/fr\/politique-confidentialite\/\" \/>\n<meta property=\"og:site_name\" content=\"World Baggage Network\" \/>\n<meta property=\"article:publisher\" content=\"https:\/\/www.facebook.com\/WorldBaggageNetwork\/\" \/>\n<meta property=\"article:modified_time\" content=\"2021-07-05T17:34:43+00:00\" \/>\n<meta name=\"twitter:card\" content=\"summary_large_image\" \/>\n<meta name=\"twitter:site\" content=\"@worldbagnet\" \/>\n<meta name=\"twitter:label1\" content=\"Dur\u00e9e de lecture estim\u00e9e\" \/>\n\t<meta name=\"twitter:data1\" content=\"5 minutes\" \/>\n<script type=\"application\/ld+json\" class=\"yoast-schema-graph\">{\"@context\":\"https:\\\/\\\/schema.org\",\"@graph\":[{\"@type\":\"WebPage\",\"@id\":\"https:\\\/\\\/worldbaggagenetwork.com\\\/fr\\\/politique-confidentialite\\\/\",\"url\":\"https:\\\/\\\/worldbaggagenetwork.com\\\/fr\\\/politique-confidentialite\\\/\",\"name\":\"Politique de confidentialit\u00e9 - World Baggage Network\",\"isPartOf\":{\"@id\":\"https:\\\/\\\/worldbaggagenetwork.com\\\/fr\\\/#website\"},\"datePublished\":\"2021-05-25T07:13:12+00:00\",\"dateModified\":\"2021-07-05T17:34:43+00:00\",\"breadcrumb\":{\"@id\":\"https:\\\/\\\/worldbaggagenetwork.com\\\/fr\\\/politique-confidentialite\\\/#breadcrumb\"},\"inLanguage\":\"fr-FR\",\"potentialAction\":[{\"@type\":\"ReadAction\",\"target\":[\"https:\\\/\\\/worldbaggagenetwork.com\\\/fr\\\/politique-confidentialite\\\/\"]}]},{\"@type\":\"BreadcrumbList\",\"@id\":\"https:\\\/\\\/worldbaggagenetwork.com\\\/fr\\\/politique-confidentialite\\\/#breadcrumb\",\"itemListElement\":[{\"@type\":\"ListItem\",\"position\":1,\"name\":\"Home\",\"item\":\"https:\\\/\\\/worldbaggagenetwork.com\\\/fr\\\/bienvenue\\\/\"},{\"@type\":\"ListItem\",\"position\":2,\"name\":\"Politique de confidentialit\u00e9\"}]},{\"@type\":\"WebSite\",\"@id\":\"https:\\\/\\\/worldbaggagenetwork.com\\\/fr\\\/#website\",\"url\":\"https:\\\/\\\/worldbaggagenetwork.com\\\/fr\\\/\",\"name\":\"World Baggage Network\",\"description\":\"Excess Luggage \\\/ Personal Effects Shipping\",\"publisher\":{\"@id\":\"https:\\\/\\\/worldbaggagenetwork.com\\\/fr\\\/#organization\"},\"potentialAction\":[{\"@type\":\"SearchAction\",\"target\":{\"@type\":\"EntryPoint\",\"urlTemplate\":\"https:\\\/\\\/worldbaggagenetwork.com\\\/fr\\\/?s={search_term_string}\"},\"query-input\":{\"@type\":\"PropertyValueSpecification\",\"valueRequired\":true,\"valueName\":\"search_term_string\"}}],\"inLanguage\":\"fr-FR\"},{\"@type\":\"Organization\",\"@id\":\"https:\\\/\\\/worldbaggagenetwork.com\\\/fr\\\/#organization\",\"name\":\"World Baggage Network\",\"url\":\"https:\\\/\\\/worldbaggagenetwork.com\\\/fr\\\/\",\"logo\":{\"@type\":\"ImageObject\",\"inLanguage\":\"fr-FR\",\"@id\":\"https:\\\/\\\/worldbaggagenetwork.com\\\/fr\\\/#\\\/schema\\\/logo\\\/image\\\/\",\"url\":\"http:\\\/\\\/worldbaggagenetwork.com\\\/wp-content\\\/uploads\\\/2021\\\/01\\\/WBN_Logo.png\",\"contentUrl\":\"http:\\\/\\\/worldbaggagenetwork.com\\\/wp-content\\\/uploads\\\/2021\\\/01\\\/WBN_Logo.png\",\"width\":170,\"height\":80,\"caption\":\"World Baggage Network\"},\"image\":{\"@id\":\"https:\\\/\\\/worldbaggagenetwork.com\\\/fr\\\/#\\\/schema\\\/logo\\\/image\\\/\"},\"sameAs\":[\"https:\\\/\\\/www.facebook.com\\\/WorldBaggageNetwork\\\/\",\"https:\\\/\\\/x.com\\\/worldbagnet\",\"https:\\\/\\\/www.instagram.com\\\/worldbaggagenetwork\\\/\",\"https:\\\/\\\/www.linkedin.com\\\/company\\\/world-baggage-network-international\\\/\"]}]}<\/script>\n<!-- \/ Yoast SEO plugin. -->","yoast_head_json":{"title":"Politique de confidentialit\u00e9 - World Baggage Network","robots":{"index":"index","follow":"follow","max-snippet":"max-snippet:-1","max-image-preview":"max-image-preview:large","max-video-preview":"max-video-preview:-1"},"canonical":"https:\/\/worldbaggagenetwork.com\/fr\/politique-confidentialite\/","og_locale":"fr_FR","og_type":"article","og_title":"Politique de confidentialit\u00e9 - World Baggage Network","og_description":"Qui sommes-nous ? La politique de confidentialit\u00e9 suivante s&rsquo;applique aux services du site web fournis par World Baggage Network International Ltd (World Baggage Network ou WBN) \u00e0 l&rsquo;adresse www.worldbaggagenetwork.com. Quelles sont les donn\u00e9es personnelles que nous collectons et pourquoi nous les collectons ? Commentaires Lorsque les visiteurs laissent des commentaires sur le site, nous recueillons [&hellip;]","og_url":"https:\/\/worldbaggagenetwork.com\/fr\/politique-confidentialite\/","og_site_name":"World Baggage Network","article_publisher":"https:\/\/www.facebook.com\/WorldBaggageNetwork\/","article_modified_time":"2021-07-05T17:34:43+00:00","twitter_card":"summary_large_image","twitter_site":"@worldbagnet","twitter_misc":{"Dur\u00e9e de lecture estim\u00e9e":"5 minutes"},"schema":{"@context":"https:\/\/schema.org","@graph":[{"@type":"WebPage","@id":"https:\/\/worldbaggagenetwork.com\/fr\/politique-confidentialite\/","url":"https:\/\/worldbaggagenetwork.com\/fr\/politique-confidentialite\/","name":"Politique de confidentialit\u00e9 - World Baggage Network","isPartOf":{"@id":"https:\/\/worldbaggagenetwork.com\/fr\/#website"},"datePublished":"2021-05-25T07:13:12+00:00","dateModified":"2021-07-05T17:34:43+00:00","breadcrumb":{"@id":"https:\/\/worldbaggagenetwork.com\/fr\/politique-confidentialite\/#breadcrumb"},"inLanguage":"fr-FR","potentialAction":[{"@type":"ReadAction","target":["https:\/\/worldbaggagenetwork.com\/fr\/politique-confidentialite\/"]}]},{"@type":"BreadcrumbList","@id":"https:\/\/worldbaggagenetwork.com\/fr\/politique-confidentialite\/#breadcrumb","itemListElement":[{"@type":"ListItem","position":1,"name":"Home","item":"https:\/\/worldbaggagenetwork.com\/fr\/bienvenue\/"},{"@type":"ListItem","position":2,"name":"Politique de confidentialit\u00e9"}]},{"@type":"WebSite","@id":"https:\/\/worldbaggagenetwork.com\/fr\/#website","url":"https:\/\/worldbaggagenetwork.com\/fr\/","name":"World Baggage Network","description":"Excess Luggage \/ Personal Effects Shipping","publisher":{"@id":"https:\/\/worldbaggagenetwork.com\/fr\/#organization"},"potentialAction":[{"@type":"SearchAction","target":{"@type":"EntryPoint","urlTemplate":"https:\/\/worldbaggagenetwork.com\/fr\/?s={search_term_string}"},"query-input":{"@type":"PropertyValueSpecification","valueRequired":true,"valueName":"search_term_string"}}],"inLanguage":"fr-FR"},{"@type":"Organization","@id":"https:\/\/worldbaggagenetwork.com\/fr\/#organization","name":"World Baggage Network","url":"https:\/\/worldbaggagenetwork.com\/fr\/","logo":{"@type":"ImageObject","inLanguage":"fr-FR","@id":"https:\/\/worldbaggagenetwork.com\/fr\/#\/schema\/logo\/image\/","url":"http:\/\/worldbaggagenetwork.com\/wp-content\/uploads\/2021\/01\/WBN_Logo.png","contentUrl":"http:\/\/worldbaggagenetwork.com\/wp-content\/uploads\/2021\/01\/WBN_Logo.png","width":170,"height":80,"caption":"World Baggage Network"},"image":{"@id":"https:\/\/worldbaggagenetwork.com\/fr\/#\/schema\/logo\/image\/"},"sameAs":["https:\/\/www.facebook.com\/WorldBaggageNetwork\/","https:\/\/x.com\/worldbagnet","https:\/\/www.instagram.com\/worldbaggagenetwork\/","https:\/\/www.linkedin.com\/company\/world-baggage-network-international\/"]}]}},"_links":{"self":[{"href":"https:\/\/worldbaggagenetwork.com\/fr\/wp-json\/wp\/v2\/pages\/5156","targetHints":{"allow":["GET"]}}],"collection":[{"href":"https:\/\/worldbaggagenetwork.com\/fr\/wp-json\/wp\/v2\/pages"}],"about":[{"href":"https:\/\/worldbaggagenetwork.com\/fr\/wp-json\/wp\/v2\/types\/page"}],"author":[{"embeddable":true,"href":"https:\/\/worldbaggagenetwork.com\/fr\/wp-json\/wp\/v2\/users\/1"}],"replies":[{"embeddable":true,"href":"https:\/\/worldbaggagenetwork.com\/fr\/wp-json\/wp\/v2\/comments?post=5156"}],"version-history":[{"count":3,"href":"https:\/\/worldbaggagenetwork.com\/fr\/wp-json\/wp\/v2\/pages\/5156\/revisions"}],"predecessor-version":[{"id":5159,"href":"https:\/\/worldbaggagenetwork.com\/fr\/wp-json\/wp\/v2\/pages\/5156\/revisions\/5159"}],"wp:attachment":[{"href":"https:\/\/worldbaggagenetwork.com\/fr\/wp-json\/wp\/v2\/media?parent=5156"}],"curies":[{"name":"wp","href":"https:\/\/api.w.org\/{rel}","templated":true}]}}