{"id":6411,"date":"2021-06-01T14:44:01","date_gmt":"2021-06-01T10:44:01","guid":{"rendered":"http:\/\/worldbaggagenetwork.com\/politica-de-privacidad\/"},"modified":"2021-06-01T14:44:01","modified_gmt":"2021-06-01T10:44:01","slug":"politica-de-privacidad","status":"publish","type":"page","link":"https:\/\/worldbaggagenetwork.com\/es\/politica-de-privacidad\/","title":{"rendered":"Pol\u00edtica de privacidad"},"content":{"rendered":"\n<h2 class=\"wp-block-heading\">Qui\u00e9nes somos<\/h2>\n\n<p>La siguiente pol\u00edtica de privacidad se aplica a los servicios del sitio web proporcionados por World Baggage Network International Ltd (World Baggage Network o WBN) en www.worldbaggagenetwork.com<\/p>\n\n<h2 class=\"wp-block-heading\">Qu\u00e9 datos personales recogemos y por qu\u00e9 los recogemos<\/h2>\n\n<h3 class=\"wp-block-heading\">Comentarios<\/h3>\n\n<p>Cuando los visitantes dejan comentarios en el sitio, recogemos los datos que aparecen en el formulario de comentarios, as\u00ed como la direcci\u00f3n IP del visitante y la cadena de agentes de usuario del navegador para ayudar a la detecci\u00f3n de spam.<\/p>\n\n<p>Una cadena an\u00f3nima creada a partir de tu direcci\u00f3n de correo electr\u00f3nico (tambi\u00e9n llamada hash) puede ser proporcionada al servicio Gravatar para ver si lo est\u00e1s utilizando. La pol\u00edtica de privacidad del servicio Gravatar est\u00e1 disponible aqu\u00ed: https:\/\/automattic.com\/privacy\/. Tras la aprobaci\u00f3n de tu comentario, tu foto de perfil es visible para el p\u00fablico en el contexto de tu comentario.<\/p>\n\n<h3 class=\"wp-block-heading\">Medios de comunicaci\u00f3n<\/h3>\n\n<p>Si subes im\u00e1genes al sitio web, debes evitar subirlas con datos de ubicaci\u00f3n incrustados (EXIF GPS) incluidos. Los visitantes del sitio web pueden descargar y extraer cualquier dato de localizaci\u00f3n de las im\u00e1genes del sitio web.<\/p>\n\n<h3 class=\"wp-block-heading\">Formularios de contacto \/ formularios de presupuesto<\/h3>\n\n<p>Al utilizar nuestro servicio, es posible que le pidamos que nos proporcione cierta informaci\u00f3n personal identificable que pueda utilizarse para contactar con usted o identificarle. La informaci\u00f3n personal identificable puede incluir, pero no est\u00e1 limitada a:<\/p>\n\n<ul class=\"wp-block-list\"><li>Direcci\u00f3n de correo electr\u00f3nico<\/li><li>Nombre y apellidos<\/li><li>N\u00famero de tel\u00e9fono<\/li><li>Direcci\u00f3n<\/li><\/ul>\n\n<h3 class=\"wp-block-heading\" id=\"cookies\">Galletas<\/h3>\n\n<p>Las cookies son archivos que contienen peque\u00f1os datos que pueden incluir un identificador \u00fanico an\u00f3nimo. Las cookies se env\u00edan a su navegador desde un sitio web y se almacenan en su dispositivo. Las tecnolog\u00edas de seguimiento que tambi\u00e9n se utilizan son las balizas, las etiquetas y las secuencias de comandos para recopilar y rastrear informaci\u00f3n y para mejorar y analizar nuestro servicio.<\/p>\n\n<h4 class=\"wp-block-heading\">\u00bfSe utilizan cookies en el sitio?<\/h4>\n\n<p>Utilizamos cookies y tecnolog\u00edas de seguimiento similares para rastrear la actividad de nuestro servicio y conservar cierta informaci\u00f3n.<\/p>\n\n<p>Puede pedir a su navegador que rechace todas las cookies o que le indique cu\u00e1ndo se env\u00eda una cookie. Sin embargo, si no acepta las cookies, es posible que no pueda utilizar ciertas partes de nuestro servicio.<\/p>\n\n<p>Si publica un comentario en nuestro sitio, se le ofrecer\u00e1 guardar su nombre, direcci\u00f3n de correo electr\u00f3nico y sitio web en las cookies. Es s\u00f3lo para su comodidad, para que no tenga que introducir esta informaci\u00f3n si publica otro comentario m\u00e1s tarde. Estas cookies caducan al cabo de un a\u00f1o.<\/p>\n\n<p>Si visita nuestra p\u00e1gina de inicio de sesi\u00f3n, estableceremos una cookie temporal para determinar si su navegador acepta cookies. Esta cookie no contiene datos personales y se descarta cuando se cierra el navegador.<\/p>\n\n<p>Al iniciar la sesi\u00f3n, tambi\u00e9n configuraremos varias cookies para guardar su informaci\u00f3n de inicio de sesi\u00f3n y sus opciones de visualizaci\u00f3n en pantalla. Las cookies de inicio de sesi\u00f3n duran dos d\u00edas, y las de opciones de pantalla duran un a\u00f1o. Si selecciona \u00abRecu\u00e9rdame\u00bb, su inicio de sesi\u00f3n persistir\u00e1 durante dos semanas. Si cierra la sesi\u00f3n de su cuenta, se eliminar\u00e1n las cookies de inicio de sesi\u00f3n.<\/p>\n\n<p>Si edita o publica un art\u00edculo, se guardar\u00e1 una cookie adicional en su navegador. Esta cookie no incluye datos personales y simplemente indica el ID del art\u00edculo que acaba de editar. Caduca al cabo de 1 d\u00eda.<\/p>\n\n<h4 class=\"wp-block-heading\">Contenido incrustado de otros sitios web<\/h4>\n\n<p>Los art\u00edculos de este sitio pueden incluir contenido incrustado (por ejemplo, v\u00eddeos, im\u00e1genes, art\u00edculos, etc.). El contenido incrustado de otros sitios web se comporta exactamente igual que si el visitante hubiera visitado el otro sitio web.<\/p>\n\n<p>Estos sitios web pueden recopilar datos sobre usted, utilizar cookies, incrustar un seguimiento adicional de terceros y supervisar su interacci\u00f3n con ese contenido incrustado, incluido el seguimiento de su interacci\u00f3n con el contenido incrustado si tiene una cuenta y ha iniciado sesi\u00f3n en ese sitio web.<\/p>\n\n<h4 class=\"wp-block-heading\">Estad\u00edsticas y medici\u00f3n de la audiencia<\/h4>\n\n<p>Las estad\u00edsticas y las m\u00e9tricas de la audiencia son recogidas por Google Analytics.<\/p>\n\n<h2 class=\"wp-block-heading\">Con qui\u00e9n compartimos sus datos<\/h2>\n\n<p>Cuando utilice nuestros servicios o env\u00ede un formulario, compartiremos sus datos con nuestro socio registrado situado en el pa\u00eds afectado por su solicitud. Estos datos s\u00f3lo se utilizar\u00e1n para prestar el servicio solicitado.<\/p>\n\n<h2 class=\"wp-block-heading\">Cu\u00e1nto tiempo conservamos sus datos<\/h2>\n\n<p>Si deja un comentario, el comentario y sus metadatos se conservan indefinidamente. Esto es para que podamos reconocer y aprobar cualquier comentario de seguimiento autom\u00e1ticamente en lugar de mantenerlos en una cola de moderaci\u00f3n.<\/p>\n\n<p>En el caso de los usuarios que se registran en nuestro sitio web (si los hay), tambi\u00e9n almacenamos la informaci\u00f3n personal que proporcionan en su perfil de usuario. Todos los usuarios pueden ver, editar o eliminar su informaci\u00f3n personal en cualquier momento (excepto que no pueden cambiar su nombre de usuario). Los administradores del sitio web tambi\u00e9n pueden ver y editar esa informaci\u00f3n.<\/p>\n\n<h2 class=\"wp-block-heading\">Qu\u00e9 derechos tiene usted sobre sus datos<\/h2>\n\n<p>Si tiene una cuenta o si ha dejado comentarios en el sitio, puede solicitar que se le env\u00ede un archivo con todos los datos personales que tenemos sobre usted, incluidos los que nos ha proporcionado. Tambi\u00e9n puede solicitar la supresi\u00f3n de los datos personales que le conciernen. Esto no tiene en cuenta los datos almacenados por razones administrativas, legales o de seguridad.<\/p>\n\n<p>Estos son los derechos resumidos que tiene usted en virtud de la ley de protecci\u00f3n de datos<\/p>\n\n<ul class=\"wp-block-list\"><li>El derecho de acceso<\/li><li>El derecho de rectificaci\u00f3n<\/li><li>El derecho al borrado<\/li><li>Derecho a restringir el tratamiento<\/li><li>Derecho a oponerse al tratamiento<\/li><li>Derecho a la portabilidad de los datos<\/li><li>Derecho a reclamar ante una autoridad de control<\/li><li>Derecho a retirar el consentimiento<\/li><\/ul>\n\n<h2 class=\"wp-block-heading\">D\u00f3nde enviamos sus datos<\/h2>\n\n<p>Los comentarios de los visitantes pueden ser revisados a trav\u00e9s de un servicio autom\u00e1tico de detecci\u00f3n de spam.<\/p>\n\n<h2 class=\"wp-block-heading\">Sus datos de contacto<\/h2>\n\n<p>Los visitantes y clientes autorizados pueden ponerse en contacto con nosotros para actualizar la informaci\u00f3n de identificaci\u00f3n personal sobre ellos o para corregir cualquier inexactitud enviando un correo electr\u00f3nico a admin@worldbagnet.com<\/p>\n","protected":false},"excerpt":{"rendered":"<p>Qui\u00e9nes somos La siguiente pol\u00edtica de privacidad se aplica a los servicios del sitio web proporcionados por World Baggage Network International Ltd (World Baggage Network o WBN) en www.worldbaggagenetwork.com Qu\u00e9 datos personales recogemos y por qu\u00e9 los recogemos Comentarios Cuando los visitantes dejan comentarios en el sitio, recogemos los datos que aparecen en el formulario [&hellip;]<\/p>\n","protected":false},"author":1,"featured_media":0,"parent":0,"menu_order":0,"comment_status":"closed","ping_status":"open","template":"","meta":{"footnotes":""},"class_list":["post-6411","page","type-page","status-publish","hentry"],"yoast_head":"<!-- This site is optimized with the Yoast SEO plugin v27.5 - https:\/\/yoast.com\/product\/yoast-seo-wordpress\/ -->\n<title>Pol\u00edtica de privacidad - World Baggage Network<\/title>\n<meta name=\"robots\" content=\"index, follow, max-snippet:-1, max-image-preview:large, max-video-preview:-1\" \/>\n<link rel=\"canonical\" href=\"https:\/\/worldbaggagenetwork.com\/es\/politica-de-privacidad\/\" \/>\n<meta property=\"og:locale\" content=\"es_ES\" \/>\n<meta property=\"og:type\" content=\"article\" \/>\n<meta property=\"og:title\" content=\"Pol\u00edtica de privacidad - World Baggage Network\" \/>\n<meta property=\"og:description\" content=\"Qui\u00e9nes somos La siguiente pol\u00edtica de privacidad se aplica a los servicios del sitio web proporcionados por World Baggage Network International Ltd (World Baggage Network o WBN) en www.worldbaggagenetwork.com Qu\u00e9 datos personales recogemos y por qu\u00e9 los recogemos Comentarios Cuando los visitantes dejan comentarios en el sitio, recogemos los datos que aparecen en el formulario [&hellip;]\" \/>\n<meta property=\"og:url\" content=\"https:\/\/worldbaggagenetwork.com\/es\/politica-de-privacidad\/\" \/>\n<meta property=\"og:site_name\" content=\"World Baggage Network\" \/>\n<meta property=\"article:publisher\" content=\"https:\/\/www.facebook.com\/WorldBaggageNetwork\/\" \/>\n<meta name=\"twitter:card\" content=\"summary_large_image\" \/>\n<meta name=\"twitter:site\" content=\"@worldbagnet\" \/>\n<meta name=\"twitter:label1\" content=\"Tiempo de lectura\" \/>\n\t<meta name=\"twitter:data1\" content=\"5 minutos\" \/>\n<script type=\"application\/ld+json\" class=\"yoast-schema-graph\">{\"@context\":\"https:\\\/\\\/schema.org\",\"@graph\":[{\"@type\":\"WebPage\",\"@id\":\"https:\\\/\\\/worldbaggagenetwork.com\\\/es\\\/politica-de-privacidad\\\/\",\"url\":\"https:\\\/\\\/worldbaggagenetwork.com\\\/es\\\/politica-de-privacidad\\\/\",\"name\":\"Pol\u00edtica de privacidad - World Baggage Network\",\"isPartOf\":{\"@id\":\"https:\\\/\\\/worldbaggagenetwork.com\\\/es\\\/#website\"},\"datePublished\":\"2021-06-01T10:44:01+00:00\",\"breadcrumb\":{\"@id\":\"https:\\\/\\\/worldbaggagenetwork.com\\\/es\\\/politica-de-privacidad\\\/#breadcrumb\"},\"inLanguage\":\"es\",\"potentialAction\":[{\"@type\":\"ReadAction\",\"target\":[\"https:\\\/\\\/worldbaggagenetwork.com\\\/es\\\/politica-de-privacidad\\\/\"]}]},{\"@type\":\"BreadcrumbList\",\"@id\":\"https:\\\/\\\/worldbaggagenetwork.com\\\/es\\\/politica-de-privacidad\\\/#breadcrumb\",\"itemListElement\":[{\"@type\":\"ListItem\",\"position\":1,\"name\":\"Home\",\"item\":\"https:\\\/\\\/worldbaggagenetwork.com\\\/es\\\/bienvenido\\\/\"},{\"@type\":\"ListItem\",\"position\":2,\"name\":\"Pol\u00edtica de privacidad\"}]},{\"@type\":\"WebSite\",\"@id\":\"https:\\\/\\\/worldbaggagenetwork.com\\\/es\\\/#website\",\"url\":\"https:\\\/\\\/worldbaggagenetwork.com\\\/es\\\/\",\"name\":\"World Baggage Network\",\"description\":\"Excess Luggage \\\/ Personal Effects Shipping\",\"publisher\":{\"@id\":\"https:\\\/\\\/worldbaggagenetwork.com\\\/es\\\/#organization\"},\"potentialAction\":[{\"@type\":\"SearchAction\",\"target\":{\"@type\":\"EntryPoint\",\"urlTemplate\":\"https:\\\/\\\/worldbaggagenetwork.com\\\/es\\\/?s={search_term_string}\"},\"query-input\":{\"@type\":\"PropertyValueSpecification\",\"valueRequired\":true,\"valueName\":\"search_term_string\"}}],\"inLanguage\":\"es\"},{\"@type\":\"Organization\",\"@id\":\"https:\\\/\\\/worldbaggagenetwork.com\\\/es\\\/#organization\",\"name\":\"World Baggage Network\",\"url\":\"https:\\\/\\\/worldbaggagenetwork.com\\\/es\\\/\",\"logo\":{\"@type\":\"ImageObject\",\"inLanguage\":\"es\",\"@id\":\"https:\\\/\\\/worldbaggagenetwork.com\\\/es\\\/#\\\/schema\\\/logo\\\/image\\\/\",\"url\":\"http:\\\/\\\/worldbaggagenetwork.com\\\/wp-content\\\/uploads\\\/2021\\\/01\\\/WBN_Logo.png\",\"contentUrl\":\"http:\\\/\\\/worldbaggagenetwork.com\\\/wp-content\\\/uploads\\\/2021\\\/01\\\/WBN_Logo.png\",\"width\":170,\"height\":80,\"caption\":\"World Baggage Network\"},\"image\":{\"@id\":\"https:\\\/\\\/worldbaggagenetwork.com\\\/es\\\/#\\\/schema\\\/logo\\\/image\\\/\"},\"sameAs\":[\"https:\\\/\\\/www.facebook.com\\\/WorldBaggageNetwork\\\/\",\"https:\\\/\\\/x.com\\\/worldbagnet\",\"https:\\\/\\\/www.instagram.com\\\/worldbaggagenetwork\\\/\",\"https:\\\/\\\/www.linkedin.com\\\/company\\\/world-baggage-network-international\\\/\"]}]}<\/script>\n<!-- \/ Yoast SEO plugin. -->","yoast_head_json":{"title":"Pol\u00edtica de privacidad - World Baggage Network","robots":{"index":"index","follow":"follow","max-snippet":"max-snippet:-1","max-image-preview":"max-image-preview:large","max-video-preview":"max-video-preview:-1"},"canonical":"https:\/\/worldbaggagenetwork.com\/es\/politica-de-privacidad\/","og_locale":"es_ES","og_type":"article","og_title":"Pol\u00edtica de privacidad - World Baggage Network","og_description":"Qui\u00e9nes somos La siguiente pol\u00edtica de privacidad se aplica a los servicios del sitio web proporcionados por World Baggage Network International Ltd (World Baggage Network o WBN) en www.worldbaggagenetwork.com Qu\u00e9 datos personales recogemos y por qu\u00e9 los recogemos Comentarios Cuando los visitantes dejan comentarios en el sitio, recogemos los datos que aparecen en el formulario [&hellip;]","og_url":"https:\/\/worldbaggagenetwork.com\/es\/politica-de-privacidad\/","og_site_name":"World Baggage Network","article_publisher":"https:\/\/www.facebook.com\/WorldBaggageNetwork\/","twitter_card":"summary_large_image","twitter_site":"@worldbagnet","twitter_misc":{"Tiempo de lectura":"5 minutos"},"schema":{"@context":"https:\/\/schema.org","@graph":[{"@type":"WebPage","@id":"https:\/\/worldbaggagenetwork.com\/es\/politica-de-privacidad\/","url":"https:\/\/worldbaggagenetwork.com\/es\/politica-de-privacidad\/","name":"Pol\u00edtica de privacidad - World Baggage Network","isPartOf":{"@id":"https:\/\/worldbaggagenetwork.com\/es\/#website"},"datePublished":"2021-06-01T10:44:01+00:00","breadcrumb":{"@id":"https:\/\/worldbaggagenetwork.com\/es\/politica-de-privacidad\/#breadcrumb"},"inLanguage":"es","potentialAction":[{"@type":"ReadAction","target":["https:\/\/worldbaggagenetwork.com\/es\/politica-de-privacidad\/"]}]},{"@type":"BreadcrumbList","@id":"https:\/\/worldbaggagenetwork.com\/es\/politica-de-privacidad\/#breadcrumb","itemListElement":[{"@type":"ListItem","position":1,"name":"Home","item":"https:\/\/worldbaggagenetwork.com\/es\/bienvenido\/"},{"@type":"ListItem","position":2,"name":"Pol\u00edtica de privacidad"}]},{"@type":"WebSite","@id":"https:\/\/worldbaggagenetwork.com\/es\/#website","url":"https:\/\/worldbaggagenetwork.com\/es\/","name":"World Baggage Network","description":"Excess Luggage \/ Personal Effects Shipping","publisher":{"@id":"https:\/\/worldbaggagenetwork.com\/es\/#organization"},"potentialAction":[{"@type":"SearchAction","target":{"@type":"EntryPoint","urlTemplate":"https:\/\/worldbaggagenetwork.com\/es\/?s={search_term_string}"},"query-input":{"@type":"PropertyValueSpecification","valueRequired":true,"valueName":"search_term_string"}}],"inLanguage":"es"},{"@type":"Organization","@id":"https:\/\/worldbaggagenetwork.com\/es\/#organization","name":"World Baggage Network","url":"https:\/\/worldbaggagenetwork.com\/es\/","logo":{"@type":"ImageObject","inLanguage":"es","@id":"https:\/\/worldbaggagenetwork.com\/es\/#\/schema\/logo\/image\/","url":"http:\/\/worldbaggagenetwork.com\/wp-content\/uploads\/2021\/01\/WBN_Logo.png","contentUrl":"http:\/\/worldbaggagenetwork.com\/wp-content\/uploads\/2021\/01\/WBN_Logo.png","width":170,"height":80,"caption":"World Baggage Network"},"image":{"@id":"https:\/\/worldbaggagenetwork.com\/es\/#\/schema\/logo\/image\/"},"sameAs":["https:\/\/www.facebook.com\/WorldBaggageNetwork\/","https:\/\/x.com\/worldbagnet","https:\/\/www.instagram.com\/worldbaggagenetwork\/","https:\/\/www.linkedin.com\/company\/world-baggage-network-international\/"]}]}},"_links":{"self":[{"href":"https:\/\/worldbaggagenetwork.com\/es\/wp-json\/wp\/v2\/pages\/6411","targetHints":{"allow":["GET"]}}],"collection":[{"href":"https:\/\/worldbaggagenetwork.com\/es\/wp-json\/wp\/v2\/pages"}],"about":[{"href":"https:\/\/worldbaggagenetwork.com\/es\/wp-json\/wp\/v2\/types\/page"}],"author":[{"embeddable":true,"href":"https:\/\/worldbaggagenetwork.com\/es\/wp-json\/wp\/v2\/users\/1"}],"replies":[{"embeddable":true,"href":"https:\/\/worldbaggagenetwork.com\/es\/wp-json\/wp\/v2\/comments?post=6411"}],"version-history":[{"count":1,"href":"https:\/\/worldbaggagenetwork.com\/es\/wp-json\/wp\/v2\/pages\/6411\/revisions"}],"predecessor-version":[{"id":6412,"href":"https:\/\/worldbaggagenetwork.com\/es\/wp-json\/wp\/v2\/pages\/6411\/revisions\/6412"}],"wp:attachment":[{"href":"https:\/\/worldbaggagenetwork.com\/es\/wp-json\/wp\/v2\/media?parent=6411"}],"curies":[{"name":"wp","href":"https:\/\/api.w.org\/{rel}","templated":true}]}}