{"id":6349,"date":"2021-06-01T14:43:31","date_gmt":"2021-06-01T10:43:31","guid":{"rendered":"http:\/\/worldbaggagenetwork.com\/directrices\/"},"modified":"2021-06-01T14:43:33","modified_gmt":"2021-06-01T10:43:33","slug":"directrices","status":"publish","type":"page","link":"https:\/\/worldbaggagenetwork.com\/es\/directrices\/","title":{"rendered":"Directrices"},"content":{"rendered":"<div id='av_section_1'  class='avia-section av-kks0jpxj-068724a19e12bbcd20766604e0a64f64 footer_color avia-section-no-padding avia-no-border-styling  avia-builder-el-0  el_before_av_masonry_entries  avia-builder-el-first  avia-bg-style-scroll container_wrap sidebar_right'  ><div class='container av-section-cont-open' ><main  role=\"main\" itemprop=\"mainContentOfPage\"  class='template-page content  av-content-small alpha units'><div class='post-entry post-entry-type-page post-entry-6349'><div class='entry-content-wrapper clearfix'>\n\n<style type=\"text\/css\" data-created_by=\"avia_inline_auto\" id=\"style-css-av-kkzeicm7-a89bea586057e0f9c9b8aecfe5c7d403\">\n#top .flex_column.av-kkzeicm7-a89bea586057e0f9c9b8aecfe5c7d403{\nmargin-top:30px;\nmargin-bottom:30px;\n}\n.flex_column.av-kkzeicm7-a89bea586057e0f9c9b8aecfe5c7d403{\nborder-radius:0px 0px 0px 0px;\npadding:0px 0px 0px 0px;\n}\n.responsive #top #wrap_all .flex_column.av-kkzeicm7-a89bea586057e0f9c9b8aecfe5c7d403{\nmargin-top:30px;\nmargin-bottom:30px;\n}\n<\/style>\n<div  class='flex_column av-kkzeicm7-a89bea586057e0f9c9b8aecfe5c7d403 av_one_full  avia-builder-el-1  avia-builder-el-no-sibling  first flex_column_div av-zero-column-padding  '     ><style type=\"text\/css\" data-created_by=\"avia_inline_auto\" id=\"style-css-av-10v8p-ef0a11b1c493aff19930375d19f20d81\">\n#top .av-special-heading.av-10v8p-ef0a11b1c493aff19930375d19f20d81{\npadding-bottom:10px;\n}\nbody .av-special-heading.av-10v8p-ef0a11b1c493aff19930375d19f20d81 .av-special-heading-tag .heading-char{\nfont-size:25px;\n}\n.av-special-heading.av-10v8p-ef0a11b1c493aff19930375d19f20d81 .av-subheading{\nfont-size:15px;\n}\n<\/style>\n<div  class='av-special-heading av-10v8p-ef0a11b1c493aff19930375d19f20d81 av-special-heading-h1 blockquote modern-quote modern-centered  avia-builder-el-2  avia-builder-el-no-sibling '><h1 class='av-special-heading-tag '  itemprop=\"headline\"  >Normativa aduanera y documentos necesarios<\/h1><div class='av-subheading av-subheading_below'><p>Normativa sobre la importaci\u00f3n de efectos personales<\/p>\n<\/div><div class=\"special-heading-border\"><div class=\"special-heading-inner-border\"><\/div><\/div><\/div><\/div>\n\n<div id='av-masonry-1' class='av-masonry av-koxxp5x5-ebba8400f8a92113966b80d504af5f11 noHover av-fixed-size av-large-gap av-hover-overlay-active av-masonry-animation-active av-masonry-col-6 av-caption-always av-caption-style-overlay av-masonry-entries ' data-post_id=\"6349\"><div class='av-masonry-sort main_color av-sort-yes' data-masonry-id='1' ><div class='av-sort-by-term  ' data-av-allowed-sort='[\"a-es_sort\",\"b-es_sort\",\"c-es_sort\",\"m-es_sort\",\"p-es_sort\",\"s-es_sort\",\"u-es_sort\",\"v-es_sort\"]' ><a href=\"#\" data-filter=\"all_sort\" class=\"all_sort_button active_sort\"><span class=\"inner_sort_button\"><span>Todo<\/span><small class=\"avia-term-count\"> 10 <\/small><\/span><\/a><span class='text-sep a-es_sort_sep avia_show_sort'>\/<\/span><a href=\"#\" data-filter=\"a-es_sort\" class=\"a-es_sort_button avia_show_sort\" ><span class=\"inner_sort_button\"><span>A<\/span><small class='avia-term-count'> 1 <\/small><\/span><\/a><span class='text-sep b-es_sort_sep avia_show_sort'>\/<\/span><a href=\"#\" data-filter=\"b-es_sort\" class=\"b-es_sort_button avia_show_sort\" ><span class=\"inner_sort_button\"><span>B<\/span><small class='avia-term-count'> 1 <\/small><\/span><\/a><span class='text-sep c-es_sort_sep avia_show_sort'>\/<\/span><a href=\"#\" data-filter=\"c-es_sort\" class=\"c-es_sort_button avia_show_sort\" ><span class=\"inner_sort_button\"><span>C<\/span><small class='avia-term-count'> 2 <\/small><\/span><\/a><span class='text-sep m-es_sort_sep avia_show_sort'>\/<\/span><a href=\"#\" data-filter=\"m-es_sort\" class=\"m-es_sort_button avia_show_sort\" ><span class=\"inner_sort_button\"><span>M<\/span><small class='avia-term-count'> 1 <\/small><\/span><\/a><span class='text-sep normativa-aduanera-y-documentos-necesarios_sort_sep avia_hide_sort'>\/<\/span><a href=\"#\" data-filter=\"normativa-aduanera-y-documentos-necesarios_sort\" class=\"normativa-aduanera-y-documentos-necesarios_sort_button avia_hide_sort\" ><span class=\"inner_sort_button\"><span>Normativa aduanera y documentos necesarios<\/span><small class='avia-term-count'> 0 <\/small><\/span><\/a><span class='text-sep p-es_sort_sep avia_show_sort'>\/<\/span><a href=\"#\" data-filter=\"p-es_sort\" class=\"p-es_sort_button avia_show_sort\" ><span class=\"inner_sort_button\"><span>P<\/span><small class='avia-term-count'> 2 <\/small><\/span><\/a><span class='text-sep s-es_sort_sep avia_show_sort'>\/<\/span><a href=\"#\" data-filter=\"s-es_sort\" class=\"s-es_sort_button avia_show_sort\" ><span class=\"inner_sort_button\"><span>S<\/span><small class='avia-term-count'> 1 <\/small><\/span><\/a><span class='text-sep u-es_sort_sep avia_show_sort'>\/<\/span><a href=\"#\" data-filter=\"u-es_sort\" class=\"u-es_sort_button avia_show_sort\" ><span class=\"inner_sort_button\"><span>U<\/span><small class='avia-term-count'> 1 <\/small><\/span><\/a><span class='text-sep v-es_sort_sep avia_show_sort'>\/<\/span><a href=\"#\" data-filter=\"v-es_sort\" class=\"v-es_sort_button avia_show_sort\" ><span class=\"inner_sort_button\"><span>V<\/span><small class='avia-term-count'> 1 <\/small><\/span><\/a><\/div><\/div><div class=\"av-masonry-container isotope av-js-disabled\"><div class='av-masonry-entry isotope-item av-masonry-item-no-image all_sort a-es_sort  normativa-aduanera-y-documentos-necesarios_sort  b-es_sort  c-es_sort  s-es_sort  m-es_sort  p-es_sort  u-es_sort  v-es_sort '><\/div><a href=\"https:\/\/worldbaggagenetwork.com\/es\/guidelines\/argentina-2\/\"  id='av-masonry-1-item-6535' data-av-masonry-item='6535' class='av-masonry-entry isotope-item post-6535 portfolio type-portfolio status-publish has-post-thumbnail hentry portfolio_entries-a-es portfolio_entries-normativa-aduanera-y-documentos-necesarios all_sort a-es_sort  normativa-aduanera-y-documentos-necesarios_sort  av-masonry-item-with-image av-grid-img' title=\"Argentina\"   itemscope=\"itemscope\" itemtype=\"https:\/\/schema.org\/CreativeWork\" ><div class='av-inner-masonry-sizer'><\/div><figure class='av-inner-masonry main_color'><div class=\"av-masonry-outerimage-container\"><div class='av-masonry-image-container' style=\"background-image: url(https:\/\/worldbaggagenetwork.com\/wp-content\/uploads\/2021\/02\/Argentina-flag.png);\"  title=\"Argentina\" ><\/div><\/div><figcaption class='av-inner-masonry-content site-background'><div class='av-inner-masonry-content-pos'><div class='av-inner-masonry-content-pos-content'><div class='avia-arrow'><\/div><h3 class='av-masonry-entry-title entry-title '  itemprop=\"headline\" >Argentina<\/h3><\/div><\/div><\/figcaption><\/figure><\/a><!--end av-masonry entry--><a href=\"https:\/\/worldbaggagenetwork.com\/es\/guidelines\/bolivia-2\/\"  id='av-masonry-1-item-6540' data-av-masonry-item='6540' class='av-masonry-entry isotope-item post-6540 portfolio type-portfolio status-publish has-post-thumbnail hentry portfolio_entries-b-es portfolio_entries-normativa-aduanera-y-documentos-necesarios all_sort b-es_sort  normativa-aduanera-y-documentos-necesarios_sort  av-masonry-item-with-image av-grid-img' title=\"Bolivia\"   itemscope=\"itemscope\" itemtype=\"https:\/\/schema.org\/CreativeWork\" ><div class='av-inner-masonry-sizer'><\/div><figure class='av-inner-masonry main_color'><div class=\"av-masonry-outerimage-container\"><div class='av-masonry-image-container' style=\"background-image: url(https:\/\/worldbaggagenetwork.com\/wp-content\/uploads\/2021\/03\/flag06.png);\"  title=\"Bolivia\" ><\/div><\/div><figcaption class='av-inner-masonry-content site-background'><div class='av-inner-masonry-content-pos'><div class='av-inner-masonry-content-pos-content'><div class='avia-arrow'><\/div><h3 class='av-masonry-entry-title entry-title '  itemprop=\"headline\" >Bolivia<\/h3><\/div><\/div><\/figcaption><\/figure><\/a><!--end av-masonry entry--><a href=\"https:\/\/worldbaggagenetwork.com\/es\/guidelines\/chile-2\/\"  id='av-masonry-1-item-6554' data-av-masonry-item='6554' class='av-masonry-entry isotope-item post-6554 portfolio type-portfolio status-publish has-post-thumbnail hentry portfolio_entries-c-es portfolio_entries-normativa-aduanera-y-documentos-necesarios all_sort c-es_sort  normativa-aduanera-y-documentos-necesarios_sort  av-masonry-item-with-image av-grid-img' title=\"Chile\"   itemscope=\"itemscope\" itemtype=\"https:\/\/schema.org\/CreativeWork\" ><div class='av-inner-masonry-sizer'><\/div><figure class='av-inner-masonry main_color'><div class=\"av-masonry-outerimage-container\"><div class='av-masonry-image-container' style=\"background-image: url(https:\/\/worldbaggagenetwork.com\/wp-content\/uploads\/2021\/03\/flag04.png);\"  title=\"Chile\" ><\/div><\/div><figcaption class='av-inner-masonry-content site-background'><div class='av-inner-masonry-content-pos'><div class='av-inner-masonry-content-pos-content'><div class='avia-arrow'><\/div><h3 class='av-masonry-entry-title entry-title '  itemprop=\"headline\" >Chile<\/h3><\/div><\/div><\/figcaption><\/figure><\/a><!--end av-masonry entry--><a href=\"https:\/\/worldbaggagenetwork.com\/es\/guidelines\/colombia-2\/\"  id='av-masonry-1-item-6567' data-av-masonry-item='6567' class='av-masonry-entry isotope-item post-6567 portfolio type-portfolio status-publish has-post-thumbnail hentry portfolio_entries-c-es portfolio_entries-normativa-aduanera-y-documentos-necesarios all_sort c-es_sort  normativa-aduanera-y-documentos-necesarios_sort  av-masonry-item-with-image av-grid-img' title=\"Colombia\"   itemscope=\"itemscope\" itemtype=\"https:\/\/schema.org\/CreativeWork\" ><div class='av-inner-masonry-sizer'><\/div><figure class='av-inner-masonry main_color'><div class=\"av-masonry-outerimage-container\"><div class='av-masonry-image-container' style=\"background-image: url(https:\/\/worldbaggagenetwork.com\/wp-content\/uploads\/2021\/03\/flag03.png);\"  title=\"Colombia\" ><\/div><\/div><figcaption class='av-inner-masonry-content site-background'><div class='av-inner-masonry-content-pos'><div class='av-inner-masonry-content-pos-content'><div class='avia-arrow'><\/div><h3 class='av-masonry-entry-title entry-title '  itemprop=\"headline\" >Colombia<\/h3><\/div><\/div><\/figcaption><\/figure><\/a><!--end av-masonry entry--><a href=\"https:\/\/worldbaggagenetwork.com\/es\/guidelines\/espana\/\"  id='av-masonry-1-item-6562' data-av-masonry-item='6562' class='av-masonry-entry isotope-item post-6562 portfolio type-portfolio status-publish has-post-thumbnail hentry portfolio_entries-normativa-aduanera-y-documentos-necesarios portfolio_entries-s-es all_sort normativa-aduanera-y-documentos-necesarios_sort  s-es_sort  av-masonry-item-with-image av-grid-img' title=\"Spain\"   itemscope=\"itemscope\" itemtype=\"https:\/\/schema.org\/CreativeWork\" ><div class='av-inner-masonry-sizer'><\/div><figure class='av-inner-masonry main_color'><div class=\"av-masonry-outerimage-container\"><div class='av-masonry-image-container' style=\"background-image: url(https:\/\/worldbaggagenetwork.com\/wp-content\/uploads\/2021\/04\/flag49.png);\"  title=\"Spain\" ><\/div><\/div><figcaption class='av-inner-masonry-content site-background'><div class='av-inner-masonry-content-pos'><div class='av-inner-masonry-content-pos-content'><div class='avia-arrow'><\/div><h3 class='av-masonry-entry-title entry-title '  itemprop=\"headline\" >Espa\u00f1a<\/h3><\/div><\/div><\/figcaption><\/figure><\/a><!--end av-masonry entry--><a href=\"https:\/\/worldbaggagenetwork.com\/es\/guidelines\/mexico-2\/\"  id='av-masonry-1-item-6559' data-av-masonry-item='6559' class='av-masonry-entry isotope-item post-6559 portfolio type-portfolio status-publish has-post-thumbnail hentry portfolio_entries-m-es portfolio_entries-normativa-aduanera-y-documentos-necesarios all_sort m-es_sort  normativa-aduanera-y-documentos-necesarios_sort  av-masonry-item-with-image av-grid-img' title=\"Mexico\"   itemscope=\"itemscope\" itemtype=\"https:\/\/schema.org\/CreativeWork\" ><div class='av-inner-masonry-sizer'><\/div><figure class='av-inner-masonry main_color'><div class=\"av-masonry-outerimage-container\"><div class='av-masonry-image-container' style=\"background-image: url(https:\/\/worldbaggagenetwork.com\/wp-content\/uploads\/2021\/04\/flag42.png);\"  title=\"Mexico\" ><\/div><\/div><figcaption class='av-inner-masonry-content site-background'><div class='av-inner-masonry-content-pos'><div class='av-inner-masonry-content-pos-content'><div class='avia-arrow'><\/div><h3 class='av-masonry-entry-title entry-title '  itemprop=\"headline\" >M\u00e9xico<\/h3><\/div><\/div><\/figcaption><\/figure><\/a><!--end av-masonry entry--><a href=\"https:\/\/worldbaggagenetwork.com\/es\/guidelines\/paraguay-2\/\"  id='av-masonry-1-item-6549' data-av-masonry-item='6549' class='av-masonry-entry isotope-item post-6549 portfolio type-portfolio status-publish has-post-thumbnail hentry portfolio_entries-normativa-aduanera-y-documentos-necesarios portfolio_entries-p-es all_sort normativa-aduanera-y-documentos-necesarios_sort  p-es_sort  av-masonry-item-with-image av-grid-img' title=\"Paraguay\"   itemscope=\"itemscope\" itemtype=\"https:\/\/schema.org\/CreativeWork\" ><div class='av-inner-masonry-sizer'><\/div><figure class='av-inner-masonry main_color'><div class=\"av-masonry-outerimage-container\"><div class='av-masonry-image-container' style=\"background-image: url(https:\/\/worldbaggagenetwork.com\/wp-content\/uploads\/2021\/04\/flag01.png);\"  title=\"Paraguay\" ><\/div><\/div><figcaption class='av-inner-masonry-content site-background'><div class='av-inner-masonry-content-pos'><div class='av-inner-masonry-content-pos-content'><div class='avia-arrow'><\/div><h3 class='av-masonry-entry-title entry-title '  itemprop=\"headline\" >Paraguay<\/h3><\/div><\/div><\/figcaption><\/figure><\/a><!--end av-masonry entry--><a href=\"https:\/\/worldbaggagenetwork.com\/es\/guidelines\/peru-2\/\"  id='av-masonry-1-item-6568' data-av-masonry-item='6568' class='av-masonry-entry isotope-item post-6568 portfolio type-portfolio status-publish has-post-thumbnail hentry portfolio_entries-normativa-aduanera-y-documentos-necesarios portfolio_entries-p-es all_sort normativa-aduanera-y-documentos-necesarios_sort  p-es_sort  av-masonry-item-with-image av-grid-img' title=\"Peru\"   itemscope=\"itemscope\" itemtype=\"https:\/\/schema.org\/CreativeWork\" ><div class='av-inner-masonry-sizer'><\/div><figure class='av-inner-masonry main_color'><div class=\"av-masonry-outerimage-container\"><div class='av-masonry-image-container' style=\"background-image: url(https:\/\/worldbaggagenetwork.com\/wp-content\/uploads\/2021\/04\/flag12.png);\"  title=\"Peru\" ><\/div><\/div><figcaption class='av-inner-masonry-content site-background'><div class='av-inner-masonry-content-pos'><div class='av-inner-masonry-content-pos-content'><div class='avia-arrow'><\/div><h3 class='av-masonry-entry-title entry-title '  itemprop=\"headline\" >Per\u00fa<\/h3><\/div><\/div><\/figcaption><\/figure><\/a><!--end av-masonry entry--><a href=\"https:\/\/worldbaggagenetwork.com\/es\/guidelines\/uruguay-2\/\"  id='av-masonry-1-item-6544' data-av-masonry-item='6544' class='av-masonry-entry isotope-item post-6544 portfolio type-portfolio status-publish has-post-thumbnail hentry portfolio_entries-normativa-aduanera-y-documentos-necesarios portfolio_entries-u-es all_sort normativa-aduanera-y-documentos-necesarios_sort  u-es_sort  av-masonry-item-with-image av-grid-img' title=\"Uruguay\"   itemscope=\"itemscope\" itemtype=\"https:\/\/schema.org\/CreativeWork\" ><div class='av-inner-masonry-sizer'><\/div><figure class='av-inner-masonry main_color'><div class=\"av-masonry-outerimage-container\"><div class='av-masonry-image-container' style=\"background-image: url(https:\/\/worldbaggagenetwork.com\/wp-content\/uploads\/2021\/04\/flag13.png);\"  title=\"Uruguay\" ><\/div><\/div><figcaption class='av-inner-masonry-content site-background'><div class='av-inner-masonry-content-pos'><div class='av-inner-masonry-content-pos-content'><div class='avia-arrow'><\/div><h3 class='av-masonry-entry-title entry-title '  itemprop=\"headline\" >Uruguay<\/h3><\/div><\/div><\/figcaption><\/figure><\/a><!--end av-masonry entry--><a href=\"https:\/\/worldbaggagenetwork.com\/es\/guidelines\/venezuela-2\/\"  id='av-masonry-1-item-6530' data-av-masonry-item='6530' class='av-masonry-entry isotope-item post-6530 portfolio type-portfolio status-publish has-post-thumbnail hentry portfolio_entries-normativa-aduanera-y-documentos-necesarios portfolio_entries-v-es all_sort normativa-aduanera-y-documentos-necesarios_sort  v-es_sort  av-masonry-item-with-image av-grid-img' title=\"Venezuela\"   itemscope=\"itemscope\" itemtype=\"https:\/\/schema.org\/CreativeWork\" ><div class='av-inner-masonry-sizer'><\/div><figure class='av-inner-masonry main_color'><div class=\"av-masonry-outerimage-container\"><div class='av-masonry-image-container' style=\"background-image: url(https:\/\/worldbaggagenetwork.com\/wp-content\/uploads\/2021\/04\/flag14.png);\"  title=\"Venezuela\" ><\/div><\/div><figcaption class='av-inner-masonry-content site-background'><div class='av-inner-masonry-content-pos'><div class='av-inner-masonry-content-pos-content'><div class='avia-arrow'><\/div><h3 class='av-masonry-entry-title entry-title '  itemprop=\"headline\" >Venezuela<\/h3><\/div><\/div><\/figcaption><\/figure><\/a><!--end av-masonry entry--><\/div><\/div>\n","protected":false},"excerpt":{"rendered":"","protected":false},"author":2,"featured_media":0,"parent":0,"menu_order":0,"comment_status":"closed","ping_status":"closed","template":"","meta":{"footnotes":""},"class_list":["post-6349","page","type-page","status-publish","hentry"],"yoast_head":"<!-- This site is optimized with the Yoast SEO plugin v27.6 - https:\/\/yoast.com\/product\/yoast-seo-wordpress\/ -->\n<title>Directrices - World Baggage Network<\/title>\n<meta name=\"description\" content=\"Gu\u00eda del viajero en el mundo: obtenga toda la normativa sobre aduanas e importaci\u00f3n de efectos personales, los documentos necesarios y la informaci\u00f3n para sus viajes.\" \/>\n<meta name=\"robots\" content=\"index, follow, max-snippet:-1, max-image-preview:large, max-video-preview:-1\" \/>\n<link rel=\"canonical\" href=\"https:\/\/worldbaggagenetwork.com\/es\/directrices\/\" \/>\n<meta property=\"og:locale\" content=\"es_ES\" \/>\n<meta property=\"og:type\" content=\"article\" \/>\n<meta property=\"og:title\" content=\"Directrices - World Baggage Network\" \/>\n<meta property=\"og:description\" content=\"Gu\u00eda del viajero en el mundo: obtenga toda la normativa sobre aduanas e importaci\u00f3n de efectos personales, los documentos necesarios y la informaci\u00f3n para sus viajes.\" \/>\n<meta property=\"og:url\" content=\"https:\/\/worldbaggagenetwork.com\/es\/directrices\/\" \/>\n<meta property=\"og:site_name\" content=\"World Baggage Network\" \/>\n<meta property=\"article:publisher\" content=\"https:\/\/www.facebook.com\/WorldBaggageNetwork\/\" \/>\n<meta property=\"article:modified_time\" content=\"2021-06-01T10:43:33+00:00\" \/>\n<meta name=\"twitter:card\" content=\"summary_large_image\" \/>\n<meta name=\"twitter:site\" content=\"@worldbagnet\" \/>\n<meta name=\"twitter:label1\" content=\"Tiempo de lectura\" \/>\n\t<meta name=\"twitter:data1\" content=\"2 minutos\" \/>\n<script type=\"application\/ld+json\" class=\"yoast-schema-graph\">{\"@context\":\"https:\\\/\\\/schema.org\",\"@graph\":[{\"@type\":\"WebPage\",\"@id\":\"https:\\\/\\\/worldbaggagenetwork.com\\\/es\\\/directrices\\\/\",\"url\":\"https:\\\/\\\/worldbaggagenetwork.com\\\/es\\\/directrices\\\/\",\"name\":\"Directrices - World Baggage Network\",\"isPartOf\":{\"@id\":\"https:\\\/\\\/worldbaggagenetwork.com\\\/es\\\/#website\"},\"datePublished\":\"2021-06-01T10:43:31+00:00\",\"dateModified\":\"2021-06-01T10:43:33+00:00\",\"description\":\"Gu\u00eda del viajero en el mundo: obtenga toda la normativa sobre aduanas e importaci\u00f3n de efectos personales, los documentos necesarios y la informaci\u00f3n para sus viajes.\",\"breadcrumb\":{\"@id\":\"https:\\\/\\\/worldbaggagenetwork.com\\\/es\\\/directrices\\\/#breadcrumb\"},\"inLanguage\":\"es\",\"potentialAction\":[{\"@type\":\"ReadAction\",\"target\":[\"https:\\\/\\\/worldbaggagenetwork.com\\\/es\\\/directrices\\\/\"]}]},{\"@type\":\"BreadcrumbList\",\"@id\":\"https:\\\/\\\/worldbaggagenetwork.com\\\/es\\\/directrices\\\/#breadcrumb\",\"itemListElement\":[{\"@type\":\"ListItem\",\"position\":1,\"name\":\"Home\",\"item\":\"https:\\\/\\\/worldbaggagenetwork.com\\\/es\\\/bienvenido\\\/\"},{\"@type\":\"ListItem\",\"position\":2,\"name\":\"Directrices\"}]},{\"@type\":\"WebSite\",\"@id\":\"https:\\\/\\\/worldbaggagenetwork.com\\\/es\\\/#website\",\"url\":\"https:\\\/\\\/worldbaggagenetwork.com\\\/es\\\/\",\"name\":\"World Baggage Network\",\"description\":\"Excess Luggage \\\/ Personal Effects Shipping\",\"publisher\":{\"@id\":\"https:\\\/\\\/worldbaggagenetwork.com\\\/es\\\/#organization\"},\"potentialAction\":[{\"@type\":\"SearchAction\",\"target\":{\"@type\":\"EntryPoint\",\"urlTemplate\":\"https:\\\/\\\/worldbaggagenetwork.com\\\/es\\\/?s={search_term_string}\"},\"query-input\":{\"@type\":\"PropertyValueSpecification\",\"valueRequired\":true,\"valueName\":\"search_term_string\"}}],\"inLanguage\":\"es\"},{\"@type\":\"Organization\",\"@id\":\"https:\\\/\\\/worldbaggagenetwork.com\\\/es\\\/#organization\",\"name\":\"World Baggage Network\",\"url\":\"https:\\\/\\\/worldbaggagenetwork.com\\\/es\\\/\",\"logo\":{\"@type\":\"ImageObject\",\"inLanguage\":\"es\",\"@id\":\"https:\\\/\\\/worldbaggagenetwork.com\\\/es\\\/#\\\/schema\\\/logo\\\/image\\\/\",\"url\":\"http:\\\/\\\/worldbaggagenetwork.com\\\/wp-content\\\/uploads\\\/2021\\\/01\\\/WBN_Logo.png\",\"contentUrl\":\"http:\\\/\\\/worldbaggagenetwork.com\\\/wp-content\\\/uploads\\\/2021\\\/01\\\/WBN_Logo.png\",\"width\":170,\"height\":80,\"caption\":\"World Baggage Network\"},\"image\":{\"@id\":\"https:\\\/\\\/worldbaggagenetwork.com\\\/es\\\/#\\\/schema\\\/logo\\\/image\\\/\"},\"sameAs\":[\"https:\\\/\\\/www.facebook.com\\\/WorldBaggageNetwork\\\/\",\"https:\\\/\\\/x.com\\\/worldbagnet\",\"https:\\\/\\\/www.instagram.com\\\/worldbaggagenetwork\\\/\",\"https:\\\/\\\/www.linkedin.com\\\/company\\\/world-baggage-network-international\\\/\"]}]}<\/script>\n<!-- \/ Yoast SEO plugin. -->","yoast_head_json":{"title":"Directrices - World Baggage Network","description":"Gu\u00eda del viajero en el mundo: obtenga toda la normativa sobre aduanas e importaci\u00f3n de efectos personales, los documentos necesarios y la informaci\u00f3n para sus viajes.","robots":{"index":"index","follow":"follow","max-snippet":"max-snippet:-1","max-image-preview":"max-image-preview:large","max-video-preview":"max-video-preview:-1"},"canonical":"https:\/\/worldbaggagenetwork.com\/es\/directrices\/","og_locale":"es_ES","og_type":"article","og_title":"Directrices - World Baggage Network","og_description":"Gu\u00eda del viajero en el mundo: obtenga toda la normativa sobre aduanas e importaci\u00f3n de efectos personales, los documentos necesarios y la informaci\u00f3n para sus viajes.","og_url":"https:\/\/worldbaggagenetwork.com\/es\/directrices\/","og_site_name":"World Baggage Network","article_publisher":"https:\/\/www.facebook.com\/WorldBaggageNetwork\/","article_modified_time":"2021-06-01T10:43:33+00:00","twitter_card":"summary_large_image","twitter_site":"@worldbagnet","twitter_misc":{"Tiempo de lectura":"2 minutos"},"schema":{"@context":"https:\/\/schema.org","@graph":[{"@type":"WebPage","@id":"https:\/\/worldbaggagenetwork.com\/es\/directrices\/","url":"https:\/\/worldbaggagenetwork.com\/es\/directrices\/","name":"Directrices - World Baggage Network","isPartOf":{"@id":"https:\/\/worldbaggagenetwork.com\/es\/#website"},"datePublished":"2021-06-01T10:43:31+00:00","dateModified":"2021-06-01T10:43:33+00:00","description":"Gu\u00eda del viajero en el mundo: obtenga toda la normativa sobre aduanas e importaci\u00f3n de efectos personales, los documentos necesarios y la informaci\u00f3n para sus viajes.","breadcrumb":{"@id":"https:\/\/worldbaggagenetwork.com\/es\/directrices\/#breadcrumb"},"inLanguage":"es","potentialAction":[{"@type":"ReadAction","target":["https:\/\/worldbaggagenetwork.com\/es\/directrices\/"]}]},{"@type":"BreadcrumbList","@id":"https:\/\/worldbaggagenetwork.com\/es\/directrices\/#breadcrumb","itemListElement":[{"@type":"ListItem","position":1,"name":"Home","item":"https:\/\/worldbaggagenetwork.com\/es\/bienvenido\/"},{"@type":"ListItem","position":2,"name":"Directrices"}]},{"@type":"WebSite","@id":"https:\/\/worldbaggagenetwork.com\/es\/#website","url":"https:\/\/worldbaggagenetwork.com\/es\/","name":"World Baggage Network","description":"Excess Luggage \/ Personal Effects Shipping","publisher":{"@id":"https:\/\/worldbaggagenetwork.com\/es\/#organization"},"potentialAction":[{"@type":"SearchAction","target":{"@type":"EntryPoint","urlTemplate":"https:\/\/worldbaggagenetwork.com\/es\/?s={search_term_string}"},"query-input":{"@type":"PropertyValueSpecification","valueRequired":true,"valueName":"search_term_string"}}],"inLanguage":"es"},{"@type":"Organization","@id":"https:\/\/worldbaggagenetwork.com\/es\/#organization","name":"World Baggage Network","url":"https:\/\/worldbaggagenetwork.com\/es\/","logo":{"@type":"ImageObject","inLanguage":"es","@id":"https:\/\/worldbaggagenetwork.com\/es\/#\/schema\/logo\/image\/","url":"http:\/\/worldbaggagenetwork.com\/wp-content\/uploads\/2021\/01\/WBN_Logo.png","contentUrl":"http:\/\/worldbaggagenetwork.com\/wp-content\/uploads\/2021\/01\/WBN_Logo.png","width":170,"height":80,"caption":"World Baggage Network"},"image":{"@id":"https:\/\/worldbaggagenetwork.com\/es\/#\/schema\/logo\/image\/"},"sameAs":["https:\/\/www.facebook.com\/WorldBaggageNetwork\/","https:\/\/x.com\/worldbagnet","https:\/\/www.instagram.com\/worldbaggagenetwork\/","https:\/\/www.linkedin.com\/company\/world-baggage-network-international\/"]}]}},"_links":{"self":[{"href":"https:\/\/worldbaggagenetwork.com\/es\/wp-json\/wp\/v2\/pages\/6349","targetHints":{"allow":["GET"]}}],"collection":[{"href":"https:\/\/worldbaggagenetwork.com\/es\/wp-json\/wp\/v2\/pages"}],"about":[{"href":"https:\/\/worldbaggagenetwork.com\/es\/wp-json\/wp\/v2\/types\/page"}],"author":[{"embeddable":true,"href":"https:\/\/worldbaggagenetwork.com\/es\/wp-json\/wp\/v2\/users\/2"}],"replies":[{"embeddable":true,"href":"https:\/\/worldbaggagenetwork.com\/es\/wp-json\/wp\/v2\/comments?post=6349"}],"version-history":[{"count":2,"href":"https:\/\/worldbaggagenetwork.com\/es\/wp-json\/wp\/v2\/pages\/6349\/revisions"}],"predecessor-version":[{"id":6353,"href":"https:\/\/worldbaggagenetwork.com\/es\/wp-json\/wp\/v2\/pages\/6349\/revisions\/6353"}],"wp:attachment":[{"href":"https:\/\/worldbaggagenetwork.com\/es\/wp-json\/wp\/v2\/media?parent=6349"}],"curies":[{"name":"wp","href":"https:\/\/api.w.org\/{rel}","templated":true}]}}