{"id":7981,"date":"2021-07-23T10:46:05","date_gmt":"2021-07-23T06:46:05","guid":{"rendered":"http:\/\/worldbaggagenetwork.com\/kontakt\/"},"modified":"2021-07-28T11:09:29","modified_gmt":"2021-07-28T07:09:29","slug":"kontakt","status":"publish","type":"page","link":"https:\/\/worldbaggagenetwork.com\/de\/kontakt\/","title":{"rendered":"Kontakt"},"content":{"rendered":"\n<style type=\"text\/css\" data-created_by=\"avia_inline_auto\" id=\"style-css-av-1js9ls-eb8a41eaa62f5c1104bbd05f0b6e5c62\">\n.flex_column.av-1js9ls-eb8a41eaa62f5c1104bbd05f0b6e5c62{\nborder-radius:0px 0px 0px 0px;\npadding:0px 0px 0px 0px;\n}\n<\/style>\n<div  class='flex_column av-1js9ls-eb8a41eaa62f5c1104bbd05f0b6e5c62 av_one_half  avia-builder-el-0  el_before_av_one_half  avia-builder-el-first  first flex_column_div av-zero-column-padding  '     ><p>\n<style type=\"text\/css\" data-created_by=\"avia_inline_auto\" id=\"style-css-av-e0m3pc-a24028aca62e787c5960f7ad4cf10151\">\n.avia-image-container.av-e0m3pc-a24028aca62e787c5960f7ad4cf10151 img.avia_image{\nbox-shadow:none;\n}\n.avia-image-container.av-e0m3pc-a24028aca62e787c5960f7ad4cf10151 .av-image-caption-overlay-center{\ncolor:#ffffff;\n}\n<\/style>\n<div  class='avia-image-container av-e0m3pc-a24028aca62e787c5960f7ad4cf10151 av-styling- avia-align-center  avia-builder-el-1  el_before_av_iconlist  avia-builder-el-first '   itemprop=\"image\" itemscope=\"itemscope\" itemtype=\"https:\/\/schema.org\/ImageObject\" ><div class=\"avia-image-container-inner\"><div class=\"avia-image-overlay-wrap\"><img decoding=\"async\" fetchpriority=\"high\" class='wp-image- avia-img-lazy-loading-not- avia_image ' src=\"http:\/\/worldbaggagenetwork.com\/wp-content\/uploads\/2021\/01\/WBN_Logo.png\" alt='' title=''   itemprop=\"thumbnailUrl\"  \/><\/div><\/div><\/div><br \/>\n\n<style type=\"text\/css\" data-created_by=\"avia_inline_auto\" id=\"style-css-av-cpk7rk-5b9aa3a8bb06d5c70a9aa239c2ad5772\">\n#top .avia-icon-list-container.av-cpk7rk-5b9aa3a8bb06d5c70a9aa239c2ad5772 .iconlist_icon{\nbackground-color:#d63e2d;\nborder:1px solid #d63e2d;\n}\n<\/style>\n<div  class='avia-icon-list-container av-cpk7rk-5b9aa3a8bb06d5c70a9aa239c2ad5772  avia-builder-el-2  el_after_av_image  avia-builder-el-last '><ul class='avia-icon-list avia_animate_when_almost_visible avia-icon-list-left av-iconlist-big av-cpk7rk-5b9aa3a8bb06d5c70a9aa239c2ad5772 avia-iconlist-animate'>\n<li><div class='iconlist_icon av-bbtg68-d9e7414ece344f3e83d43b8858b2d4a3 avia-font-entypo-fontello avia-iconfont avia-font-entypo-fontello'><span class='av-icon-char' data-av_icon='\ue81e' data-av_iconfont='entypo-fontello' aria-hidden=\"true\"><\/span><\/div><article class=\"article-icon-entry av-iconlist-empty\"  itemscope=\"itemscope\" itemtype=\"https:\/\/schema.org\/CreativeWork\" ><div class=\"iconlist_content_wrap\"><header class=\"entry-content-header\" aria-label=\"Icon: Weltgep\u00e4cknetzwerk International Ltd\"><h4 class='av_iconlist_title iconlist_title  '  itemprop=\"headline\" >Weltgep\u00e4cknetzwerk International Ltd<\/h4><\/header><div class='iconlist_content '  itemprop=\"text\" ><\/div><\/div><footer class=\"entry-footer\"><\/footer><\/article><div class=\"iconlist-timeline\"><\/div><\/li>\n<li><a href='tel:+2306379363' title='+230 637 9363'  target=\"_blank\"  rel=\"noopener noreferrer\" class='iconlist_icon av-xffu8-c74dc7b548f71ab5a4eb6a81f4de1dbf avia-font-entypo-fontello avia-iconfont avia-font-entypo-fontello'><span class='av-icon-char' data-av_icon='\ue854' data-av_iconfont='entypo-fontello' aria-hidden=\"true\"><\/span><\/a><article class=\"article-icon-entry av-iconlist-empty\"  itemscope=\"itemscope\" itemtype=\"https:\/\/schema.org\/CreativeWork\" ><div class=\"iconlist_content_wrap\"><header class=\"entry-content-header\" aria-label=\"Icon: &lt;a href=&#039;tel:+2306379363&#039; title=&#039;+230 637 9363&#039; target=&quot;_blank&quot;  rel=&quot;noopener noreferrer&quot;&gt;+230 637 9363&lt;\/a&gt;\"><h4 class='av_iconlist_title iconlist_title  '  itemprop=\"headline\" ><a href='tel:+2306379363' title='+230 637 9363' target=\"_blank\"  rel=\"noopener noreferrer\">+230 637 9363<\/a><\/h4><\/header><div class='iconlist_content '  itemprop=\"text\" ><\/div><\/div><footer class=\"entry-footer\"><\/footer><\/article><div class=\"iconlist-timeline\"><\/div><\/li>\n<li><div class='iconlist_icon av-6xiaf4-8733b9080f5f20b94e757609e449d57e avia-font-entypo-fontello avia-iconfont avia-font-entypo-fontello'><span class='av-icon-char' data-av_icon='\ue842' data-av_iconfont='entypo-fontello' aria-hidden=\"true\"><\/span><\/div><article class=\"article-icon-entry av-iconlist-empty\"  itemscope=\"itemscope\" itemtype=\"https:\/\/schema.org\/CreativeWork\" ><div class=\"iconlist_content_wrap\"><header class=\"entry-content-header\" aria-label=\"Icon: 1st Floor, Air Cargo House, Old Airport Road, Mauritius\"><h4 class='av_iconlist_title iconlist_title  '  itemprop=\"headline\" >1st Floor, Air Cargo House, Old Airport Road, Mauritius<\/h4><\/header><div class='iconlist_content '  itemprop=\"text\" ><\/div><\/div><footer class=\"entry-footer\"><\/footer><\/article><div class=\"iconlist-timeline\"><\/div><\/li>\n<\/ul><\/div><\/p><\/div>\n\n<style type=\"text\/css\" data-created_by=\"avia_inline_auto\" id=\"style-css-av-6dcc5s-bd5c58b2fec7ad4eba6c033764107306\">\n.flex_column.av-6dcc5s-bd5c58b2fec7ad4eba6c033764107306{\nborder-radius:0px 0px 0px 0px;\npadding:0px 0px 0px 0px;\n}\n<\/style>\n<div  class='flex_column av-6dcc5s-bd5c58b2fec7ad4eba6c033764107306 av_one_half  avia-builder-el-3  el_after_av_one_half  avia-builder-el-last  flex_column_div av-zero-column-padding  '     ><p>\n<style type=\"text\/css\" data-created_by=\"avia_inline_auto\" id=\"style-css-av-4h1hn4-20b22adbd2cc9a9bb9741bba508b1a85\">\n#top .av-special-heading.av-4h1hn4-20b22adbd2cc9a9bb9741bba508b1a85{\npadding-bottom:10px;\n}\nbody .av-special-heading.av-4h1hn4-20b22adbd2cc9a9bb9741bba508b1a85 .av-special-heading-tag .heading-char{\nfont-size:25px;\n}\n.av-special-heading.av-4h1hn4-20b22adbd2cc9a9bb9741bba508b1a85 .av-subheading{\nfont-size:15px;\n}\n<\/style>\n<div  class='av-special-heading av-4h1hn4-20b22adbd2cc9a9bb9741bba508b1a85 av-special-heading-h3 blockquote modern-quote  avia-builder-el-4  el_before_av_codeblock  avia-builder-el-first '><h3 class='av-special-heading-tag '  itemprop=\"headline\"  >Senden Sie uns eine Nachricht<\/h3><div class=\"special-heading-border\"><div class=\"special-heading-inner-border\"><\/div><\/div><\/div><br \/>\n<\/p><\/div>\n","protected":false},"excerpt":{"rendered":"","protected":false},"author":1,"featured_media":0,"parent":0,"menu_order":0,"comment_status":"closed","ping_status":"closed","template":"","meta":{"footnotes":""},"class_list":["post-7981","page","type-page","status-publish","hentry"],"yoast_head":"<!-- This site is optimized with the Yoast SEO plugin v27.3 - https:\/\/yoast.com\/product\/yoast-seo-wordpress\/ -->\n<title>Kontakt - World Baggage Network<\/title>\n<meta name=\"description\" content=\"Kontaktieren Sie uns f\u00fcr alle Ihre Anfragen, wir f\u00fchren Sie Schritt f\u00fcr Schritt durch den Prozess und begleiten Sie bei jedem Schritt des Weges.\" \/>\n<meta name=\"robots\" content=\"index, follow, max-snippet:-1, max-image-preview:large, max-video-preview:-1\" \/>\n<link rel=\"canonical\" href=\"https:\/\/worldbaggagenetwork.com\/de\/kontakt\/\" \/>\n<meta property=\"og:locale\" content=\"de_DE\" \/>\n<meta property=\"og:type\" content=\"article\" \/>\n<meta property=\"og:title\" content=\"Kontakt - World Baggage Network\" \/>\n<meta property=\"og:description\" content=\"Kontaktieren Sie uns f\u00fcr alle Ihre Anfragen, wir f\u00fchren Sie Schritt f\u00fcr Schritt durch den Prozess und begleiten Sie bei jedem Schritt des Weges.\" \/>\n<meta property=\"og:url\" content=\"https:\/\/worldbaggagenetwork.com\/de\/kontakt\/\" \/>\n<meta property=\"og:site_name\" content=\"World Baggage Network\" \/>\n<meta property=\"article:publisher\" content=\"https:\/\/www.facebook.com\/WorldBaggageNetwork\/\" \/>\n<meta property=\"article:modified_time\" content=\"2021-07-28T07:09:29+00:00\" \/>\n<meta name=\"twitter:card\" content=\"summary_large_image\" \/>\n<meta name=\"twitter:site\" content=\"@worldbagnet\" \/>\n<meta name=\"twitter:label1\" content=\"Gesch\u00e4tzte Lesezeit\" \/>\n\t<meta name=\"twitter:data1\" content=\"3\u00a0Minuten\" \/>\n<script type=\"application\/ld+json\" class=\"yoast-schema-graph\">{\"@context\":\"https:\\\/\\\/schema.org\",\"@graph\":[{\"@type\":\"WebPage\",\"@id\":\"https:\\\/\\\/worldbaggagenetwork.com\\\/de\\\/kontakt\\\/\",\"url\":\"https:\\\/\\\/worldbaggagenetwork.com\\\/de\\\/kontakt\\\/\",\"name\":\"Kontakt - World Baggage Network\",\"isPartOf\":{\"@id\":\"https:\\\/\\\/worldbaggagenetwork.com\\\/de\\\/#website\"},\"datePublished\":\"2021-07-23T06:46:05+00:00\",\"dateModified\":\"2021-07-28T07:09:29+00:00\",\"description\":\"Kontaktieren Sie uns f\u00fcr alle Ihre Anfragen, wir f\u00fchren Sie Schritt f\u00fcr Schritt durch den Prozess und begleiten Sie bei jedem Schritt des Weges.\",\"breadcrumb\":{\"@id\":\"https:\\\/\\\/worldbaggagenetwork.com\\\/de\\\/kontakt\\\/#breadcrumb\"},\"inLanguage\":\"de\",\"potentialAction\":[{\"@type\":\"ReadAction\",\"target\":[\"https:\\\/\\\/worldbaggagenetwork.com\\\/de\\\/kontakt\\\/\"]}]},{\"@type\":\"BreadcrumbList\",\"@id\":\"https:\\\/\\\/worldbaggagenetwork.com\\\/de\\\/kontakt\\\/#breadcrumb\",\"itemListElement\":[{\"@type\":\"ListItem\",\"position\":1,\"name\":\"Home\",\"item\":\"https:\\\/\\\/worldbaggagenetwork.com\\\/de\\\/willkommen\\\/\"},{\"@type\":\"ListItem\",\"position\":2,\"name\":\"Kontakt\"}]},{\"@type\":\"WebSite\",\"@id\":\"https:\\\/\\\/worldbaggagenetwork.com\\\/de\\\/#website\",\"url\":\"https:\\\/\\\/worldbaggagenetwork.com\\\/de\\\/\",\"name\":\"World Baggage Network\",\"description\":\"Excess Luggage \\\/ Personal Effects Shipping\",\"publisher\":{\"@id\":\"https:\\\/\\\/worldbaggagenetwork.com\\\/de\\\/#organization\"},\"potentialAction\":[{\"@type\":\"SearchAction\",\"target\":{\"@type\":\"EntryPoint\",\"urlTemplate\":\"https:\\\/\\\/worldbaggagenetwork.com\\\/de\\\/?s={search_term_string}\"},\"query-input\":{\"@type\":\"PropertyValueSpecification\",\"valueRequired\":true,\"valueName\":\"search_term_string\"}}],\"inLanguage\":\"de\"},{\"@type\":\"Organization\",\"@id\":\"https:\\\/\\\/worldbaggagenetwork.com\\\/de\\\/#organization\",\"name\":\"World Baggage Network\",\"url\":\"https:\\\/\\\/worldbaggagenetwork.com\\\/de\\\/\",\"logo\":{\"@type\":\"ImageObject\",\"inLanguage\":\"de\",\"@id\":\"https:\\\/\\\/worldbaggagenetwork.com\\\/de\\\/#\\\/schema\\\/logo\\\/image\\\/\",\"url\":\"http:\\\/\\\/worldbaggagenetwork.com\\\/wp-content\\\/uploads\\\/2021\\\/01\\\/WBN_Logo.png\",\"contentUrl\":\"http:\\\/\\\/worldbaggagenetwork.com\\\/wp-content\\\/uploads\\\/2021\\\/01\\\/WBN_Logo.png\",\"width\":170,\"height\":80,\"caption\":\"World Baggage Network\"},\"image\":{\"@id\":\"https:\\\/\\\/worldbaggagenetwork.com\\\/de\\\/#\\\/schema\\\/logo\\\/image\\\/\"},\"sameAs\":[\"https:\\\/\\\/www.facebook.com\\\/WorldBaggageNetwork\\\/\",\"https:\\\/\\\/x.com\\\/worldbagnet\",\"https:\\\/\\\/www.instagram.com\\\/worldbaggagenetwork\\\/\",\"https:\\\/\\\/www.linkedin.com\\\/company\\\/world-baggage-network-international\\\/\"]}]}<\/script>\n<!-- \/ Yoast SEO plugin. -->","yoast_head_json":{"title":"Kontakt - World Baggage Network","description":"Kontaktieren Sie uns f\u00fcr alle Ihre Anfragen, wir f\u00fchren Sie Schritt f\u00fcr Schritt durch den Prozess und begleiten Sie bei jedem Schritt des Weges.","robots":{"index":"index","follow":"follow","max-snippet":"max-snippet:-1","max-image-preview":"max-image-preview:large","max-video-preview":"max-video-preview:-1"},"canonical":"https:\/\/worldbaggagenetwork.com\/de\/kontakt\/","og_locale":"de_DE","og_type":"article","og_title":"Kontakt - World Baggage Network","og_description":"Kontaktieren Sie uns f\u00fcr alle Ihre Anfragen, wir f\u00fchren Sie Schritt f\u00fcr Schritt durch den Prozess und begleiten Sie bei jedem Schritt des Weges.","og_url":"https:\/\/worldbaggagenetwork.com\/de\/kontakt\/","og_site_name":"World Baggage Network","article_publisher":"https:\/\/www.facebook.com\/WorldBaggageNetwork\/","article_modified_time":"2021-07-28T07:09:29+00:00","twitter_card":"summary_large_image","twitter_site":"@worldbagnet","twitter_misc":{"Gesch\u00e4tzte Lesezeit":"3\u00a0Minuten"},"schema":{"@context":"https:\/\/schema.org","@graph":[{"@type":"WebPage","@id":"https:\/\/worldbaggagenetwork.com\/de\/kontakt\/","url":"https:\/\/worldbaggagenetwork.com\/de\/kontakt\/","name":"Kontakt - World Baggage Network","isPartOf":{"@id":"https:\/\/worldbaggagenetwork.com\/de\/#website"},"datePublished":"2021-07-23T06:46:05+00:00","dateModified":"2021-07-28T07:09:29+00:00","description":"Kontaktieren Sie uns f\u00fcr alle Ihre Anfragen, wir f\u00fchren Sie Schritt f\u00fcr Schritt durch den Prozess und begleiten Sie bei jedem Schritt des Weges.","breadcrumb":{"@id":"https:\/\/worldbaggagenetwork.com\/de\/kontakt\/#breadcrumb"},"inLanguage":"de","potentialAction":[{"@type":"ReadAction","target":["https:\/\/worldbaggagenetwork.com\/de\/kontakt\/"]}]},{"@type":"BreadcrumbList","@id":"https:\/\/worldbaggagenetwork.com\/de\/kontakt\/#breadcrumb","itemListElement":[{"@type":"ListItem","position":1,"name":"Home","item":"https:\/\/worldbaggagenetwork.com\/de\/willkommen\/"},{"@type":"ListItem","position":2,"name":"Kontakt"}]},{"@type":"WebSite","@id":"https:\/\/worldbaggagenetwork.com\/de\/#website","url":"https:\/\/worldbaggagenetwork.com\/de\/","name":"World Baggage Network","description":"Excess Luggage \/ Personal Effects Shipping","publisher":{"@id":"https:\/\/worldbaggagenetwork.com\/de\/#organization"},"potentialAction":[{"@type":"SearchAction","target":{"@type":"EntryPoint","urlTemplate":"https:\/\/worldbaggagenetwork.com\/de\/?s={search_term_string}"},"query-input":{"@type":"PropertyValueSpecification","valueRequired":true,"valueName":"search_term_string"}}],"inLanguage":"de"},{"@type":"Organization","@id":"https:\/\/worldbaggagenetwork.com\/de\/#organization","name":"World Baggage Network","url":"https:\/\/worldbaggagenetwork.com\/de\/","logo":{"@type":"ImageObject","inLanguage":"de","@id":"https:\/\/worldbaggagenetwork.com\/de\/#\/schema\/logo\/image\/","url":"http:\/\/worldbaggagenetwork.com\/wp-content\/uploads\/2021\/01\/WBN_Logo.png","contentUrl":"http:\/\/worldbaggagenetwork.com\/wp-content\/uploads\/2021\/01\/WBN_Logo.png","width":170,"height":80,"caption":"World Baggage Network"},"image":{"@id":"https:\/\/worldbaggagenetwork.com\/de\/#\/schema\/logo\/image\/"},"sameAs":["https:\/\/www.facebook.com\/WorldBaggageNetwork\/","https:\/\/x.com\/worldbagnet","https:\/\/www.instagram.com\/worldbaggagenetwork\/","https:\/\/www.linkedin.com\/company\/world-baggage-network-international\/"]}]}},"_links":{"self":[{"href":"https:\/\/worldbaggagenetwork.com\/de\/wp-json\/wp\/v2\/pages\/7981","targetHints":{"allow":["GET"]}}],"collection":[{"href":"https:\/\/worldbaggagenetwork.com\/de\/wp-json\/wp\/v2\/pages"}],"about":[{"href":"https:\/\/worldbaggagenetwork.com\/de\/wp-json\/wp\/v2\/types\/page"}],"author":[{"embeddable":true,"href":"https:\/\/worldbaggagenetwork.com\/de\/wp-json\/wp\/v2\/users\/1"}],"replies":[{"embeddable":true,"href":"https:\/\/worldbaggagenetwork.com\/de\/wp-json\/wp\/v2\/comments?post=7981"}],"version-history":[{"count":10,"href":"https:\/\/worldbaggagenetwork.com\/de\/wp-json\/wp\/v2\/pages\/7981\/revisions"}],"predecessor-version":[{"id":8004,"href":"https:\/\/worldbaggagenetwork.com\/de\/wp-json\/wp\/v2\/pages\/7981\/revisions\/8004"}],"wp:attachment":[{"href":"https:\/\/worldbaggagenetwork.com\/de\/wp-json\/wp\/v2\/media?parent=7981"}],"curies":[{"name":"wp","href":"https:\/\/api.w.org\/{rel}","templated":true}]}}