{"id":7419,"date":"2021-07-13T11:35:07","date_gmt":"2021-07-13T07:35:07","guid":{"rendered":"http:\/\/worldbaggagenetwork.com\/uber-world-baggage-network\/"},"modified":"2021-09-13T12:51:46","modified_gmt":"2021-09-13T08:51:46","slug":"uber-world-baggage-network","status":"publish","type":"page","link":"https:\/\/worldbaggagenetwork.com\/de\/uber-world-baggage-network\/","title":{"rendered":"\u00dcber World Baggage Network"},"content":{"rendered":"","protected":false},"excerpt":{"rendered":"","protected":false},"author":2,"featured_media":0,"parent":0,"menu_order":0,"comment_status":"closed","ping_status":"closed","template":"","meta":{"footnotes":""},"class_list":["post-7419","page","type-page","status-publish","hentry"],"yoast_head":"<!-- This site is optimized with the Yoast SEO plugin v27.5 - https:\/\/yoast.com\/product\/yoast-seo-wordpress\/ -->\n<title>\u00dcber World Baggage Network<\/title>\n<meta name=\"description\" content=\"WBN wurde 2008 gegr\u00fcndet und ist ein Zusammenschluss von Unternehmen, die T\u00fcr-zu-T\u00fcr-Kurierdienste sowie Luft- und Seefrachtspedition anbieten.\" \/>\n<meta name=\"robots\" content=\"index, follow, max-snippet:-1, max-image-preview:large, max-video-preview:-1\" \/>\n<link rel=\"canonical\" href=\"https:\/\/worldbaggagenetwork.com\/de\/uber-world-baggage-network\/\" \/>\n<meta property=\"og:locale\" content=\"de_DE\" \/>\n<meta property=\"og:type\" content=\"article\" \/>\n<meta property=\"og:title\" content=\"\u00dcber World Baggage Network\" \/>\n<meta property=\"og:description\" content=\"WBN wurde 2008 gegr\u00fcndet und ist ein Zusammenschluss von Unternehmen, die T\u00fcr-zu-T\u00fcr-Kurierdienste sowie Luft- und Seefrachtspedition anbieten.\" \/>\n<meta property=\"og:url\" content=\"https:\/\/worldbaggagenetwork.com\/de\/uber-world-baggage-network\/\" \/>\n<meta property=\"og:site_name\" content=\"World Baggage Network\" \/>\n<meta property=\"article:publisher\" content=\"https:\/\/www.facebook.com\/WorldBaggageNetwork\/\" \/>\n<meta property=\"article:modified_time\" content=\"2021-09-13T08:51:46+00:00\" \/>\n<meta name=\"twitter:card\" content=\"summary_large_image\" \/>\n<meta name=\"twitter:site\" content=\"@worldbagnet\" \/>\n<script type=\"application\/ld+json\" class=\"yoast-schema-graph\">{\"@context\":\"https:\\\/\\\/schema.org\",\"@graph\":[{\"@type\":\"WebPage\",\"@id\":\"https:\\\/\\\/worldbaggagenetwork.com\\\/de\\\/uber-world-baggage-network\\\/\",\"url\":\"https:\\\/\\\/worldbaggagenetwork.com\\\/de\\\/uber-world-baggage-network\\\/\",\"name\":\"\u00dcber World Baggage Network\",\"isPartOf\":{\"@id\":\"https:\\\/\\\/worldbaggagenetwork.com\\\/de\\\/#website\"},\"datePublished\":\"2021-07-13T07:35:07+00:00\",\"dateModified\":\"2021-09-13T08:51:46+00:00\",\"description\":\"WBN wurde 2008 gegr\u00fcndet und ist ein Zusammenschluss von Unternehmen, die T\u00fcr-zu-T\u00fcr-Kurierdienste sowie Luft- und Seefrachtspedition anbieten.\",\"breadcrumb\":{\"@id\":\"https:\\\/\\\/worldbaggagenetwork.com\\\/de\\\/uber-world-baggage-network\\\/#breadcrumb\"},\"inLanguage\":\"de\",\"potentialAction\":[{\"@type\":\"ReadAction\",\"target\":[\"https:\\\/\\\/worldbaggagenetwork.com\\\/de\\\/uber-world-baggage-network\\\/\"]}]},{\"@type\":\"BreadcrumbList\",\"@id\":\"https:\\\/\\\/worldbaggagenetwork.com\\\/de\\\/uber-world-baggage-network\\\/#breadcrumb\",\"itemListElement\":[{\"@type\":\"ListItem\",\"position\":1,\"name\":\"Home\",\"item\":\"https:\\\/\\\/worldbaggagenetwork.com\\\/de\\\/willkommen\\\/\"},{\"@type\":\"ListItem\",\"position\":2,\"name\":\"\u00dcber World Baggage Network\"}]},{\"@type\":\"WebSite\",\"@id\":\"https:\\\/\\\/worldbaggagenetwork.com\\\/de\\\/#website\",\"url\":\"https:\\\/\\\/worldbaggagenetwork.com\\\/de\\\/\",\"name\":\"World Baggage Network\",\"description\":\"Excess Luggage \\\/ Personal Effects Shipping\",\"publisher\":{\"@id\":\"https:\\\/\\\/worldbaggagenetwork.com\\\/de\\\/#organization\"},\"potentialAction\":[{\"@type\":\"SearchAction\",\"target\":{\"@type\":\"EntryPoint\",\"urlTemplate\":\"https:\\\/\\\/worldbaggagenetwork.com\\\/de\\\/?s={search_term_string}\"},\"query-input\":{\"@type\":\"PropertyValueSpecification\",\"valueRequired\":true,\"valueName\":\"search_term_string\"}}],\"inLanguage\":\"de\"},{\"@type\":\"Organization\",\"@id\":\"https:\\\/\\\/worldbaggagenetwork.com\\\/de\\\/#organization\",\"name\":\"World Baggage Network\",\"url\":\"https:\\\/\\\/worldbaggagenetwork.com\\\/de\\\/\",\"logo\":{\"@type\":\"ImageObject\",\"inLanguage\":\"de\",\"@id\":\"https:\\\/\\\/worldbaggagenetwork.com\\\/de\\\/#\\\/schema\\\/logo\\\/image\\\/\",\"url\":\"http:\\\/\\\/worldbaggagenetwork.com\\\/wp-content\\\/uploads\\\/2021\\\/01\\\/WBN_Logo.png\",\"contentUrl\":\"http:\\\/\\\/worldbaggagenetwork.com\\\/wp-content\\\/uploads\\\/2021\\\/01\\\/WBN_Logo.png\",\"width\":170,\"height\":80,\"caption\":\"World Baggage Network\"},\"image\":{\"@id\":\"https:\\\/\\\/worldbaggagenetwork.com\\\/de\\\/#\\\/schema\\\/logo\\\/image\\\/\"},\"sameAs\":[\"https:\\\/\\\/www.facebook.com\\\/WorldBaggageNetwork\\\/\",\"https:\\\/\\\/x.com\\\/worldbagnet\",\"https:\\\/\\\/www.instagram.com\\\/worldbaggagenetwork\\\/\",\"https:\\\/\\\/www.linkedin.com\\\/company\\\/world-baggage-network-international\\\/\"]}]}<\/script>\n<!-- \/ Yoast SEO plugin. -->","yoast_head_json":{"title":"\u00dcber World Baggage Network","description":"WBN wurde 2008 gegr\u00fcndet und ist ein Zusammenschluss von Unternehmen, die T\u00fcr-zu-T\u00fcr-Kurierdienste sowie Luft- und Seefrachtspedition anbieten.","robots":{"index":"index","follow":"follow","max-snippet":"max-snippet:-1","max-image-preview":"max-image-preview:large","max-video-preview":"max-video-preview:-1"},"canonical":"https:\/\/worldbaggagenetwork.com\/de\/uber-world-baggage-network\/","og_locale":"de_DE","og_type":"article","og_title":"\u00dcber World Baggage Network","og_description":"WBN wurde 2008 gegr\u00fcndet und ist ein Zusammenschluss von Unternehmen, die T\u00fcr-zu-T\u00fcr-Kurierdienste sowie Luft- und Seefrachtspedition anbieten.","og_url":"https:\/\/worldbaggagenetwork.com\/de\/uber-world-baggage-network\/","og_site_name":"World Baggage Network","article_publisher":"https:\/\/www.facebook.com\/WorldBaggageNetwork\/","article_modified_time":"2021-09-13T08:51:46+00:00","twitter_card":"summary_large_image","twitter_site":"@worldbagnet","schema":{"@context":"https:\/\/schema.org","@graph":[{"@type":"WebPage","@id":"https:\/\/worldbaggagenetwork.com\/de\/uber-world-baggage-network\/","url":"https:\/\/worldbaggagenetwork.com\/de\/uber-world-baggage-network\/","name":"\u00dcber World Baggage Network","isPartOf":{"@id":"https:\/\/worldbaggagenetwork.com\/de\/#website"},"datePublished":"2021-07-13T07:35:07+00:00","dateModified":"2021-09-13T08:51:46+00:00","description":"WBN wurde 2008 gegr\u00fcndet und ist ein Zusammenschluss von Unternehmen, die T\u00fcr-zu-T\u00fcr-Kurierdienste sowie Luft- und Seefrachtspedition anbieten.","breadcrumb":{"@id":"https:\/\/worldbaggagenetwork.com\/de\/uber-world-baggage-network\/#breadcrumb"},"inLanguage":"de","potentialAction":[{"@type":"ReadAction","target":["https:\/\/worldbaggagenetwork.com\/de\/uber-world-baggage-network\/"]}]},{"@type":"BreadcrumbList","@id":"https:\/\/worldbaggagenetwork.com\/de\/uber-world-baggage-network\/#breadcrumb","itemListElement":[{"@type":"ListItem","position":1,"name":"Home","item":"https:\/\/worldbaggagenetwork.com\/de\/willkommen\/"},{"@type":"ListItem","position":2,"name":"\u00dcber World Baggage Network"}]},{"@type":"WebSite","@id":"https:\/\/worldbaggagenetwork.com\/de\/#website","url":"https:\/\/worldbaggagenetwork.com\/de\/","name":"World Baggage Network","description":"Excess Luggage \/ Personal Effects Shipping","publisher":{"@id":"https:\/\/worldbaggagenetwork.com\/de\/#organization"},"potentialAction":[{"@type":"SearchAction","target":{"@type":"EntryPoint","urlTemplate":"https:\/\/worldbaggagenetwork.com\/de\/?s={search_term_string}"},"query-input":{"@type":"PropertyValueSpecification","valueRequired":true,"valueName":"search_term_string"}}],"inLanguage":"de"},{"@type":"Organization","@id":"https:\/\/worldbaggagenetwork.com\/de\/#organization","name":"World Baggage Network","url":"https:\/\/worldbaggagenetwork.com\/de\/","logo":{"@type":"ImageObject","inLanguage":"de","@id":"https:\/\/worldbaggagenetwork.com\/de\/#\/schema\/logo\/image\/","url":"http:\/\/worldbaggagenetwork.com\/wp-content\/uploads\/2021\/01\/WBN_Logo.png","contentUrl":"http:\/\/worldbaggagenetwork.com\/wp-content\/uploads\/2021\/01\/WBN_Logo.png","width":170,"height":80,"caption":"World Baggage Network"},"image":{"@id":"https:\/\/worldbaggagenetwork.com\/de\/#\/schema\/logo\/image\/"},"sameAs":["https:\/\/www.facebook.com\/WorldBaggageNetwork\/","https:\/\/x.com\/worldbagnet","https:\/\/www.instagram.com\/worldbaggagenetwork\/","https:\/\/www.linkedin.com\/company\/world-baggage-network-international\/"]}]}},"_links":{"self":[{"href":"https:\/\/worldbaggagenetwork.com\/de\/wp-json\/wp\/v2\/pages\/7419","targetHints":{"allow":["GET"]}}],"collection":[{"href":"https:\/\/worldbaggagenetwork.com\/de\/wp-json\/wp\/v2\/pages"}],"about":[{"href":"https:\/\/worldbaggagenetwork.com\/de\/wp-json\/wp\/v2\/types\/page"}],"author":[{"embeddable":true,"href":"https:\/\/worldbaggagenetwork.com\/de\/wp-json\/wp\/v2\/users\/2"}],"replies":[{"embeddable":true,"href":"https:\/\/worldbaggagenetwork.com\/de\/wp-json\/wp\/v2\/comments?post=7419"}],"version-history":[{"count":2,"href":"https:\/\/worldbaggagenetwork.com\/de\/wp-json\/wp\/v2\/pages\/7419\/revisions"}],"predecessor-version":[{"id":8890,"href":"https:\/\/worldbaggagenetwork.com\/de\/wp-json\/wp\/v2\/pages\/7419\/revisions\/8890"}],"wp:attachment":[{"href":"https:\/\/worldbaggagenetwork.com\/de\/wp-json\/wp\/v2\/media?parent=7419"}],"curies":[{"name":"wp","href":"https:\/\/api.w.org\/{rel}","templated":true}]}}