{"id":7377,"date":"2021-07-13T11:34:48","date_gmt":"2021-07-13T07:34:48","guid":{"rendered":"http:\/\/worldbaggagenetwork.com\/datenschutzrichtlinie\/"},"modified":"2021-07-13T11:34:50","modified_gmt":"2021-07-13T07:34:50","slug":"datenschutzrichtlinie","status":"publish","type":"page","link":"https:\/\/worldbaggagenetwork.com\/de\/datenschutzrichtlinie\/","title":{"rendered":"Datenschutzrichtlinie"},"content":{"rendered":"\n<h2 class=\"wp-block-heading\">Wer wir sind<\/h2>\n\n<p>Die folgenden Datenschutzbestimmungen gelten f\u00fcr die von World Baggage Network International Ltd (World Baggage Network oder WBN) unter www.worldbaggagenetwork.com angebotenen Website-Dienste.<\/p>\n\n<h2 class=\"wp-block-heading\">Welche pers\u00f6nlichen Daten wir sammeln und warum wir sie sammeln<\/h2>\n\n<h3 class=\"wp-block-heading\">Kommentare<\/h3>\n\n<p>Wenn Besucher Kommentare auf der Website hinterlassen, sammeln wir die Daten, die im Kommentarformular angezeigt werden, sowie die IP-Adresse des Besuchers und den User-Agent-String des Browsers, um die Spam-Erkennung zu unterst\u00fctzen.<\/p>\n\n<p>Eine anonymisierte Zeichenfolge, die aus Ihrer E-Mail-Adresse erstellt wird (auch Hash genannt), kann dem Gravatar-Dienst zur Verf\u00fcgung gestellt werden, um zu sehen, ob Sie ihn verwenden. Die Datenschutzbestimmungen des Gravatar-Dienstes finden Sie hier: https:\/\/automattic.com\/privacy\/. Nach Freigabe Ihres Kommentars ist Ihr Profilbild im Kontext Ihres Kommentars \u00f6ffentlich sichtbar.<\/p>\n\n<h3 class=\"wp-block-heading\">Medien<\/h3>\n\n<p>Wenn Sie Bilder auf die Website hochladen, sollten Sie es vermeiden, Bilder hochzuladen, die eingebettete Standortdaten (EXIF-GPS) enthalten. Besucher der Website k\u00f6nnen beliebige Standortdaten von Bildern auf der Website herunterladen und extrahieren.<\/p>\n\n<h3 class=\"wp-block-heading\">Kontaktformulare \/ Angebotsformulare<\/h3>\n\n<p>Bei der Nutzung unseres Dienstes bitten wir Sie m\u00f6glicherweise, uns bestimmte personenbezogene Daten mitzuteilen, die dazu verwendet werden k\u00f6nnen, Sie zu kontaktieren oder zu identifizieren. Pers\u00f6nlich identifizierbare Informationen k\u00f6nnen unter anderem sein:<\/p>\n\n<ul class=\"wp-block-list\"><li>E-Mail Adresse<\/li><li>Vor- und Nachname<\/li><li>Rufnummer<\/li><li>Adresse<\/li><\/ul>\n\n<h3 class=\"wp-block-heading\" id=\"cookies\">Cookies<\/h3>\n\n<p>Cookies sind Dateien, die kleine Daten enthalten, die einen anonymen eindeutigen Identifikator enthalten k\u00f6nnen. Cookies werden von einer Website an Ihren Browser gesendet und auf Ihrem Ger\u00e4t gespeichert. Als Tracking-Technologien werden auch Beacons, Tags und Skripte verwendet, um Informationen zu sammeln und zu verfolgen und um unseren Service zu verbessern und zu analysieren.<\/p>\n\n<h4 class=\"wp-block-heading\">Werden auf der Website Cookies verwendet?<\/h4>\n\n<p>Wir verwenden Cookies und \u00e4hnliche Tracking-Technologien, um die Aktivit\u00e4t unseres Dienstes zu verfolgen und um bestimmte Informationen zu speichern.<\/p>\n\n<p>Sie k\u00f6nnen Ihren Browser so einstellen, dass er alle Cookies ablehnt oder anzeigt, wenn ein Cookie gesendet wird. Wenn Sie jedoch keine Cookies akzeptieren, k\u00f6nnen Sie m\u00f6glicherweise bestimmte Teile unseres Dienstes nicht nutzen.<\/p>\n\n<p>Wenn Sie einen Kommentar auf unserer Seite abgeben, wird Ihnen angeboten, Ihren Namen, Ihre E-Mail-Adresse und Ihre Website in Cookies zu speichern. Sie dient nur der Bequemlichkeit, damit Sie diese Informationen nicht erneut eingeben m\u00fcssen, wenn Sie sp\u00e4ter einen weiteren Kommentar abgeben. Diese Cookies verfallen nach einem Jahr.<\/p>\n\n<p>Wenn Sie unsere Login-Seite besuchen, setzen wir ein tempor\u00e4res Cookie, um festzustellen, ob Ihr Browser Cookies akzeptiert. Dieses Cookie enth\u00e4lt keine pers\u00f6nlichen Daten und wird verworfen, wenn Sie Ihren Browser schlie\u00dfen.<\/p>\n\n<p>Wenn Sie sich anmelden, legen wir au\u00dferdem mehrere Cookies an, um Ihre Anmeldeinformationen und die Auswahl Ihrer Bildschirmdarstellung zu speichern. Anmelde-Cookies bleiben zwei Tage lang erhalten, Cookies f\u00fcr Bildschirmoptionen ein Jahr lang. Wenn Sie &#8222;Remember Me&#8220; w\u00e4hlen, bleibt Ihr Login zwei Wochen lang erhalten. Wenn Sie sich von Ihrem Konto abmelden, werden die Anmelde-Cookies entfernt.<\/p>\n\n<p>Wenn Sie einen Artikel bearbeiten oder ver\u00f6ffentlichen, wird ein zus\u00e4tzliches Cookie in Ihrem Browser gespeichert. Dieses Cookie enth\u00e4lt keine pers\u00f6nlichen Daten und zeigt lediglich die Post-ID des Artikels an, den Sie gerade bearbeitet haben. Er verf\u00e4llt nach 1 Tag.<\/p>\n\n<h4 class=\"wp-block-heading\">Eingebettete Inhalte von anderen Websites<\/h4>\n\n<p>Artikel auf dieser Website k\u00f6nnen eingebettete Inhalte (z. B. Videos, Bilder, Artikel usw.) enthalten. Eingebettete Inhalte von anderen Websites verhalten sich genau so, als ob der Besucher die andere Website besucht h\u00e4tte.<\/p>\n\n<p>Diese Websites k\u00f6nnen Daten \u00fcber Sie sammeln, Cookies verwenden, zus\u00e4tzliche Trackingfunktionen von Drittanbietern einbetten und Ihre Interaktion mit diesen eingebetteten Inhalten \u00fcberwachen, einschlie\u00dflich der Verfolgung Ihrer Interaktion mit den eingebetteten Inhalten, wenn Sie ein Konto haben und auf dieser Website angemeldet sind.<\/p>\n\n<h4 class=\"wp-block-heading\">Statistik und Publikumsmessung<\/h4>\n\n<p>Statistiken und Publikumsmetriken werden von Google Analytics gesammelt.<\/p>\n\n<h2 class=\"wp-block-heading\">Mit wem wir Ihre Daten teilen<\/h2>\n\n<p>Wenn Sie unsere Dienste nutzen oder ein Formular absenden, geben wir Ihre Daten an unseren registrierten Partner weiter, der sich in dem Land befindet, das von Ihrer Anfrage betroffen ist. Diese Daten werden nur zur Erbringung des angeforderten Dienstes verwendet.<\/p>\n\n<h2 class=\"wp-block-heading\">Wie lange wir Ihre Daten aufbewahren<\/h2>\n\n<p>Wenn Sie einen Kommentar hinterlassen, werden der Kommentar und seine Metadaten auf unbestimmte Zeit gespeichert. So k\u00f6nnen wir Folgekommentare automatisch erkennen und freigeben, anstatt sie in einer Moderationswarteschlange zu halten.<\/p>\n\n<p>Bei Nutzern, die sich auf unserer Website registrieren (falls vorhanden), speichern wir au\u00dferdem die von ihnen angegebenen personenbezogenen Daten in ihrem Nutzerprofil. Alle Benutzer k\u00f6nnen ihre pers\u00f6nlichen Daten jederzeit einsehen, bearbeiten oder l\u00f6schen (au\u00dfer sie k\u00f6nnen ihren Benutzernamen nicht \u00e4ndern). Website-Administratoren k\u00f6nnen diese Informationen ebenfalls sehen und bearbeiten.<\/p>\n\n<h2 class=\"wp-block-heading\">Welche Rechte Sie \u00fcber Ihre Daten haben<\/h2>\n\n<p>Wenn Sie ein Konto haben oder wenn Sie Kommentare auf der Website hinterlassen haben, k\u00f6nnen Sie eine Datei anfordern, die alle pers\u00f6nlichen Daten enth\u00e4lt, die wir \u00fcber Sie haben, einschlie\u00dflich der Daten, die Sie uns zur Verf\u00fcgung gestellt haben. Sie k\u00f6nnen auch die L\u00f6schung der Sie betreffenden personenbezogenen Daten verlangen. Daten, die aus administrativen, rechtlichen oder sicherheitstechnischen Gr\u00fcnden gespeichert werden, sind dabei nicht ber\u00fccksichtigt.<\/p>\n\n<p>Dies sind zusammengefasste Rechte, die Sie nach dem Datenschutzrecht haben<\/p>\n\n<ul class=\"wp-block-list\"><li>Das Recht auf Zugang<\/li><li>Das Recht auf Berichtigung<\/li><li>Das Recht auf L\u00f6schung<\/li><li>Das Recht auf Einschr\u00e4nkung der Verarbeitung<\/li><li>Das Recht auf Widerspruch gegen die Verarbeitung<\/li><li>Das Recht auf Daten\u00fcbertragbarkeit<\/li><li>Das Recht auf Beschwerde bei einer Aufsichtsbeh\u00f6rde<\/li><li>Das Recht, die Zustimmung zu widerrufen<\/li><\/ul>\n\n<h2 class=\"wp-block-heading\">Wohin wir Ihre Daten senden<\/h2>\n\n<p>Besucherkommentare k\u00f6nnen durch einen automatischen Spam-Erkennungsdienst gepr\u00fcft werden.<\/p>\n\n<h2 class=\"wp-block-heading\">Ihre Kontaktinformationen<\/h2>\n\n<p>Besucher und autorisierte Kunden k\u00f6nnen sich mit uns in Verbindung setzen, um pers\u00f6nlich identifizierbare Informationen \u00fcber sie zu aktualisieren oder etwaige Ungenauigkeiten zu korrigieren, indem sie uns eine E-Mail an admin@worldbagnet.com schicken.<\/p>\n","protected":false},"excerpt":{"rendered":"<p>Wer wir sind Die folgenden Datenschutzbestimmungen gelten f\u00fcr die von World Baggage Network International Ltd (World Baggage Network oder WBN) unter www.worldbaggagenetwork.com angebotenen Website-Dienste. Welche pers\u00f6nlichen Daten wir sammeln und warum wir sie sammeln Kommentare Wenn Besucher Kommentare auf der Website hinterlassen, sammeln wir die Daten, die im Kommentarformular angezeigt werden, sowie die IP-Adresse des [&hellip;]<\/p>\n","protected":false},"author":1,"featured_media":0,"parent":0,"menu_order":0,"comment_status":"closed","ping_status":"open","template":"","meta":{"footnotes":""},"class_list":["post-7377","page","type-page","status-publish","hentry"],"yoast_head":"<!-- This site is optimized with the Yoast SEO plugin v27.3 - https:\/\/yoast.com\/product\/yoast-seo-wordpress\/ -->\n<title>Datenschutzrichtlinie - World Baggage Network<\/title>\n<meta name=\"robots\" content=\"index, follow, max-snippet:-1, max-image-preview:large, max-video-preview:-1\" \/>\n<link rel=\"canonical\" href=\"https:\/\/worldbaggagenetwork.com\/de\/datenschutzrichtlinie\/\" \/>\n<meta property=\"og:locale\" content=\"de_DE\" \/>\n<meta property=\"og:type\" content=\"article\" \/>\n<meta property=\"og:title\" content=\"Datenschutzrichtlinie - World Baggage Network\" \/>\n<meta property=\"og:description\" content=\"Wer wir sind Die folgenden Datenschutzbestimmungen gelten f\u00fcr die von World Baggage Network International Ltd (World Baggage Network oder WBN) unter www.worldbaggagenetwork.com angebotenen Website-Dienste. Welche pers\u00f6nlichen Daten wir sammeln und warum wir sie sammeln Kommentare Wenn Besucher Kommentare auf der Website hinterlassen, sammeln wir die Daten, die im Kommentarformular angezeigt werden, sowie die IP-Adresse des [&hellip;]\" \/>\n<meta property=\"og:url\" content=\"https:\/\/worldbaggagenetwork.com\/de\/datenschutzrichtlinie\/\" \/>\n<meta property=\"og:site_name\" content=\"World Baggage Network\" \/>\n<meta property=\"article:publisher\" content=\"https:\/\/www.facebook.com\/WorldBaggageNetwork\/\" \/>\n<meta property=\"article:modified_time\" content=\"2021-07-13T07:34:50+00:00\" \/>\n<meta name=\"twitter:card\" content=\"summary_large_image\" \/>\n<meta name=\"twitter:site\" content=\"@worldbagnet\" \/>\n<meta name=\"twitter:label1\" content=\"Gesch\u00e4tzte Lesezeit\" \/>\n\t<meta name=\"twitter:data1\" content=\"5\u00a0Minuten\" \/>\n<script type=\"application\/ld+json\" class=\"yoast-schema-graph\">{\"@context\":\"https:\\\/\\\/schema.org\",\"@graph\":[{\"@type\":\"WebPage\",\"@id\":\"https:\\\/\\\/worldbaggagenetwork.com\\\/de\\\/datenschutzrichtlinie\\\/\",\"url\":\"https:\\\/\\\/worldbaggagenetwork.com\\\/de\\\/datenschutzrichtlinie\\\/\",\"name\":\"Datenschutzrichtlinie - World Baggage Network\",\"isPartOf\":{\"@id\":\"https:\\\/\\\/worldbaggagenetwork.com\\\/de\\\/#website\"},\"datePublished\":\"2021-07-13T07:34:48+00:00\",\"dateModified\":\"2021-07-13T07:34:50+00:00\",\"breadcrumb\":{\"@id\":\"https:\\\/\\\/worldbaggagenetwork.com\\\/de\\\/datenschutzrichtlinie\\\/#breadcrumb\"},\"inLanguage\":\"de\",\"potentialAction\":[{\"@type\":\"ReadAction\",\"target\":[\"https:\\\/\\\/worldbaggagenetwork.com\\\/de\\\/datenschutzrichtlinie\\\/\"]}]},{\"@type\":\"BreadcrumbList\",\"@id\":\"https:\\\/\\\/worldbaggagenetwork.com\\\/de\\\/datenschutzrichtlinie\\\/#breadcrumb\",\"itemListElement\":[{\"@type\":\"ListItem\",\"position\":1,\"name\":\"Home\",\"item\":\"https:\\\/\\\/worldbaggagenetwork.com\\\/de\\\/willkommen\\\/\"},{\"@type\":\"ListItem\",\"position\":2,\"name\":\"Datenschutzrichtlinie\"}]},{\"@type\":\"WebSite\",\"@id\":\"https:\\\/\\\/worldbaggagenetwork.com\\\/de\\\/#website\",\"url\":\"https:\\\/\\\/worldbaggagenetwork.com\\\/de\\\/\",\"name\":\"World Baggage Network\",\"description\":\"Excess Luggage \\\/ Personal Effects Shipping\",\"publisher\":{\"@id\":\"https:\\\/\\\/worldbaggagenetwork.com\\\/de\\\/#organization\"},\"potentialAction\":[{\"@type\":\"SearchAction\",\"target\":{\"@type\":\"EntryPoint\",\"urlTemplate\":\"https:\\\/\\\/worldbaggagenetwork.com\\\/de\\\/?s={search_term_string}\"},\"query-input\":{\"@type\":\"PropertyValueSpecification\",\"valueRequired\":true,\"valueName\":\"search_term_string\"}}],\"inLanguage\":\"de\"},{\"@type\":\"Organization\",\"@id\":\"https:\\\/\\\/worldbaggagenetwork.com\\\/de\\\/#organization\",\"name\":\"World Baggage Network\",\"url\":\"https:\\\/\\\/worldbaggagenetwork.com\\\/de\\\/\",\"logo\":{\"@type\":\"ImageObject\",\"inLanguage\":\"de\",\"@id\":\"https:\\\/\\\/worldbaggagenetwork.com\\\/de\\\/#\\\/schema\\\/logo\\\/image\\\/\",\"url\":\"http:\\\/\\\/worldbaggagenetwork.com\\\/wp-content\\\/uploads\\\/2021\\\/01\\\/WBN_Logo.png\",\"contentUrl\":\"http:\\\/\\\/worldbaggagenetwork.com\\\/wp-content\\\/uploads\\\/2021\\\/01\\\/WBN_Logo.png\",\"width\":170,\"height\":80,\"caption\":\"World Baggage Network\"},\"image\":{\"@id\":\"https:\\\/\\\/worldbaggagenetwork.com\\\/de\\\/#\\\/schema\\\/logo\\\/image\\\/\"},\"sameAs\":[\"https:\\\/\\\/www.facebook.com\\\/WorldBaggageNetwork\\\/\",\"https:\\\/\\\/x.com\\\/worldbagnet\",\"https:\\\/\\\/www.instagram.com\\\/worldbaggagenetwork\\\/\",\"https:\\\/\\\/www.linkedin.com\\\/company\\\/world-baggage-network-international\\\/\"]}]}<\/script>\n<!-- \/ Yoast SEO plugin. -->","yoast_head_json":{"title":"Datenschutzrichtlinie - World Baggage Network","robots":{"index":"index","follow":"follow","max-snippet":"max-snippet:-1","max-image-preview":"max-image-preview:large","max-video-preview":"max-video-preview:-1"},"canonical":"https:\/\/worldbaggagenetwork.com\/de\/datenschutzrichtlinie\/","og_locale":"de_DE","og_type":"article","og_title":"Datenschutzrichtlinie - World Baggage Network","og_description":"Wer wir sind Die folgenden Datenschutzbestimmungen gelten f\u00fcr die von World Baggage Network International Ltd (World Baggage Network oder WBN) unter www.worldbaggagenetwork.com angebotenen Website-Dienste. Welche pers\u00f6nlichen Daten wir sammeln und warum wir sie sammeln Kommentare Wenn Besucher Kommentare auf der Website hinterlassen, sammeln wir die Daten, die im Kommentarformular angezeigt werden, sowie die IP-Adresse des [&hellip;]","og_url":"https:\/\/worldbaggagenetwork.com\/de\/datenschutzrichtlinie\/","og_site_name":"World Baggage Network","article_publisher":"https:\/\/www.facebook.com\/WorldBaggageNetwork\/","article_modified_time":"2021-07-13T07:34:50+00:00","twitter_card":"summary_large_image","twitter_site":"@worldbagnet","twitter_misc":{"Gesch\u00e4tzte Lesezeit":"5\u00a0Minuten"},"schema":{"@context":"https:\/\/schema.org","@graph":[{"@type":"WebPage","@id":"https:\/\/worldbaggagenetwork.com\/de\/datenschutzrichtlinie\/","url":"https:\/\/worldbaggagenetwork.com\/de\/datenschutzrichtlinie\/","name":"Datenschutzrichtlinie - World Baggage Network","isPartOf":{"@id":"https:\/\/worldbaggagenetwork.com\/de\/#website"},"datePublished":"2021-07-13T07:34:48+00:00","dateModified":"2021-07-13T07:34:50+00:00","breadcrumb":{"@id":"https:\/\/worldbaggagenetwork.com\/de\/datenschutzrichtlinie\/#breadcrumb"},"inLanguage":"de","potentialAction":[{"@type":"ReadAction","target":["https:\/\/worldbaggagenetwork.com\/de\/datenschutzrichtlinie\/"]}]},{"@type":"BreadcrumbList","@id":"https:\/\/worldbaggagenetwork.com\/de\/datenschutzrichtlinie\/#breadcrumb","itemListElement":[{"@type":"ListItem","position":1,"name":"Home","item":"https:\/\/worldbaggagenetwork.com\/de\/willkommen\/"},{"@type":"ListItem","position":2,"name":"Datenschutzrichtlinie"}]},{"@type":"WebSite","@id":"https:\/\/worldbaggagenetwork.com\/de\/#website","url":"https:\/\/worldbaggagenetwork.com\/de\/","name":"World Baggage Network","description":"Excess Luggage \/ Personal Effects Shipping","publisher":{"@id":"https:\/\/worldbaggagenetwork.com\/de\/#organization"},"potentialAction":[{"@type":"SearchAction","target":{"@type":"EntryPoint","urlTemplate":"https:\/\/worldbaggagenetwork.com\/de\/?s={search_term_string}"},"query-input":{"@type":"PropertyValueSpecification","valueRequired":true,"valueName":"search_term_string"}}],"inLanguage":"de"},{"@type":"Organization","@id":"https:\/\/worldbaggagenetwork.com\/de\/#organization","name":"World Baggage Network","url":"https:\/\/worldbaggagenetwork.com\/de\/","logo":{"@type":"ImageObject","inLanguage":"de","@id":"https:\/\/worldbaggagenetwork.com\/de\/#\/schema\/logo\/image\/","url":"http:\/\/worldbaggagenetwork.com\/wp-content\/uploads\/2021\/01\/WBN_Logo.png","contentUrl":"http:\/\/worldbaggagenetwork.com\/wp-content\/uploads\/2021\/01\/WBN_Logo.png","width":170,"height":80,"caption":"World Baggage Network"},"image":{"@id":"https:\/\/worldbaggagenetwork.com\/de\/#\/schema\/logo\/image\/"},"sameAs":["https:\/\/www.facebook.com\/WorldBaggageNetwork\/","https:\/\/x.com\/worldbagnet","https:\/\/www.instagram.com\/worldbaggagenetwork\/","https:\/\/www.linkedin.com\/company\/world-baggage-network-international\/"]}]}},"_links":{"self":[{"href":"https:\/\/worldbaggagenetwork.com\/de\/wp-json\/wp\/v2\/pages\/7377","targetHints":{"allow":["GET"]}}],"collection":[{"href":"https:\/\/worldbaggagenetwork.com\/de\/wp-json\/wp\/v2\/pages"}],"about":[{"href":"https:\/\/worldbaggagenetwork.com\/de\/wp-json\/wp\/v2\/types\/page"}],"author":[{"embeddable":true,"href":"https:\/\/worldbaggagenetwork.com\/de\/wp-json\/wp\/v2\/users\/1"}],"replies":[{"embeddable":true,"href":"https:\/\/worldbaggagenetwork.com\/de\/wp-json\/wp\/v2\/comments?post=7377"}],"version-history":[{"count":1,"href":"https:\/\/worldbaggagenetwork.com\/de\/wp-json\/wp\/v2\/pages\/7377\/revisions"}],"predecessor-version":[{"id":7379,"href":"https:\/\/worldbaggagenetwork.com\/de\/wp-json\/wp\/v2\/pages\/7377\/revisions\/7379"}],"wp:attachment":[{"href":"https:\/\/worldbaggagenetwork.com\/de\/wp-json\/wp\/v2\/media?parent=7377"}],"curies":[{"name":"wp","href":"https:\/\/api.w.org\/{rel}","templated":true}]}}