{"id":7376,"date":"2021-07-13T11:34:48","date_gmt":"2021-07-13T07:34:48","guid":{"rendered":"http:\/\/worldbaggagenetwork.com\/richtlinien\/"},"modified":"2021-07-13T11:34:52","modified_gmt":"2021-07-13T07:34:52","slug":"richtlinien","status":"publish","type":"page","link":"https:\/\/worldbaggagenetwork.com\/de\/richtlinien\/","title":{"rendered":"Richtlinien"},"content":{"rendered":"<div id='av_section_1'  class='avia-section av-kks0jpxj-068724a19e12bbcd20766604e0a64f64 footer_color avia-section-no-padding avia-no-border-styling  avia-builder-el-0  el_before_av_masonry_entries  avia-builder-el-first  avia-bg-style-scroll container_wrap sidebar_right'  ><div class='container av-section-cont-open' ><main  role=\"main\" itemprop=\"mainContentOfPage\"  class='template-page content  av-content-small alpha units'><div class='post-entry post-entry-type-page post-entry-7376'><div class='entry-content-wrapper clearfix'>\n\n<style type=\"text\/css\" data-created_by=\"avia_inline_auto\" id=\"style-css-av-kkzeicm7-a89bea586057e0f9c9b8aecfe5c7d403\">\n#top .flex_column.av-kkzeicm7-a89bea586057e0f9c9b8aecfe5c7d403{\nmargin-top:30px;\nmargin-bottom:30px;\n}\n.flex_column.av-kkzeicm7-a89bea586057e0f9c9b8aecfe5c7d403{\nborder-radius:0px 0px 0px 0px;\npadding:0px 0px 0px 0px;\n}\n.responsive #top #wrap_all .flex_column.av-kkzeicm7-a89bea586057e0f9c9b8aecfe5c7d403{\nmargin-top:30px;\nmargin-bottom:30px;\n}\n<\/style>\n<div  class='flex_column av-kkzeicm7-a89bea586057e0f9c9b8aecfe5c7d403 av_one_full  avia-builder-el-1  avia-builder-el-no-sibling  first flex_column_div av-zero-column-padding  '     ><style type=\"text\/css\" data-created_by=\"avia_inline_auto\" id=\"style-css-av-10v8p-f2275d9b16c83e1129089b41ab9ddf0b\">\n#top .av-special-heading.av-10v8p-f2275d9b16c83e1129089b41ab9ddf0b{\npadding-bottom:10px;\n}\nbody .av-special-heading.av-10v8p-f2275d9b16c83e1129089b41ab9ddf0b .av-special-heading-tag .heading-char{\nfont-size:25px;\n}\n.av-special-heading.av-10v8p-f2275d9b16c83e1129089b41ab9ddf0b .av-subheading{\nfont-size:15px;\n}\n<\/style>\n<div  class='av-special-heading av-10v8p-f2275d9b16c83e1129089b41ab9ddf0b av-special-heading-h1 blockquote modern-quote modern-centered  avia-builder-el-2  avia-builder-el-no-sibling '><h1 class='av-special-heading-tag '  itemprop=\"headline\"  >Zollbestimmungen und erforderliche Dokumente<\/h1><div class='av-subheading av-subheading_below'><p>Einfuhrbestimmungen f\u00fcr pers\u00f6nliche Gegenst\u00e4nde<\/p>\n<\/div><div class=\"special-heading-border\"><div class=\"special-heading-inner-border\"><\/div><\/div><\/div><\/div>\n\n<div id='av-masonry-1' class='av-masonry av-koxxp5x5-ebba8400f8a92113966b80d504af5f11 noHover av-fixed-size av-large-gap av-hover-overlay-active av-masonry-animation-active av-masonry-col-6 av-caption-always av-caption-style-overlay av-masonry-entries ' data-post_id=\"7376\"><div class='av-masonry-sort main_color av-sort-yes' data-masonry-id='1' ><div class='av-sort-by-term  ' data-av-allowed-sort='[\"de-b_sort\",\"de-g_sort\",\"de-i_sort\",\"de-o_sort\",\"de-u_sort\",\"de-v_sort\"]' ><a href=\"#\" data-filter=\"all_sort\" class=\"all_sort_button active_sort\"><span class=\"inner_sort_button\"><span>Alle<\/span><small class=\"avia-term-count\"> 6 <\/small><\/span><\/a><span class='text-sep de-b_sort_sep avia_show_sort'>\/<\/span><a href=\"#\" data-filter=\"de-b_sort\" class=\"de-b_sort_button avia_show_sort\" ><span class=\"inner_sort_button\"><span>B<\/span><small class='avia-term-count'> 1 <\/small><\/span><\/a><span class='text-sep de-g_sort_sep avia_show_sort'>\/<\/span><a href=\"#\" data-filter=\"de-g_sort\" class=\"de-g_sort_button avia_show_sort\" ><span class=\"inner_sort_button\"><span>G<\/span><small class='avia-term-count'> 1 <\/small><\/span><\/a><span class='text-sep de-i_sort_sep avia_show_sort'>\/<\/span><a href=\"#\" data-filter=\"de-i_sort\" class=\"de-i_sort_button avia_show_sort\" ><span class=\"inner_sort_button\"><span>I<\/span><small class='avia-term-count'> 1 <\/small><\/span><\/a><span class='text-sep de-o_sort_sep avia_show_sort'>\/<\/span><a href=\"#\" data-filter=\"de-o_sort\" class=\"de-o_sort_button avia_show_sort\" ><span class=\"inner_sort_button\"><span>O<\/span><small class='avia-term-count'> 1 <\/small><\/span><\/a><span class='text-sep de-u_sort_sep avia_show_sort'>\/<\/span><a href=\"#\" data-filter=\"de-u_sort\" class=\"de-u_sort_button avia_show_sort\" ><span class=\"inner_sort_button\"><span>U<\/span><small class='avia-term-count'> 1 <\/small><\/span><\/a><span class='text-sep de-v_sort_sep avia_show_sort'>\/<\/span><a href=\"#\" data-filter=\"de-v_sort\" class=\"de-v_sort_button avia_show_sort\" ><span class=\"inner_sort_button\"><span>V<\/span><small class='avia-term-count'> 2 <\/small><\/span><\/a><span class='text-sep zollbestimmungen-und-erforderliche-dokumente_sort_sep avia_hide_sort'>\/<\/span><a href=\"#\" data-filter=\"zollbestimmungen-und-erforderliche-dokumente_sort\" class=\"zollbestimmungen-und-erforderliche-dokumente_sort_button avia_hide_sort\" ><span class=\"inner_sort_button\"><span>Zollbestimmungen und erforderliche Dokumente<\/span><small class='avia-term-count'> 0 <\/small><\/span><\/a><\/div><\/div><div class=\"av-masonry-container isotope av-js-disabled\"><div class='av-masonry-entry isotope-item av-masonry-item-no-image all_sort de-b_sort  zollbestimmungen-und-erforderliche-dokumente_sort  de-g_sort  de-i_sort  de-o_sort  de-u_sort  de-v_sort '><\/div><a href=\"https:\/\/worldbaggagenetwork.com\/de\/guidelines\/belgien\/\"  id='av-masonry-1-item-7594' data-av-masonry-item='7594' class='av-masonry-entry isotope-item post-7594 portfolio type-portfolio status-publish has-post-thumbnail hentry portfolio_entries-de-b portfolio_entries-zollbestimmungen-und-erforderliche-dokumente all_sort de-b_sort  zollbestimmungen-und-erforderliche-dokumente_sort  av-masonry-item-with-image av-grid-img' title=\"Belgium\"   itemscope=\"itemscope\" itemtype=\"https:\/\/schema.org\/CreativeWork\" ><div class='av-inner-masonry-sizer'><\/div><figure class='av-inner-masonry main_color'><div class=\"av-masonry-outerimage-container\"><div class='av-masonry-image-container' style=\"background-image: url(https:\/\/worldbaggagenetwork.com\/wp-content\/uploads\/2021\/03\/flag97.png);\"  title=\"Belgium\" ><\/div><\/div><figcaption class='av-inner-masonry-content site-background'><div class='av-inner-masonry-content-pos'><div class='av-inner-masonry-content-pos-content'><div class='avia-arrow'><\/div><h3 class='av-masonry-entry-title entry-title '  itemprop=\"headline\" >Belgien<\/h3><\/div><\/div><\/figcaption><\/figure><\/a><!--end av-masonry entry--><a href=\"https:\/\/worldbaggagenetwork.com\/de\/guidelines\/deutschland\/\"  id='av-masonry-1-item-7608' data-av-masonry-item='7608' class='av-masonry-entry isotope-item post-7608 portfolio type-portfolio status-publish has-post-thumbnail hentry portfolio_entries-de-g portfolio_entries-zollbestimmungen-und-erforderliche-dokumente all_sort de-g_sort  zollbestimmungen-und-erforderliche-dokumente_sort  av-masonry-item-with-image av-grid-img' title=\"Germany\"   itemscope=\"itemscope\" itemtype=\"https:\/\/schema.org\/CreativeWork\" ><div class='av-inner-masonry-sizer'><\/div><figure class='av-inner-masonry main_color'><div class=\"av-masonry-outerimage-container\"><div class='av-masonry-image-container' style=\"background-image: url(https:\/\/worldbaggagenetwork.com\/wp-content\/uploads\/2021\/04\/flag73.png);\"  title=\"Germany\" ><\/div><\/div><figcaption class='av-inner-masonry-content site-background'><div class='av-inner-masonry-content-pos'><div class='av-inner-masonry-content-pos-content'><div class='avia-arrow'><\/div><h3 class='av-masonry-entry-title entry-title '  itemprop=\"headline\" >Deutschland<\/h3><\/div><\/div><\/figcaption><\/figure><\/a><!--end av-masonry entry--><a href=\"https:\/\/worldbaggagenetwork.com\/de\/guidelines\/italien\/\"  id='av-masonry-1-item-7584' data-av-masonry-item='7584' class='av-masonry-entry isotope-item post-7584 portfolio type-portfolio status-publish has-post-thumbnail hentry portfolio_entries-de-i portfolio_entries-zollbestimmungen-und-erforderliche-dokumente all_sort de-i_sort  zollbestimmungen-und-erforderliche-dokumente_sort  av-masonry-item-with-image av-grid-img' title=\"Italy\"   itemscope=\"itemscope\" itemtype=\"https:\/\/schema.org\/CreativeWork\" ><div class='av-inner-masonry-sizer'><\/div><figure class='av-inner-masonry main_color'><div class=\"av-masonry-outerimage-container\"><div class='av-masonry-image-container' style=\"background-image: url(https:\/\/worldbaggagenetwork.com\/wp-content\/uploads\/2021\/04\/flag82.png);\"  title=\"Italy\" ><\/div><\/div><figcaption class='av-inner-masonry-content site-background'><div class='av-inner-masonry-content-pos'><div class='av-inner-masonry-content-pos-content'><div class='avia-arrow'><\/div><h3 class='av-masonry-entry-title entry-title '  itemprop=\"headline\" >Italien<\/h3><\/div><\/div><\/figcaption><\/figure><\/a><!--end av-masonry entry--><a href=\"https:\/\/worldbaggagenetwork.com\/de\/guidelines\/osterreich\/\"  id='av-masonry-1-item-7589' data-av-masonry-item='7589' class='av-masonry-entry isotope-item post-7589 portfolio type-portfolio status-publish has-post-thumbnail hentry portfolio_entries-de-o portfolio_entries-zollbestimmungen-und-erforderliche-dokumente all_sort de-o_sort  zollbestimmungen-und-erforderliche-dokumente_sort  av-masonry-item-with-image av-grid-img' title=\"Austria\"   itemscope=\"itemscope\" itemtype=\"https:\/\/schema.org\/CreativeWork\" ><div class='av-inner-masonry-sizer'><\/div><figure class='av-inner-masonry main_color'><div class=\"av-masonry-outerimage-container\"><div class='av-masonry-image-container' style=\"background-image: url(https:\/\/worldbaggagenetwork.com\/wp-content\/uploads\/2021\/03\/flag86.png);\"  title=\"Austria\" ><\/div><\/div><figcaption class='av-inner-masonry-content site-background'><div class='av-inner-masonry-content-pos'><div class='av-inner-masonry-content-pos-content'><div class='avia-arrow'><\/div><h3 class='av-masonry-entry-title entry-title '  itemprop=\"headline\" >\u00d6sterreich<\/h3><\/div><\/div><\/figcaption><\/figure><\/a><!--end av-masonry entry--><a href=\"https:\/\/worldbaggagenetwork.com\/de\/guidelines\/vereinigte-staaten-von-amerika\/\"  id='av-masonry-1-item-7603' data-av-masonry-item='7603' class='av-masonry-entry isotope-item post-7603 portfolio type-portfolio status-publish has-post-thumbnail hentry portfolio_entries-de-u portfolio_entries-de-v portfolio_entries-zollbestimmungen-und-erforderliche-dokumente all_sort de-u_sort  de-v_sort  zollbestimmungen-und-erforderliche-dokumente_sort  av-masonry-item-with-image av-grid-img' title=\"United States of America\"   itemscope=\"itemscope\" itemtype=\"https:\/\/schema.org\/CreativeWork\" ><div class='av-inner-masonry-sizer'><\/div><figure class='av-inner-masonry main_color'><div class=\"av-masonry-outerimage-container\"><div class='av-masonry-image-container' style=\"background-image: url(https:\/\/worldbaggagenetwork.com\/wp-content\/uploads\/2021\/05\/flag22.png);\"  title=\"United States of America\" ><\/div><\/div><figcaption class='av-inner-masonry-content site-background'><div class='av-inner-masonry-content-pos'><div class='av-inner-masonry-content-pos-content'><div class='avia-arrow'><\/div><h3 class='av-masonry-entry-title entry-title '  itemprop=\"headline\" >Vereinigte Staaten von Amerika<\/h3><\/div><\/div><\/figcaption><\/figure><\/a><!--end av-masonry entry--><a href=\"https:\/\/worldbaggagenetwork.com\/de\/guidelines\/vereinigtes-konigreich\/\"  id='av-masonry-1-item-7598' data-av-masonry-item='7598' class='av-masonry-entry isotope-item post-7598 portfolio type-portfolio status-publish has-post-thumbnail hentry portfolio_entries-de-v portfolio_entries-zollbestimmungen-und-erforderliche-dokumente all_sort de-v_sort  zollbestimmungen-und-erforderliche-dokumente_sort  av-masonry-item-with-image av-grid-img' title=\"United Kingdom\"   itemscope=\"itemscope\" itemtype=\"https:\/\/schema.org\/CreativeWork\" ><div class='av-inner-masonry-sizer'><\/div><figure class='av-inner-masonry main_color'><div class=\"av-masonry-outerimage-container\"><div class='av-masonry-image-container' style=\"background-image: url(https:\/\/worldbaggagenetwork.com\/wp-content\/uploads\/2021\/04\/flag45.png);\"  title=\"United Kingdom\" ><\/div><\/div><figcaption class='av-inner-masonry-content site-background'><div class='av-inner-masonry-content-pos'><div class='av-inner-masonry-content-pos-content'><div class='avia-arrow'><\/div><h3 class='av-masonry-entry-title entry-title '  itemprop=\"headline\" >Vereinigtes K\u00f6nigreich<\/h3><\/div><\/div><\/figcaption><\/figure><\/a><!--end av-masonry entry--><\/div><\/div>\n","protected":false},"excerpt":{"rendered":"","protected":false},"author":2,"featured_media":0,"parent":0,"menu_order":0,"comment_status":"closed","ping_status":"closed","template":"","meta":{"footnotes":""},"class_list":["post-7376","page","type-page","status-publish","hentry"],"yoast_head":"<!-- This site is optimized with the Yoast SEO plugin v27.4 - https:\/\/yoast.com\/product\/yoast-seo-wordpress\/ -->\n<title>Richtlinien - World Baggage Network<\/title>\n<meta name=\"description\" content=\"Weltweiter Reisef\u00fchrer: Hier finden Sie alle Einfuhrbestimmungen f\u00fcr Zoll und pers\u00f6nliche Gegenst\u00e4nde, erforderliche Dokumente und Informationen f\u00fcr Ihre Reisen.\" \/>\n<meta name=\"robots\" content=\"index, follow, max-snippet:-1, max-image-preview:large, max-video-preview:-1\" \/>\n<link rel=\"canonical\" href=\"https:\/\/worldbaggagenetwork.com\/de\/richtlinien\/\" \/>\n<meta property=\"og:locale\" content=\"de_DE\" \/>\n<meta property=\"og:type\" content=\"article\" \/>\n<meta property=\"og:title\" content=\"Richtlinien - World Baggage Network\" \/>\n<meta property=\"og:description\" content=\"Weltweiter Reisef\u00fchrer: Hier finden Sie alle Einfuhrbestimmungen f\u00fcr Zoll und pers\u00f6nliche Gegenst\u00e4nde, erforderliche Dokumente und Informationen f\u00fcr Ihre Reisen.\" \/>\n<meta property=\"og:url\" content=\"https:\/\/worldbaggagenetwork.com\/de\/richtlinien\/\" \/>\n<meta property=\"og:site_name\" content=\"World Baggage Network\" \/>\n<meta property=\"article:publisher\" content=\"https:\/\/www.facebook.com\/WorldBaggageNetwork\/\" \/>\n<meta property=\"article:modified_time\" content=\"2021-07-13T07:34:52+00:00\" \/>\n<meta name=\"twitter:card\" content=\"summary_large_image\" \/>\n<meta name=\"twitter:site\" content=\"@worldbagnet\" \/>\n<meta name=\"twitter:label1\" content=\"Gesch\u00e4tzte Lesezeit\" \/>\n\t<meta name=\"twitter:data1\" content=\"2\u00a0Minuten\" \/>\n<script type=\"application\/ld+json\" class=\"yoast-schema-graph\">{\"@context\":\"https:\\\/\\\/schema.org\",\"@graph\":[{\"@type\":\"WebPage\",\"@id\":\"https:\\\/\\\/worldbaggagenetwork.com\\\/de\\\/richtlinien\\\/\",\"url\":\"https:\\\/\\\/worldbaggagenetwork.com\\\/de\\\/richtlinien\\\/\",\"name\":\"Richtlinien - World Baggage Network\",\"isPartOf\":{\"@id\":\"https:\\\/\\\/worldbaggagenetwork.com\\\/de\\\/#website\"},\"datePublished\":\"2021-07-13T07:34:48+00:00\",\"dateModified\":\"2021-07-13T07:34:52+00:00\",\"description\":\"Weltweiter Reisef\u00fchrer: Hier finden Sie alle Einfuhrbestimmungen f\u00fcr Zoll und pers\u00f6nliche Gegenst\u00e4nde, erforderliche Dokumente und Informationen f\u00fcr Ihre Reisen.\",\"breadcrumb\":{\"@id\":\"https:\\\/\\\/worldbaggagenetwork.com\\\/de\\\/richtlinien\\\/#breadcrumb\"},\"inLanguage\":\"de\",\"potentialAction\":[{\"@type\":\"ReadAction\",\"target\":[\"https:\\\/\\\/worldbaggagenetwork.com\\\/de\\\/richtlinien\\\/\"]}]},{\"@type\":\"BreadcrumbList\",\"@id\":\"https:\\\/\\\/worldbaggagenetwork.com\\\/de\\\/richtlinien\\\/#breadcrumb\",\"itemListElement\":[{\"@type\":\"ListItem\",\"position\":1,\"name\":\"Home\",\"item\":\"https:\\\/\\\/worldbaggagenetwork.com\\\/de\\\/willkommen\\\/\"},{\"@type\":\"ListItem\",\"position\":2,\"name\":\"Richtlinien\"}]},{\"@type\":\"WebSite\",\"@id\":\"https:\\\/\\\/worldbaggagenetwork.com\\\/de\\\/#website\",\"url\":\"https:\\\/\\\/worldbaggagenetwork.com\\\/de\\\/\",\"name\":\"World Baggage Network\",\"description\":\"Excess Luggage \\\/ Personal Effects Shipping\",\"publisher\":{\"@id\":\"https:\\\/\\\/worldbaggagenetwork.com\\\/de\\\/#organization\"},\"potentialAction\":[{\"@type\":\"SearchAction\",\"target\":{\"@type\":\"EntryPoint\",\"urlTemplate\":\"https:\\\/\\\/worldbaggagenetwork.com\\\/de\\\/?s={search_term_string}\"},\"query-input\":{\"@type\":\"PropertyValueSpecification\",\"valueRequired\":true,\"valueName\":\"search_term_string\"}}],\"inLanguage\":\"de\"},{\"@type\":\"Organization\",\"@id\":\"https:\\\/\\\/worldbaggagenetwork.com\\\/de\\\/#organization\",\"name\":\"World Baggage Network\",\"url\":\"https:\\\/\\\/worldbaggagenetwork.com\\\/de\\\/\",\"logo\":{\"@type\":\"ImageObject\",\"inLanguage\":\"de\",\"@id\":\"https:\\\/\\\/worldbaggagenetwork.com\\\/de\\\/#\\\/schema\\\/logo\\\/image\\\/\",\"url\":\"http:\\\/\\\/worldbaggagenetwork.com\\\/wp-content\\\/uploads\\\/2021\\\/01\\\/WBN_Logo.png\",\"contentUrl\":\"http:\\\/\\\/worldbaggagenetwork.com\\\/wp-content\\\/uploads\\\/2021\\\/01\\\/WBN_Logo.png\",\"width\":170,\"height\":80,\"caption\":\"World Baggage Network\"},\"image\":{\"@id\":\"https:\\\/\\\/worldbaggagenetwork.com\\\/de\\\/#\\\/schema\\\/logo\\\/image\\\/\"},\"sameAs\":[\"https:\\\/\\\/www.facebook.com\\\/WorldBaggageNetwork\\\/\",\"https:\\\/\\\/x.com\\\/worldbagnet\",\"https:\\\/\\\/www.instagram.com\\\/worldbaggagenetwork\\\/\",\"https:\\\/\\\/www.linkedin.com\\\/company\\\/world-baggage-network-international\\\/\"]}]}<\/script>\n<!-- \/ Yoast SEO plugin. -->","yoast_head_json":{"title":"Richtlinien - World Baggage Network","description":"Weltweiter Reisef\u00fchrer: Hier finden Sie alle Einfuhrbestimmungen f\u00fcr Zoll und pers\u00f6nliche Gegenst\u00e4nde, erforderliche Dokumente und Informationen f\u00fcr Ihre Reisen.","robots":{"index":"index","follow":"follow","max-snippet":"max-snippet:-1","max-image-preview":"max-image-preview:large","max-video-preview":"max-video-preview:-1"},"canonical":"https:\/\/worldbaggagenetwork.com\/de\/richtlinien\/","og_locale":"de_DE","og_type":"article","og_title":"Richtlinien - World Baggage Network","og_description":"Weltweiter Reisef\u00fchrer: Hier finden Sie alle Einfuhrbestimmungen f\u00fcr Zoll und pers\u00f6nliche Gegenst\u00e4nde, erforderliche Dokumente und Informationen f\u00fcr Ihre Reisen.","og_url":"https:\/\/worldbaggagenetwork.com\/de\/richtlinien\/","og_site_name":"World Baggage Network","article_publisher":"https:\/\/www.facebook.com\/WorldBaggageNetwork\/","article_modified_time":"2021-07-13T07:34:52+00:00","twitter_card":"summary_large_image","twitter_site":"@worldbagnet","twitter_misc":{"Gesch\u00e4tzte Lesezeit":"2\u00a0Minuten"},"schema":{"@context":"https:\/\/schema.org","@graph":[{"@type":"WebPage","@id":"https:\/\/worldbaggagenetwork.com\/de\/richtlinien\/","url":"https:\/\/worldbaggagenetwork.com\/de\/richtlinien\/","name":"Richtlinien - World Baggage Network","isPartOf":{"@id":"https:\/\/worldbaggagenetwork.com\/de\/#website"},"datePublished":"2021-07-13T07:34:48+00:00","dateModified":"2021-07-13T07:34:52+00:00","description":"Weltweiter Reisef\u00fchrer: Hier finden Sie alle Einfuhrbestimmungen f\u00fcr Zoll und pers\u00f6nliche Gegenst\u00e4nde, erforderliche Dokumente und Informationen f\u00fcr Ihre Reisen.","breadcrumb":{"@id":"https:\/\/worldbaggagenetwork.com\/de\/richtlinien\/#breadcrumb"},"inLanguage":"de","potentialAction":[{"@type":"ReadAction","target":["https:\/\/worldbaggagenetwork.com\/de\/richtlinien\/"]}]},{"@type":"BreadcrumbList","@id":"https:\/\/worldbaggagenetwork.com\/de\/richtlinien\/#breadcrumb","itemListElement":[{"@type":"ListItem","position":1,"name":"Home","item":"https:\/\/worldbaggagenetwork.com\/de\/willkommen\/"},{"@type":"ListItem","position":2,"name":"Richtlinien"}]},{"@type":"WebSite","@id":"https:\/\/worldbaggagenetwork.com\/de\/#website","url":"https:\/\/worldbaggagenetwork.com\/de\/","name":"World Baggage Network","description":"Excess Luggage \/ Personal Effects Shipping","publisher":{"@id":"https:\/\/worldbaggagenetwork.com\/de\/#organization"},"potentialAction":[{"@type":"SearchAction","target":{"@type":"EntryPoint","urlTemplate":"https:\/\/worldbaggagenetwork.com\/de\/?s={search_term_string}"},"query-input":{"@type":"PropertyValueSpecification","valueRequired":true,"valueName":"search_term_string"}}],"inLanguage":"de"},{"@type":"Organization","@id":"https:\/\/worldbaggagenetwork.com\/de\/#organization","name":"World Baggage Network","url":"https:\/\/worldbaggagenetwork.com\/de\/","logo":{"@type":"ImageObject","inLanguage":"de","@id":"https:\/\/worldbaggagenetwork.com\/de\/#\/schema\/logo\/image\/","url":"http:\/\/worldbaggagenetwork.com\/wp-content\/uploads\/2021\/01\/WBN_Logo.png","contentUrl":"http:\/\/worldbaggagenetwork.com\/wp-content\/uploads\/2021\/01\/WBN_Logo.png","width":170,"height":80,"caption":"World Baggage Network"},"image":{"@id":"https:\/\/worldbaggagenetwork.com\/de\/#\/schema\/logo\/image\/"},"sameAs":["https:\/\/www.facebook.com\/WorldBaggageNetwork\/","https:\/\/x.com\/worldbagnet","https:\/\/www.instagram.com\/worldbaggagenetwork\/","https:\/\/www.linkedin.com\/company\/world-baggage-network-international\/"]}]}},"_links":{"self":[{"href":"https:\/\/worldbaggagenetwork.com\/de\/wp-json\/wp\/v2\/pages\/7376","targetHints":{"allow":["GET"]}}],"collection":[{"href":"https:\/\/worldbaggagenetwork.com\/de\/wp-json\/wp\/v2\/pages"}],"about":[{"href":"https:\/\/worldbaggagenetwork.com\/de\/wp-json\/wp\/v2\/types\/page"}],"author":[{"embeddable":true,"href":"https:\/\/worldbaggagenetwork.com\/de\/wp-json\/wp\/v2\/users\/2"}],"replies":[{"embeddable":true,"href":"https:\/\/worldbaggagenetwork.com\/de\/wp-json\/wp\/v2\/comments?post=7376"}],"version-history":[{"count":2,"href":"https:\/\/worldbaggagenetwork.com\/de\/wp-json\/wp\/v2\/pages\/7376\/revisions"}],"predecessor-version":[{"id":7380,"href":"https:\/\/worldbaggagenetwork.com\/de\/wp-json\/wp\/v2\/pages\/7376\/revisions\/7380"}],"wp:attachment":[{"href":"https:\/\/worldbaggagenetwork.com\/de\/wp-json\/wp\/v2\/media?parent=7376"}],"curies":[{"name":"wp","href":"https:\/\/api.w.org\/{rel}","templated":true}]}}